{"id":20233,"date":"2023-12-16T19:30:01","date_gmt":"2023-12-16T18:30:01","guid":{"rendered":"https:\/\/cottage.napokusy.cz\/?page_id=20233"},"modified":"2025-01-05T16:18:52","modified_gmt":"2025-01-05T15:18:52","slug":"vergessene-dinge","status":"publish","type":"page","link":"https:\/\/cottage.cz\/de\/vergessene-dinge\/","title":{"rendered":"Vergessene Dinge"},"content":{"rendered":"\n<p>Liebe G\u00e4ste, Bitte folgen Sie den Anweisungen, So bringen Sie Ihre vergessenen Dinge so schnell wie m\u00f6glich zur\u00fcck nach Bohemian Cottage.<\/p>\n\n\n\n<ol class=\"wp-block-list\">\n<li>Bitte senden Sie uns eine E-Mail an info@cottage.cz, um welchen vergessenen Gegenstand es sich handelt<\/li>\n\n\n\n<li>Wir finden das Ding schnell und geben Ihnen umgehend Bescheid,&nbsp;dass wir den Artikel versandkostenfrei verpackt und vorbereitet haben<\/li>\n\n\n\n<li>Bestellen Sie den Transport und bezahlen Sie ihn direkt beim Transporteur.<br>beispielsweise PPL, DHL, &#8230;\u00a0<a href=\"https:\/\/www.ppl.cz\" target=\"_blank\" rel=\"noopener\" title=\"\">https:\/\/www.ppl.cz<\/a><\/li>\n\n\n\n<li>F\u00fcllen Sie das Formular beim Spediteur aus<br>Unsere Abholadresse:<br>Bohemian Cottage<br>Kamenna Horka 110<br>Krasna Lipa 407 46<br>phone.: +420 736 224 222<br>Email: info@cottage.cz<\/li>\n\n\n\n<li>Senden Sie uns ein E-Mail-Etikett mit Ihrer Adresse,&nbsp;welches Ihnen der Spediteur zusenden wird. UND ES IST FERTIG.<\/li>\n<\/ol>\n\n\n\n<p>Bemerkung:&nbsp;Es kann auch ein anderer Speditionsdienst genutzt werden,&nbsp;Wer wird das Paket bei uns abholen?.<\/p>\n","protected":false},"excerpt":{"rendered":"<p>Liebe G\u00e4ste, Bitte folgen Sie den Anweisungen, So bringen Sie Ihre vergessenen Dinge so schnell wie m\u00f6glich zur\u00fcck nach Bohemian Cottage. Bemerkung:&nbsp;Es kann auch ein anderer Speditionsdienst genutzt werden,&nbsp;Wer wird das Paket bei uns abholen?.<\/p>\n","protected":false},"author":4,"featured_media":0,"parent":0,"menu_order":0,"comment_status":"closed","ping_status":"closed","template":"","meta":{"_monsterinsights_skip_tracking":false,"_monsterinsights_sitenote_active":false,"_monsterinsights_sitenote_note":"","_monsterinsights_sitenote_category":0,"ngg_post_thumbnail":0,"footnotes":""},"class_list":["post-20233","page","type-page","status-publish","hentry"],"aioseo_notices":[],"_links":{"self":[{"href":"https:\/\/cottage.cz\/de\/wp-json\/wp\/v2\/pages\/20233","targetHints":{"allow":["GET"]}}],"collection":[{"href":"https:\/\/cottage.cz\/de\/wp-json\/wp\/v2\/pages"}],"about":[{"href":"https:\/\/cottage.cz\/de\/wp-json\/wp\/v2\/types\/page"}],"author":[{"embeddable":true,"href":"https:\/\/cottage.cz\/de\/wp-json\/wp\/v2\/users\/4"}],"replies":[{"embeddable":true,"href":"https:\/\/cottage.cz\/de\/wp-json\/wp\/v2\/comments?post=20233"}],"version-history":[{"count":3,"href":"https:\/\/cottage.cz\/de\/wp-json\/wp\/v2\/pages\/20233\/revisions"}],"predecessor-version":[{"id":24661,"href":"https:\/\/cottage.cz\/de\/wp-json\/wp\/v2\/pages\/20233\/revisions\/24661"}],"wp:attachment":[{"href":"https:\/\/cottage.cz\/de\/wp-json\/wp\/v2\/media?parent=20233"}],"curies":[{"name":"wp","href":"https:\/\/api.w.org\/{rel}","templated":true}]}}