{"id":20210,"date":"2023-12-16T15:59:47","date_gmt":"2023-12-16T14:59:47","guid":{"rendered":"https:\/\/cottage.napokusy.cz\/?page_id=20210"},"modified":"2024-04-10T08:44:40","modified_gmt":"2024-04-10T06:44:40","slug":"hottube-in-der-boehmischen-schweiz","status":"publish","type":"page","link":"https:\/\/cottage.cz\/de\/hottube-in-der-boehmischen-schweiz\/","title":{"rendered":"Hottube in der B\u00f6hmischen Schweiz"},"content":{"rendered":"<p>M\u00f6chten Sie im Winter schwimmen? Auch wenn es schneit und friert oder \u201enur\u201c Herbstlaub f\u00e4llt, k\u00f6nnen Sie im Bohemian COTTAGE ein hei\u00dfes Bad genie\u00dfen. Eine beheizte Schwimmtonne (Hottube) mit eingebautem Edelstahleinsatz steht nur in der Wintersaison f\u00fcr bis zu <strong>6 Personen<\/strong> zur Verf\u00fcgung. Die Wassertemperatur variiert zwischen 37 und 40 \u00b0C. Ihre Entspannung k\u00f6nnen Sie noch steigern, wenn Sie sich in einem Natursee abk\u00fchlen oder auf unserer Terrasse oder im Wellnessbereich sitzen.<br \/>\nMindestbestellmenge ist erforderlich. Der Tag zuvor. Privater Gebrauch. Preis 1500,-czk<\/p>\n<p><em>Empfehlung: Vor und nach der Anwendung duschen, Trinkregime einhalten. Abwechselnde W\u00e4rme- und K\u00e4lteentspannung, nur f\u00fcr gesunde Personen<\/em><\/p>\n<div class=\"gallery-1 gallery-wrapper columns-wrapper\"><div class=\"gallery-column\"><a class=\"gallery-item photoswipe-item\" data-caption=\"Schwimmbad zur ganzj\u00e4hrigen Nutzung\" data-width=\"1600\" data-height=\"809\" href=\"https:\/\/cottage.cz\/wp-content\/uploads\/2018\/11\/vyhrivany-sud2-e1581598578592.jpg\" rel=\"lightbox[20210]\"><img decoding=\"async\" class=\"gallery-img-desktop lazyload\" data-src=\"https:\/\/cottage.cz\/wp-content\/uploads\/2018\/11\/vyhrivany-sud2-e1581598578592-550x309.jpg\" alt=\"\" src=\"data:image\/svg+xml;base64,PHN2ZyB3aWR0aD0iMSIgaGVpZ2h0PSIxIiB4bWxucz0iaHR0cDovL3d3dy53My5vcmcvMjAwMC9zdmciPjwvc3ZnPg==\" style=\"--smush-placeholder-width: 550px; --smush-placeholder-aspect-ratio: 550\/309;\" \/><img decoding=\"async\" class=\"gallery-img-mobile lazyload\" data-src=\"https:\/\/cottage.cz\/wp-content\/uploads\/2018\/11\/vyhrivany-sud2-e1581598578592-500x500.jpg\" alt=\"\" src=\"data:image\/svg+xml;base64,PHN2ZyB3aWR0aD0iMSIgaGVpZ2h0PSIxIiB4bWxucz0iaHR0cDovL3d3dy53My5vcmcvMjAwMC9zdmciPjwvc3ZnPg==\" style=\"--smush-placeholder-width: 500px; --smush-placeholder-aspect-ratio: 500\/500;\" \/><div class=\"gallery-enlarge\"><\/div><\/a><\/div><div class=\"gallery-column\"><a class=\"gallery-item photoswipe-item\" data-caption=\"Teich und beheiztes Fass\" data-width=\"1600\" data-height=\"1067\" href=\"https:\/\/cottage.cz\/wp-content\/uploads\/2018\/11\/RV_CZ_Cottage_Night7-e1581598483798.jpg\" rel=\"lightbox[20210]\"><img decoding=\"async\" class=\"gallery-img-desktop lazyload\" data-src=\"https:\/\/cottage.cz\/wp-content\/uploads\/2018\/11\/RV_CZ_Cottage_Night7-e1581598483798-550x309.jpg\" alt=\"\" src=\"data:image\/svg+xml;base64,PHN2ZyB3aWR0aD0iMSIgaGVpZ2h0PSIxIiB4bWxucz0iaHR0cDovL3d3dy53My5vcmcvMjAwMC9zdmciPjwvc3ZnPg==\" style=\"--smush-placeholder-width: 550px; --smush-placeholder-aspect-ratio: 550\/309;\" \/><img decoding=\"async\" class=\"gallery-img-mobile lazyload\" data-src=\"https:\/\/cottage.cz\/wp-content\/uploads\/2018\/11\/RV_CZ_Cottage_Night7-e1581598483798-500x500.jpg\" alt=\"\" src=\"data:image\/svg+xml;base64,PHN2ZyB3aWR0aD0iMSIgaGVpZ2h0PSIxIiB4bWxucz0iaHR0cDovL3d3dy53My5vcmcvMjAwMC9zdmciPjwvc3ZnPg==\" style=\"--smush-placeholder-width: 500px; --smush-placeholder-aspect-ratio: 500\/500;\" \/><div class=\"gallery-enlarge\"><\/div><\/a><\/div><div class=\"gallery-column\"><a class=\"gallery-item photoswipe-item\" data-caption=\"Hottube\" data-width=\"1600\" data-height=\"1067\" href=\"https:\/\/cottage.cz\/wp-content\/uploads\/2018\/11\/RV_CZ_Cottage_Night6-e1581598714599.jpg\" rel=\"lightbox[20210]\"><img decoding=\"async\" class=\"gallery-img-desktop lazyload\" data-src=\"https:\/\/cottage.cz\/wp-content\/uploads\/2018\/11\/RV_CZ_Cottage_Night6-e1581598714599-550x309.jpg\" alt=\"\" src=\"data:image\/svg+xml;base64,PHN2ZyB3aWR0aD0iMSIgaGVpZ2h0PSIxIiB4bWxucz0iaHR0cDovL3d3dy53My5vcmcvMjAwMC9zdmciPjwvc3ZnPg==\" style=\"--smush-placeholder-width: 550px; --smush-placeholder-aspect-ratio: 550\/309;\" \/><img decoding=\"async\" class=\"gallery-img-mobile lazyload\" data-src=\"https:\/\/cottage.cz\/wp-content\/uploads\/2018\/11\/RV_CZ_Cottage_Night6-e1581598714599-500x500.jpg\" alt=\"\" src=\"data:image\/svg+xml;base64,PHN2ZyB3aWR0aD0iMSIgaGVpZ2h0PSIxIiB4bWxucz0iaHR0cDovL3d3dy53My5vcmcvMjAwMC9zdmciPjwvc3ZnPg==\" style=\"--smush-placeholder-width: 500px; --smush-placeholder-aspect-ratio: 500\/500;\" \/><div class=\"gallery-enlarge\"><\/div><\/a><\/div><div class=\"gallery-column\"><a class=\"gallery-item photoswipe-item\" data-caption=\"Ein Loch im Eis \u2013 zum Abk\u00fchlen\" data-width=\"2976\" data-height=\"3968\" href=\"https:\/\/cottage.cz\/wp-content\/uploads\/2019\/01\/IMG_20181201_094810.jpg\" rel=\"lightbox[20210]\"><img decoding=\"async\" class=\"gallery-img-desktop lazyload\" data-src=\"https:\/\/cottage.cz\/wp-content\/uploads\/2019\/01\/IMG_20181201_094810-550x309.jpg\" alt=\"\" src=\"data:image\/svg+xml;base64,PHN2ZyB3aWR0aD0iMSIgaGVpZ2h0PSIxIiB4bWxucz0iaHR0cDovL3d3dy53My5vcmcvMjAwMC9zdmciPjwvc3ZnPg==\" style=\"--smush-placeholder-width: 550px; --smush-placeholder-aspect-ratio: 550\/309;\" \/><img decoding=\"async\" class=\"gallery-img-mobile lazyload\" data-src=\"https:\/\/cottage.cz\/wp-content\/uploads\/2019\/01\/IMG_20181201_094810-500x500.jpg\" alt=\"\" src=\"data:image\/svg+xml;base64,PHN2ZyB3aWR0aD0iMSIgaGVpZ2h0PSIxIiB4bWxucz0iaHR0cDovL3d3dy53My5vcmcvMjAwMC9zdmciPjwvc3ZnPg==\" style=\"--smush-placeholder-width: 500px; --smush-placeholder-aspect-ratio: 500\/500;\" \/><div class=\"gallery-enlarge\"><\/div><\/a><\/div><div class=\"gallery-column\"><a class=\"gallery-item photoswipe-item\" data-caption=\"Im Kicklauf\" data-width=\"1441\" data-height=\"2560\" href=\"https:\/\/cottage.cz\/wp-content\/uploads\/2024\/04\/20240402_110900-scaled.jpg\" rel=\"lightbox[20210]\"><img decoding=\"async\" class=\"gallery-img-desktop lazyload\" data-src=\"https:\/\/cottage.cz\/wp-content\/uploads\/2024\/04\/20240402_110900-scaled-550x309.jpg\" alt=\"\" src=\"data:image\/svg+xml;base64,PHN2ZyB3aWR0aD0iMSIgaGVpZ2h0PSIxIiB4bWxucz0iaHR0cDovL3d3dy53My5vcmcvMjAwMC9zdmciPjwvc3ZnPg==\" style=\"--smush-placeholder-width: 550px; --smush-placeholder-aspect-ratio: 550\/309;\" \/><img decoding=\"async\" class=\"gallery-img-mobile lazyload\" data-src=\"https:\/\/cottage.cz\/wp-content\/uploads\/2024\/04\/20240402_110900-scaled-500x500.jpg\" alt=\"\" src=\"data:image\/svg+xml;base64,PHN2ZyB3aWR0aD0iMSIgaGVpZ2h0PSIxIiB4bWxucz0iaHR0cDovL3d3dy53My5vcmcvMjAwMC9zdmciPjwvc3ZnPg==\" style=\"--smush-placeholder-width: 500px; --smush-placeholder-aspect-ratio: 500\/500;\" \/><div class=\"gallery-enlarge\"><\/div><\/a><\/div><div class=\"gallery-column\"><a class=\"gallery-item photoswipe-item\" data-caption=\"sauna ve wellness zona\" data-width=\"1600\" data-height=\"1067\" href=\"https:\/\/cottage.cz\/wp-content\/uploads\/2018\/11\/sauna2-e1581598436102.jpg\" rel=\"lightbox[20210]\"><img decoding=\"async\" class=\"gallery-img-desktop lazyload\" data-src=\"https:\/\/cottage.cz\/wp-content\/uploads\/2018\/11\/sauna2-e1581598436102-550x309.jpg\" alt=\"\" src=\"data:image\/svg+xml;base64,PHN2ZyB3aWR0aD0iMSIgaGVpZ2h0PSIxIiB4bWxucz0iaHR0cDovL3d3dy53My5vcmcvMjAwMC9zdmciPjwvc3ZnPg==\" style=\"--smush-placeholder-width: 550px; --smush-placeholder-aspect-ratio: 550\/309;\" \/><img decoding=\"async\" class=\"gallery-img-mobile lazyload\" data-src=\"https:\/\/cottage.cz\/wp-content\/uploads\/2018\/11\/sauna2-e1581598436102-500x500.jpg\" alt=\"\" src=\"data:image\/svg+xml;base64,PHN2ZyB3aWR0aD0iMSIgaGVpZ2h0PSIxIiB4bWxucz0iaHR0cDovL3d3dy53My5vcmcvMjAwMC9zdmciPjwvc3ZnPg==\" style=\"--smush-placeholder-width: 500px; --smush-placeholder-aspect-ratio: 500\/500;\" \/><div class=\"gallery-enlarge\"><\/div><\/a><\/div><style type=\"text\/css\">.gallery-1 .gallery-column { width: 33.33%; padding-bottom: 18.75%; }.gallery-1 { margin-left: -0px; margin-right: -0px; }.gallery-1 .gallery-item {bottom: 0px;left: 0px;right: 0px;top: 0px;}<\/style><\/div>\n","protected":false},"excerpt":{"rendered":"<p>M\u00f6chten Sie im Winter schwimmen? Auch wenn es schneit und friert oder \u201enur\u201c Herbstlaub f\u00e4llt, k\u00f6nnen Sie im Bohemian COTTAGE ein hei\u00dfes Bad genie\u00dfen. Eine beheizte Schwimmtonne (Hottube) mit eingebautem Edelstahleinsatz steht nur in der Wintersaison f\u00fcr bis zu 6 Personen zur Verf\u00fcgung. Die Wassertemperatur variiert zwischen 37 und 40 \u00b0C. Ihre Entspannung k\u00f6nnen Sie [&hellip;]<\/p>\n","protected":false},"author":2,"featured_media":14248,"parent":0,"menu_order":0,"comment_status":"closed","ping_status":"closed","template":"","meta":{"_monsterinsights_skip_tracking":false,"_monsterinsights_sitenote_active":false,"_monsterinsights_sitenote_note":"","_monsterinsights_sitenote_category":0,"ngg_post_thumbnail":0,"footnotes":""},"class_list":["post-20210","page","type-page","status-publish","has-post-thumbnail","hentry"],"aioseo_notices":[],"_links":{"self":[{"href":"https:\/\/cottage.cz\/de\/wp-json\/wp\/v2\/pages\/20210","targetHints":{"allow":["GET"]}}],"collection":[{"href":"https:\/\/cottage.cz\/de\/wp-json\/wp\/v2\/pages"}],"about":[{"href":"https:\/\/cottage.cz\/de\/wp-json\/wp\/v2\/types\/page"}],"author":[{"embeddable":true,"href":"https:\/\/cottage.cz\/de\/wp-json\/wp\/v2\/users\/2"}],"replies":[{"embeddable":true,"href":"https:\/\/cottage.cz\/de\/wp-json\/wp\/v2\/comments?post=20210"}],"version-history":[{"count":2,"href":"https:\/\/cottage.cz\/de\/wp-json\/wp\/v2\/pages\/20210\/revisions"}],"predecessor-version":[{"id":22634,"href":"https:\/\/cottage.cz\/de\/wp-json\/wp\/v2\/pages\/20210\/revisions\/22634"}],"wp:featuredmedia":[{"embeddable":true,"href":"https:\/\/cottage.cz\/de\/wp-json\/wp\/v2\/media\/14248"}],"wp:attachment":[{"href":"https:\/\/cottage.cz\/de\/wp-json\/wp\/v2\/media?parent=20210"}],"curies":[{"name":"wp","href":"https:\/\/api.w.org\/{rel}","templated":true}]}}