{"id":20203,"date":"2023-12-16T15:49:48","date_gmt":"2023-12-16T14:49:48","guid":{"rendered":"https:\/\/cottage.napokusy.cz\/?page_id=20203"},"modified":"2026-04-07T18:17:07","modified_gmt":"2026-04-07T16:17:07","slug":"schwimmbereichs","status":"publish","type":"page","link":"https:\/\/cottage.cz\/de\/schwimmbereichs\/","title":{"rendered":"Badeteich"},"content":{"rendered":"\n<p>Wir bieten unserem G\u00e4stehaus das ganze Jahr \u00fcber die kostenlose Nutzung des Baderaums mit Planschbecken an. Die Tiefe des Schwimmbereichs betr\u00e4gt<strong>&nbsp;2,2m und L\u00e4nge 7m.<\/strong>&nbsp;Biotop wird als Wasserquelle Waldquelle und Regenwasser verwendet. Wasseroberfl\u00e4che ist daher nat\u00fcrlich k\u00fchl und sauber. Der Lebensraum wird mit Wasserpflanzen und einem Reinigungsfiltersystem mit Wasserfall gereinigt. Wasserpflanzen umgeben die Badezone. Das Leben unter Wasser f\u00f6rdert die Beobachtung, Sie k\u00f6nnen hier auch Molche sehen. Liegest\u00fchle bieten Sitzgelegenheiten auf der Terrasse.<\/p>\n\n\n\n<p>Wir nutzen das Biotop in der Wintersaison auch als K\u00fchlfl\u00e4che f\u00fcr&nbsp;<a href=\"https:\/\/www.cottage.cz\/de\/nature-wellness\/\">Wellness<\/a>&nbsp;nach dem Saunagang oder zum Abh\u00e4rten.<\/p>\n\n\n\nngg_shortcode_0_placeholder\n\n\n\n<p><a href=\"https:\/\/www.cottage.cz\/de\/jak-jsem-zacal-chytat-kapky-deste\/\">Artikel, Wie wir den Schwimmteich gebaut haben, erfahren Sie hier<\/a>.<\/p>\n","protected":false},"excerpt":{"rendered":"<p>Wir bieten unserem G\u00e4stehaus das ganze Jahr \u00fcber die kostenlose Nutzung des Baderaums mit Planschbecken an. Die Tiefe des Schwimmbereichs betr\u00e4gt&nbsp;2,2m und L\u00e4nge 7m.&nbsp;Biotop wird als Wasserquelle Waldquelle und Regenwasser verwendet. Wasseroberfl\u00e4che ist daher nat\u00fcrlich k\u00fchl und sauber. Der Lebensraum wird mit Wasserpflanzen und einem Reinigungsfiltersystem mit Wasserfall gereinigt. Wasserpflanzen umgeben die Badezone. Das Leben [&hellip;]<\/p>\n","protected":false},"author":2,"featured_media":28476,"parent":0,"menu_order":0,"comment_status":"closed","ping_status":"closed","template":"","meta":{"_monsterinsights_skip_tracking":false,"_monsterinsights_sitenote_active":false,"_monsterinsights_sitenote_note":"","_monsterinsights_sitenote_category":0,"ngg_post_thumbnail":0,"footnotes":""},"class_list":["post-20203","page","type-page","status-publish","has-post-thumbnail","hentry"],"aioseo_notices":[],"_links":{"self":[{"href":"https:\/\/cottage.cz\/de\/wp-json\/wp\/v2\/pages\/20203","targetHints":{"allow":["GET"]}}],"collection":[{"href":"https:\/\/cottage.cz\/de\/wp-json\/wp\/v2\/pages"}],"about":[{"href":"https:\/\/cottage.cz\/de\/wp-json\/wp\/v2\/types\/page"}],"author":[{"embeddable":true,"href":"https:\/\/cottage.cz\/de\/wp-json\/wp\/v2\/users\/2"}],"replies":[{"embeddable":true,"href":"https:\/\/cottage.cz\/de\/wp-json\/wp\/v2\/comments?post=20203"}],"version-history":[{"count":3,"href":"https:\/\/cottage.cz\/de\/wp-json\/wp\/v2\/pages\/20203\/revisions"}],"predecessor-version":[{"id":28921,"href":"https:\/\/cottage.cz\/de\/wp-json\/wp\/v2\/pages\/20203\/revisions\/28921"}],"wp:featuredmedia":[{"embeddable":true,"href":"https:\/\/cottage.cz\/de\/wp-json\/wp\/v2\/media\/28476"}],"wp:attachment":[{"href":"https:\/\/cottage.cz\/de\/wp-json\/wp\/v2\/media?parent=20203"}],"curies":[{"name":"wp","href":"https:\/\/api.w.org\/{rel}","templated":true}]}}