{"id":20194,"date":"2023-12-16T15:42:47","date_gmt":"2023-12-16T14:42:47","guid":{"rendered":"https:\/\/cottage.napokusy.cz\/?page_id=20194"},"modified":"2023-12-16T15:42:50","modified_gmt":"2023-12-16T14:42:50","slug":"die-wurzel-klaeranlage","status":"publish","type":"page","link":"https:\/\/cottage.cz\/de\/die-wurzel-klaeranlage\/","title":{"rendered":"Die Wurzel Kl\u00e4ranlage"},"content":{"rendered":"\n<p>Die Wurzel Kl\u00e4ranlage (K\u010cOV) das Ger\u00e4t, durch Verwendung von lebenden Bakterien in Wurzelsystem der Pflanzen und auf dem Herd (so. Kies) Schmutzwasser aus dem Haushalt und in der Endstufe gereinigt, Wasser kann f\u00fcr die Bew\u00e4sserung des Gartens verwendet werden.<\/p>\n\n\n\n<p>Unser k\u010cOV besteht aus einem Dreifach Kl\u00e4rgrube, Pumpwellen, zwei Beh\u00e4lter mit Kieswerken gef\u00fcllt, Bew\u00e4sserung Teich zum Erfassungsraum.<\/p>\n\n\n\n<figure class=\"wp-block-image size-large\"><img decoding=\"async\" width=\"1024\" height=\"673\" data-src=\"https:\/\/www.cottage.cz\/wp-content\/uploads\/2020\/03\/zahrada_mensi-1024x673.jpg\" alt=\"\" class=\"wp-image-7080 lazyload\" data-srcset=\"https:\/\/cottage.cz\/wp-content\/uploads\/2020\/03\/zahrada_mensi-1024x673.jpg 1024w, https:\/\/cottage.cz\/wp-content\/uploads\/2020\/03\/zahrada_mensi-300x197.jpg 300w, https:\/\/cottage.cz\/wp-content\/uploads\/2020\/03\/zahrada_mensi-768x505.jpg 768w, https:\/\/cottage.cz\/wp-content\/uploads\/2020\/03\/zahrada_mensi-1536x1009.jpg 1536w, https:\/\/cottage.cz\/wp-content\/uploads\/2020\/03\/zahrada_mensi.jpg 1800w\" data-sizes=\"(max-width: 1024px) 100vw, 1024px\" src=\"data:image\/svg+xml;base64,PHN2ZyB3aWR0aD0iMSIgaGVpZ2h0PSIxIiB4bWxucz0iaHR0cDovL3d3dy53My5vcmcvMjAwMC9zdmciPjwvc3ZnPg==\" style=\"--smush-placeholder-width: 1024px; --smush-placeholder-aspect-ratio: 1024\/673;\" \/><\/figure>\n","protected":false},"excerpt":{"rendered":"<p>Die Wurzel Kl\u00e4ranlage (K\u010cOV) das Ger\u00e4t, durch Verwendung von lebenden Bakterien in Wurzelsystem der Pflanzen und auf dem Herd (so. Kies) Schmutzwasser aus dem Haushalt und in der Endstufe gereinigt, Wasser kann f\u00fcr die Bew\u00e4sserung des Gartens verwendet werden. Unser k\u010cOV besteht aus einem Dreifach Kl\u00e4rgrube, Pumpwellen, zwei Beh\u00e4lter mit Kieswerken gef\u00fcllt, Bew\u00e4sserung Teich zum [&hellip;]<\/p>\n","protected":false},"author":2,"featured_media":15655,"parent":0,"menu_order":0,"comment_status":"closed","ping_status":"closed","template":"","meta":{"_monsterinsights_skip_tracking":false,"_monsterinsights_sitenote_active":false,"_monsterinsights_sitenote_note":"","_monsterinsights_sitenote_category":0,"ngg_post_thumbnail":0,"footnotes":""},"class_list":["post-20194","page","type-page","status-publish","has-post-thumbnail","hentry"],"aioseo_notices":[],"_links":{"self":[{"href":"https:\/\/cottage.cz\/de\/wp-json\/wp\/v2\/pages\/20194","targetHints":{"allow":["GET"]}}],"collection":[{"href":"https:\/\/cottage.cz\/de\/wp-json\/wp\/v2\/pages"}],"about":[{"href":"https:\/\/cottage.cz\/de\/wp-json\/wp\/v2\/types\/page"}],"author":[{"embeddable":true,"href":"https:\/\/cottage.cz\/de\/wp-json\/wp\/v2\/users\/2"}],"replies":[{"embeddable":true,"href":"https:\/\/cottage.cz\/de\/wp-json\/wp\/v2\/comments?post=20194"}],"version-history":[{"count":1,"href":"https:\/\/cottage.cz\/de\/wp-json\/wp\/v2\/pages\/20194\/revisions"}],"predecessor-version":[{"id":20195,"href":"https:\/\/cottage.cz\/de\/wp-json\/wp\/v2\/pages\/20194\/revisions\/20195"}],"wp:featuredmedia":[{"embeddable":true,"href":"https:\/\/cottage.cz\/de\/wp-json\/wp\/v2\/media\/15655"}],"wp:attachment":[{"href":"https:\/\/cottage.cz\/de\/wp-json\/wp\/v2\/media?parent=20194"}],"curies":[{"name":"wp","href":"https:\/\/api.w.org\/{rel}","templated":true}]}}