{"id":20188,"date":"2023-12-16T15:36:33","date_gmt":"2023-12-16T14:36:33","guid":{"rendered":"https:\/\/cottage.napokusy.cz\/?page_id=20188"},"modified":"2023-12-16T15:36:59","modified_gmt":"2023-12-16T14:36:59","slug":"koenigstein","status":"publish","type":"page","link":"https:\/\/cottage.cz\/de\/koenigstein\/","title":{"rendered":"K\u00f6nigstein"},"content":{"rendered":"<p>K\u00f6nigstein ist eine Stadt in der S\u00e4chsischen Schweiz(S\u00e4chsische Schweiz-Osterzgebirge) und lebt darin herum 3 es ist. Bewohner. Die erste Erw\u00e4hnung der Stadt stammt von 1\u011b. gestohlen., als eine Siedlung in der N\u00e4he der Burg K\u00f6nigstein gegr\u00fcndet wurde. Urspr\u00fcnglich geh\u00f6rte die Stadt den b\u00f6hmischen K\u00f6nigen.<\/p>\n<p>Die Festung K\u00f6nigstein ist eine der gr\u00f6\u00dften Bergfestungen Europas. Auf einem Plateau, gelegen 240 Meter \u00fcber der Elbe, ein milit\u00e4rhistorisches Freilichtmuseum mit einer Fl\u00e4che von 9,5 ha. Sie sind mit Sandstein ausgekleidet 1 800 Meter lang und bis zu 42 Meter hohe Mauern der Festung. Es befindet sich in der Mitte der Festung 152,5 Meter tiefer Brunnen &#8211; der tiefste in Sachsen und der zweittiefste in Europa. Ich schlage vor, Sie besuchen. Parken Sie entweder auf dem Parkplatz au\u00dferhalb der Stadt. Oder schwimmen Sie an der Elbe und wandern Sie \u00fcber einen sch\u00f6nen Weg zum Berg.<\/p>\n<p>Es gibt sehr sch\u00f6ne Weihnachtsm\u00e4rkte in der Festung. mehr auf: \u00a0http:\/\/www.koenigstein.cz\/<\/p>\n<p>There are very nice Christmas markets in the fort. more on: \u00a0http:\/\/www.koenigstein.cz\/<\/p>\n<p><img decoding=\"async\" data-src=\"http:\/\/cottage.cz\/wp-content\/uploads\/2017\/07\/cottage_files\/k\u00f6nigstein.jpg\" src=\"data:image\/svg+xml;base64,PHN2ZyB3aWR0aD0iMSIgaGVpZ2h0PSIxIiB4bWxucz0iaHR0cDovL3d3dy53My5vcmcvMjAwMC9zdmciPjwvc3ZnPg==\" class=\"lazyload\" \/><img decoding=\"async\" src=\"http:\/\/cottage.cz\/wp-content\/uploads\/2017\/07\/cottage_files\/22 Pevnost K\u00f6nigstein - celkov\u00fd pohled, foto J. La\u0161t\u016fvka.jpg\" \/><img decoding=\"async\" data-src=\"http:\/\/cottage.cz\/wp-content\/uploads\/2017\/07\/cottage_files\/k\u00f6nigstein-chodby.jpg\" src=\"data:image\/svg+xml;base64,PHN2ZyB3aWR0aD0iMSIgaGVpZ2h0PSIxIiB4bWxucz0iaHR0cDovL3d3dy53My5vcmcvMjAwMC9zdmciPjwvc3ZnPg==\" class=\"lazyload\" \/><\/p>\n","protected":false},"excerpt":{"rendered":"<p>K\u00f6nigstein ist eine Stadt in der S\u00e4chsischen Schweiz(S\u00e4chsische Schweiz-Osterzgebirge) und lebt darin herum 3 es ist. Bewohner. Die erste Erw\u00e4hnung der Stadt stammt von 1\u011b. gestohlen., als eine Siedlung in der N\u00e4he der Burg K\u00f6nigstein gegr\u00fcndet wurde. Urspr\u00fcnglich geh\u00f6rte die Stadt den b\u00f6hmischen K\u00f6nigen. Die Festung K\u00f6nigstein ist eine der gr\u00f6\u00dften Bergfestungen Europas. Auf einem [&hellip;]<\/p>\n","protected":false},"author":2,"featured_media":14911,"parent":0,"menu_order":0,"comment_status":"closed","ping_status":"closed","template":"","meta":{"_monsterinsights_skip_tracking":false,"_monsterinsights_sitenote_active":false,"_monsterinsights_sitenote_note":"","_monsterinsights_sitenote_category":0,"ngg_post_thumbnail":0,"footnotes":""},"class_list":["post-20188","page","type-page","status-publish","has-post-thumbnail","hentry"],"aioseo_notices":[],"_links":{"self":[{"href":"https:\/\/cottage.cz\/de\/wp-json\/wp\/v2\/pages\/20188","targetHints":{"allow":["GET"]}}],"collection":[{"href":"https:\/\/cottage.cz\/de\/wp-json\/wp\/v2\/pages"}],"about":[{"href":"https:\/\/cottage.cz\/de\/wp-json\/wp\/v2\/types\/page"}],"author":[{"embeddable":true,"href":"https:\/\/cottage.cz\/de\/wp-json\/wp\/v2\/users\/2"}],"replies":[{"embeddable":true,"href":"https:\/\/cottage.cz\/de\/wp-json\/wp\/v2\/comments?post=20188"}],"version-history":[{"count":1,"href":"https:\/\/cottage.cz\/de\/wp-json\/wp\/v2\/pages\/20188\/revisions"}],"predecessor-version":[{"id":20189,"href":"https:\/\/cottage.cz\/de\/wp-json\/wp\/v2\/pages\/20188\/revisions\/20189"}],"wp:featuredmedia":[{"embeddable":true,"href":"https:\/\/cottage.cz\/de\/wp-json\/wp\/v2\/media\/14911"}],"wp:attachment":[{"href":"https:\/\/cottage.cz\/de\/wp-json\/wp\/v2\/media?parent=20188"}],"curies":[{"name":"wp","href":"https:\/\/api.w.org\/{rel}","templated":true}]}}