{"id":20169,"date":"2023-12-13T01:13:03","date_gmt":"2023-12-13T00:13:03","guid":{"rendered":"https:\/\/cottage.napokusy.cz\/?page_id=20169"},"modified":"2023-12-13T01:15:34","modified_gmt":"2023-12-13T00:15:34","slug":"bootfahren-auf-der-ober-weir-oberen-schleuse","status":"publish","type":"page","link":"https:\/\/cottage.cz\/de\/bootfahren-auf-der-ober-weir-oberen-schleuse\/","title":{"rendered":"Bootfahren auf der Ober Weir Oberen Schleuse"},"content":{"rendered":"<p>Sie wissen,, Kyjovsk\u00e9, dass, wenn Sie das Tal nach hinten Doubice passieren, \u00fcberquert die Grenze mit Deutschland, so nach einer Weile k\u00f6nnen Sie auf Boote in der Schlucht fahren in der N\u00e4he der Stadt K\u0159inice Hinterhermsdorf? W\u00e4hrend der halbst\u00fcndigen Fahrt werden Sie Geschichten h\u00f6ren (Nur in deutscher Sprache) die lokale felsige Landschaft und die Insel der Liebe. Sie k\u00f6nnen hin und her gehen, oder kaufen ein One-Way-Ticket zur\u00fcck und entlang des Flusses auf einem schmalen Pfad schlendert.<\/p>\n<p>Cruise Touristen ist die urspr\u00fcngliche Holz Schleuse ge\u00f6ffnet von Ostern bis Ende Oktober.\u00a0<strong>Die Schlucht ist zu Fu\u00df zu erreichen \/ Radweg entlang K\u0159inice Kyjovsk\u00e9 Tal der roten Markierung durch den hinteren Doubice.<\/strong>\u00a0Hier \u00fcberqueren Sie die Staatsgrenze weiter die Stra\u00dfe hinunter m\u00fcssen Sie eine kaputte Br\u00fccke \u00fcberwinden und eine Radtour entweder \u00fcber beide Ohren, wo Sie das Rad sperren und gehen 5 min zu Fu\u00df zum Fluss hinunter oder den Grat zu umrunden und direkt an den Fluss kommen.<\/p>\n<p>andere (mehr (ca. 5km), aber angenehm Route f\u00fcr Radfahrer ) das malerische Dorf f\u00fchrt von der Grenze durch Hinterhermsdorf. Die Lage ist auch Erfrischung. Ein anderer Weg f\u00fchrt von Mikul\u00e1\u0161ovice Aussichtspunkt \u00fcber Weifberg lodi\u010dk\u00e1m.<\/p>\n<p>Aktuelle Informationen \u00fcber\u00a0<a href=\"http:\/\/www.hinterhermsdorf.de\/\" target=\"_blank\" rel=\"noopener noreferrer\">www.hinterhermsdorf.de<\/a>\/<\/p>\n<p><strong>Betriebszeit:<\/strong>\u00a0Von Ostern bis Ende \u0159\u00edjnaPo \u2013 Fr 9:30-16:30, Damit, nicht 9:00-17:00<\/p>\n<p><strong>Kost:<\/strong>\u00a0Erwachsene 5,- EUR, BABY3,- EUR<\/p>\n<p><iframe data-src=\"http:\/\/www.youtube.com\/embed\/0Vk08Aj2VQ0\" width=\"640\" height=\"390\" frameborder=\"0\" src=\"data:image\/svg+xml;base64,PHN2ZyB3aWR0aD0iMSIgaGVpZ2h0PSIxIiB4bWxucz0iaHR0cDovL3d3dy53My5vcmcvMjAwMC9zdmciPjwvc3ZnPg==\" class=\"lazyload\" data-load-mode=\"1\"><\/iframe><\/p>\n<div class=\"gallery-1 gallery-wrapper columns-wrapper\"><div class=\"gallery-column\"><a class=\"gallery-item photoswipe-item\" data-caption=\"\" data-width=\"800\" data-height=\"600\" href=\"https:\/\/cottage.cz\/wp-content\/uploads\/2013\/07\/lodicky-saske-svycarskoObereSchleuse.jpg\" rel=\"lightbox[20169]\"><img decoding=\"async\" class=\"gallery-img-desktop lazyload\" data-src=\"https:\/\/cottage.cz\/wp-content\/uploads\/2013\/07\/lodicky-saske-svycarskoObereSchleuse-550x309.jpg\" alt=\"\" src=\"data:image\/svg+xml;base64,PHN2ZyB3aWR0aD0iMSIgaGVpZ2h0PSIxIiB4bWxucz0iaHR0cDovL3d3dy53My5vcmcvMjAwMC9zdmciPjwvc3ZnPg==\" style=\"--smush-placeholder-width: 550px; --smush-placeholder-aspect-ratio: 550\/309;\" \/><img decoding=\"async\" class=\"gallery-img-mobile lazyload\" data-src=\"https:\/\/cottage.cz\/wp-content\/uploads\/2013\/07\/lodicky-saske-svycarskoObereSchleuse-500x500.jpg\" alt=\"\" src=\"data:image\/svg+xml;base64,PHN2ZyB3aWR0aD0iMSIgaGVpZ2h0PSIxIiB4bWxucz0iaHR0cDovL3d3dy53My5vcmcvMjAwMC9zdmciPjwvc3ZnPg==\" style=\"--smush-placeholder-width: 500px; --smush-placeholder-aspect-ratio: 500\/500;\" \/><div class=\"gallery-enlarge\"><\/div><\/a><\/div><div class=\"gallery-column\"><a class=\"gallery-item photoswipe-item\" data-caption=\"\" data-width=\"800\" data-height=\"600\" href=\"https:\/\/cottage.cz\/wp-content\/uploads\/2013\/07\/lodicky-obere-schleuse.jpg\" rel=\"lightbox[20169]\"><img decoding=\"async\" class=\"gallery-img-desktop lazyload\" data-src=\"https:\/\/cottage.cz\/wp-content\/uploads\/2013\/07\/lodicky-obere-schleuse-550x309.jpg\" alt=\"\" src=\"data:image\/svg+xml;base64,PHN2ZyB3aWR0aD0iMSIgaGVpZ2h0PSIxIiB4bWxucz0iaHR0cDovL3d3dy53My5vcmcvMjAwMC9zdmciPjwvc3ZnPg==\" style=\"--smush-placeholder-width: 550px; --smush-placeholder-aspect-ratio: 550\/309;\" \/><img decoding=\"async\" class=\"gallery-img-mobile lazyload\" data-src=\"https:\/\/cottage.cz\/wp-content\/uploads\/2013\/07\/lodicky-obere-schleuse-500x500.jpg\" alt=\"\" src=\"data:image\/svg+xml;base64,PHN2ZyB3aWR0aD0iMSIgaGVpZ2h0PSIxIiB4bWxucz0iaHR0cDovL3d3dy53My5vcmcvMjAwMC9zdmciPjwvc3ZnPg==\" style=\"--smush-placeholder-width: 500px; --smush-placeholder-aspect-ratio: 500\/500;\" \/><div class=\"gallery-enlarge\"><\/div><\/a><\/div><div class=\"gallery-column\"><a class=\"gallery-item photoswipe-item\" data-caption=\"\" data-width=\"800\" data-height=\"600\" href=\"https:\/\/cottage.cz\/wp-content\/uploads\/2013\/07\/lodicky-obere-schleuse_2.jpg\" rel=\"lightbox[20169]\"><img decoding=\"async\" class=\"gallery-img-desktop lazyload\" data-src=\"https:\/\/cottage.cz\/wp-content\/uploads\/2013\/07\/lodicky-obere-schleuse_2-550x309.jpg\" alt=\"\" src=\"data:image\/svg+xml;base64,PHN2ZyB3aWR0aD0iMSIgaGVpZ2h0PSIxIiB4bWxucz0iaHR0cDovL3d3dy53My5vcmcvMjAwMC9zdmciPjwvc3ZnPg==\" style=\"--smush-placeholder-width: 550px; --smush-placeholder-aspect-ratio: 550\/309;\" \/><img decoding=\"async\" class=\"gallery-img-mobile lazyload\" data-src=\"https:\/\/cottage.cz\/wp-content\/uploads\/2013\/07\/lodicky-obere-schleuse_2-500x500.jpg\" alt=\"\" src=\"data:image\/svg+xml;base64,PHN2ZyB3aWR0aD0iMSIgaGVpZ2h0PSIxIiB4bWxucz0iaHR0cDovL3d3dy53My5vcmcvMjAwMC9zdmciPjwvc3ZnPg==\" style=\"--smush-placeholder-width: 500px; --smush-placeholder-aspect-ratio: 500\/500;\" \/><div class=\"gallery-enlarge\"><\/div><\/a><\/div><style type=\"text\/css\">.gallery-1 .gallery-column { width: 33.33%; padding-bottom: 18.75%; }.gallery-1 { margin-left: -0px; margin-right: -0px; }.gallery-1 .gallery-item {bottom: 0px;left: 0px;right: 0px;top: 0px;}<\/style><\/div>\n","protected":false},"excerpt":{"rendered":"<p>Sie wissen,, Kyjovsk\u00e9, dass, wenn Sie das Tal nach hinten Doubice passieren, \u00fcberquert die Grenze mit Deutschland, so nach einer Weile k\u00f6nnen Sie auf Boote in der Schlucht fahren in der N\u00e4he der Stadt K\u0159inice Hinterhermsdorf? W\u00e4hrend der halbst\u00fcndigen Fahrt werden Sie Geschichten h\u00f6ren (Nur in deutscher Sprache) die lokale felsige Landschaft und die Insel [&hellip;]<\/p>\n","protected":false},"author":4,"featured_media":13501,"parent":0,"menu_order":0,"comment_status":"closed","ping_status":"closed","template":"","meta":{"_monsterinsights_skip_tracking":false,"_monsterinsights_sitenote_active":false,"_monsterinsights_sitenote_note":"","_monsterinsights_sitenote_category":0,"ngg_post_thumbnail":0,"footnotes":""},"class_list":["post-20169","page","type-page","status-publish","has-post-thumbnail","hentry"],"aioseo_notices":[],"_links":{"self":[{"href":"https:\/\/cottage.cz\/de\/wp-json\/wp\/v2\/pages\/20169","targetHints":{"allow":["GET"]}}],"collection":[{"href":"https:\/\/cottage.cz\/de\/wp-json\/wp\/v2\/pages"}],"about":[{"href":"https:\/\/cottage.cz\/de\/wp-json\/wp\/v2\/types\/page"}],"author":[{"embeddable":true,"href":"https:\/\/cottage.cz\/de\/wp-json\/wp\/v2\/users\/4"}],"replies":[{"embeddable":true,"href":"https:\/\/cottage.cz\/de\/wp-json\/wp\/v2\/comments?post=20169"}],"version-history":[{"count":2,"href":"https:\/\/cottage.cz\/de\/wp-json\/wp\/v2\/pages\/20169\/revisions"}],"predecessor-version":[{"id":20173,"href":"https:\/\/cottage.cz\/de\/wp-json\/wp\/v2\/pages\/20169\/revisions\/20173"}],"wp:featuredmedia":[{"embeddable":true,"href":"https:\/\/cottage.cz\/de\/wp-json\/wp\/v2\/media\/13501"}],"wp:attachment":[{"href":"https:\/\/cottage.cz\/de\/wp-json\/wp\/v2\/media?parent=20169"}],"curies":[{"name":"wp","href":"https:\/\/api.w.org\/{rel}","templated":true}]}}