{"id":20115,"date":"2023-12-08T00:53:40","date_gmt":"2023-12-07T23:53:40","guid":{"rendered":"https:\/\/cottage.napokusy.cz\/?page_id=20115"},"modified":"2026-01-01T20:01:44","modified_gmt":"2026-01-01T19:01:44","slug":"yoga-unterricht","status":"publish","type":"page","link":"https:\/\/cottage.cz\/de\/yoga-unterricht\/","title":{"rendered":"Yoga"},"content":{"rendered":"<p style=\"text-align: center;\">Den Yogalehrern bieten wir die M\u00f6glichkeit, den&nbsp;<strong>\u201eSaal Meditative Linde\u201c<\/strong>&nbsp;kostenlos f\u00fcr Ihre Aufenthalte (Wochenende und l\u00e4ngere Aufenthalte) zu nutzen.<br \/>\nWeiterhin bieten wir eine einmalige Vermietung des Saales f\u00fcr 1100 CZK\/Stunde, eine ganzt\u00e4gige Vermietung f\u00fcr 1500 CZK an.<br \/>\nDie Gr\u00f6\u00dfe des Saales betr\u00e4gt 35 m\u00b2 und eignet sich f\u00fcr Kammerveranstaltungen, f\u00fcr \u00dcbungen bis 13 Personen.<br \/>\nYoga mit Irena Kubicov\u00e1 mehr unter&nbsp;<a href=\"http:\/\/www.irenakubicova.cz\/\">www.irenakubicova.cz<\/a><\/p>\n<div class=\"gallery-1 gallery-wrapper columns-wrapper\"><div class=\"gallery-column\"><a class=\"gallery-item photoswipe-item\" data-caption=\"Privates Yoga mit Irena\" data-width=\"1600\" data-height=\"664\" href=\"https:\/\/cottage.cz\/wp-content\/uploads\/2018\/07\/joga-sal-e1581598294841.jpg\" rel=\"lightbox[20115]\"><img decoding=\"async\" class=\"gallery-img-desktop lazyload\" data-src=\"https:\/\/cottage.cz\/wp-content\/uploads\/2018\/07\/joga-sal-e1581598294841-550x309.jpg\" alt=\"\" src=\"data:image\/svg+xml;base64,PHN2ZyB3aWR0aD0iMSIgaGVpZ2h0PSIxIiB4bWxucz0iaHR0cDovL3d3dy53My5vcmcvMjAwMC9zdmciPjwvc3ZnPg==\" style=\"--smush-placeholder-width: 550px; --smush-placeholder-aspect-ratio: 550\/309;\" \/><img decoding=\"async\" class=\"gallery-img-mobile lazyload\" data-src=\"https:\/\/cottage.cz\/wp-content\/uploads\/2018\/07\/joga-sal-e1581598294841-500x500.jpg\" alt=\"\" src=\"data:image\/svg+xml;base64,PHN2ZyB3aWR0aD0iMSIgaGVpZ2h0PSIxIiB4bWxucz0iaHR0cDovL3d3dy53My5vcmcvMjAwMC9zdmciPjwvc3ZnPg==\" style=\"--smush-placeholder-width: 500px; --smush-placeholder-aspect-ratio: 500\/500;\" \/><div class=\"gallery-enlarge\"><\/div><\/a><\/div><div class=\"gallery-column\"><a class=\"gallery-item photoswipe-item\" data-caption=\"Yoga-Halle\" data-width=\"1600\" data-height=\"1067\" href=\"https:\/\/cottage.cz\/wp-content\/uploads\/2017\/12\/29a-e1581598925396.jpg\" rel=\"lightbox[20115]\"><img decoding=\"async\" class=\"gallery-img-desktop lazyload\" data-src=\"https:\/\/cottage.cz\/wp-content\/uploads\/2017\/12\/29a-e1581598925396-550x309.jpg\" alt=\"\" src=\"data:image\/svg+xml;base64,PHN2ZyB3aWR0aD0iMSIgaGVpZ2h0PSIxIiB4bWxucz0iaHR0cDovL3d3dy53My5vcmcvMjAwMC9zdmciPjwvc3ZnPg==\" style=\"--smush-placeholder-width: 550px; --smush-placeholder-aspect-ratio: 550\/309;\" \/><img decoding=\"async\" class=\"gallery-img-mobile lazyload\" data-src=\"https:\/\/cottage.cz\/wp-content\/uploads\/2017\/12\/29a-e1581598925396-500x500.jpg\" alt=\"\" src=\"data:image\/svg+xml;base64,PHN2ZyB3aWR0aD0iMSIgaGVpZ2h0PSIxIiB4bWxucz0iaHR0cDovL3d3dy53My5vcmcvMjAwMC9zdmciPjwvc3ZnPg==\" style=\"--smush-placeholder-width: 500px; --smush-placeholder-aspect-ratio: 500\/500;\" \/><div class=\"gallery-enlarge\"><\/div><\/a><\/div><div class=\"gallery-column\"><a class=\"gallery-item photoswipe-item\" data-caption=\"Yoga-Halle\" data-width=\"6720\" data-height=\"4480\" href=\"https:\/\/cottage.cz\/wp-content\/uploads\/2018\/02\/27a.jpg\" rel=\"lightbox[20115]\"><img decoding=\"async\" class=\"gallery-img-desktop lazyload\" data-src=\"https:\/\/cottage.cz\/wp-content\/uploads\/2018\/02\/27a-550x309.jpg\" alt=\"\" src=\"data:image\/svg+xml;base64,PHN2ZyB3aWR0aD0iMSIgaGVpZ2h0PSIxIiB4bWxucz0iaHR0cDovL3d3dy53My5vcmcvMjAwMC9zdmciPjwvc3ZnPg==\" style=\"--smush-placeholder-width: 550px; --smush-placeholder-aspect-ratio: 550\/309;\" \/><img decoding=\"async\" class=\"gallery-img-mobile lazyload\" data-src=\"https:\/\/cottage.cz\/wp-content\/uploads\/2018\/02\/27a-500x500.jpg\" alt=\"\" src=\"data:image\/svg+xml;base64,PHN2ZyB3aWR0aD0iMSIgaGVpZ2h0PSIxIiB4bWxucz0iaHR0cDovL3d3dy53My5vcmcvMjAwMC9zdmciPjwvc3ZnPg==\" style=\"--smush-placeholder-width: 500px; --smush-placeholder-aspect-ratio: 500\/500;\" \/><div class=\"gallery-enlarge\"><\/div><\/a><\/div><style type=\"text\/css\">.gallery-1 .gallery-column { width: 33.33%; padding-bottom: 18.75%; }.gallery-1 { margin-left: -0px; margin-right: -0px; }.gallery-1 .gallery-item {bottom: 0px;left: 0px;right: 0px;top: 0px;}<\/style><\/div>\n","protected":false},"excerpt":{"rendered":"<p>Den Yogalehrern bieten wir die M\u00f6glichkeit, den&nbsp;\u201eSaal Meditative Linde\u201c&nbsp;kostenlos f\u00fcr Ihre Aufenthalte (Wochenende und l\u00e4ngere Aufenthalte) zu nutzen. Weiterhin bieten wir eine einmalige Vermietung des Saales f\u00fcr 1100 CZK\/Stunde, eine ganzt\u00e4gige Vermietung f\u00fcr 1500 CZK an. Die Gr\u00f6\u00dfe des Saales betr\u00e4gt 35 m\u00b2 und eignet sich f\u00fcr Kammerveranstaltungen, f\u00fcr \u00dcbungen bis 13 Personen. Yoga mit [&hellip;]<\/p>\n","protected":false},"author":4,"featured_media":12796,"parent":0,"menu_order":0,"comment_status":"closed","ping_status":"closed","template":"","meta":{"_monsterinsights_skip_tracking":false,"_monsterinsights_sitenote_active":false,"_monsterinsights_sitenote_note":"","_monsterinsights_sitenote_category":0,"ngg_post_thumbnail":0,"footnotes":""},"class_list":["post-20115","page","type-page","status-publish","has-post-thumbnail","hentry"],"aioseo_notices":[],"_links":{"self":[{"href":"https:\/\/cottage.cz\/de\/wp-json\/wp\/v2\/pages\/20115","targetHints":{"allow":["GET"]}}],"collection":[{"href":"https:\/\/cottage.cz\/de\/wp-json\/wp\/v2\/pages"}],"about":[{"href":"https:\/\/cottage.cz\/de\/wp-json\/wp\/v2\/types\/page"}],"author":[{"embeddable":true,"href":"https:\/\/cottage.cz\/de\/wp-json\/wp\/v2\/users\/4"}],"replies":[{"embeddable":true,"href":"https:\/\/cottage.cz\/de\/wp-json\/wp\/v2\/comments?post=20115"}],"version-history":[{"count":2,"href":"https:\/\/cottage.cz\/de\/wp-json\/wp\/v2\/pages\/20115\/revisions"}],"predecessor-version":[{"id":28558,"href":"https:\/\/cottage.cz\/de\/wp-json\/wp\/v2\/pages\/20115\/revisions\/28558"}],"wp:featuredmedia":[{"embeddable":true,"href":"https:\/\/cottage.cz\/de\/wp-json\/wp\/v2\/media\/12796"}],"wp:attachment":[{"href":"https:\/\/cottage.cz\/de\/wp-json\/wp\/v2\/media?parent=20115"}],"curies":[{"name":"wp","href":"https:\/\/api.w.org\/{rel}","templated":true}]}}