{"id":19964,"date":"2023-12-08T00:30:15","date_gmt":"2023-12-07T23:30:15","guid":{"rendered":"https:\/\/cottage.napokusy.cz\/?page_id=19964"},"modified":"2026-02-10T09:55:53","modified_gmt":"2026-02-10T08:55:53","slug":"yoga","status":"publish","type":"page","link":"https:\/\/cottage.cz\/de\/yoga\/","title":{"rendered":"Yoga studio"},"content":{"rendered":"<p style=\"text-align: center;\">Den Yogalehrern bieten wir die M\u00f6glichkeit, den \u201eSaal Meditative Linde\u201c kostenlos f\u00fcr Ihre<br>Aufenthalte (Wochenende und l\u00e4ngere Aufenthalte) zu nutzen. Yoga Urlaub \u2013 Geb\u00fchr 2000,-<\/p>\n<p style=\"text-align: center;\">Vermietung f\u00fcr 2000 CZK an. (Yoga Veranstaltung \u00fcber das ganze Wochenende 2000 CZK)<br>Die Gr\u00f6\u00dfe des Saales betr\u00e4gt 35 m\u00b2 und eignet sich f\u00fcr Veranstaltungen, bzw. \u00dcbungen<br>bis zu 13 \u2013 15 Personen.<\/p>\n<p style=\"text-align: center;\">Au\u00dfenterrasse<br>Yoga mit Irena Kubicov\u00e1 mehr unter&nbsp;<a href=\"http:\/\/www.irenakubicova.cz\/\">www.irenakubicova.cz<\/a>&nbsp;und&nbsp;<a href=\"https:\/\/cottage.cz\/de\/yoga-unterricht\/\">private Yogastunden<\/a><\/p>\n\n\nngg_shortcode_0_placeholder\n","protected":false},"excerpt":{"rendered":"<p>Den Yogalehrern bieten wir die M\u00f6glichkeit, den \u201eSaal Meditative Linde\u201c kostenlos f\u00fcr IhreAufenthalte (Wochenende und l\u00e4ngere Aufenthalte) zu nutzen. Yoga Urlaub \u2013 Geb\u00fchr 2000,- Vermietung f\u00fcr 2000 CZK an. (Yoga Veranstaltung \u00fcber das ganze Wochenende 2000 CZK)Die Gr\u00f6\u00dfe des Saales betr\u00e4gt 35 m\u00b2 und eignet sich f\u00fcr Veranstaltungen, bzw. \u00dcbungenbis zu 13 \u2013 15 Personen. [&hellip;]<\/p>\n","protected":false},"author":4,"featured_media":12790,"parent":0,"menu_order":0,"comment_status":"closed","ping_status":"closed","template":"","meta":{"_monsterinsights_skip_tracking":false,"_monsterinsights_sitenote_active":false,"_monsterinsights_sitenote_note":"","_monsterinsights_sitenote_category":0,"ngg_post_thumbnail":0,"footnotes":""},"class_list":["post-19964","page","type-page","status-publish","has-post-thumbnail","hentry"],"aioseo_notices":[],"_links":{"self":[{"href":"https:\/\/cottage.cz\/de\/wp-json\/wp\/v2\/pages\/19964","targetHints":{"allow":["GET"]}}],"collection":[{"href":"https:\/\/cottage.cz\/de\/wp-json\/wp\/v2\/pages"}],"about":[{"href":"https:\/\/cottage.cz\/de\/wp-json\/wp\/v2\/types\/page"}],"author":[{"embeddable":true,"href":"https:\/\/cottage.cz\/de\/wp-json\/wp\/v2\/users\/4"}],"replies":[{"embeddable":true,"href":"https:\/\/cottage.cz\/de\/wp-json\/wp\/v2\/comments?post=19964"}],"version-history":[{"count":4,"href":"https:\/\/cottage.cz\/de\/wp-json\/wp\/v2\/pages\/19964\/revisions"}],"predecessor-version":[{"id":28711,"href":"https:\/\/cottage.cz\/de\/wp-json\/wp\/v2\/pages\/19964\/revisions\/28711"}],"wp:featuredmedia":[{"embeddable":true,"href":"https:\/\/cottage.cz\/de\/wp-json\/wp\/v2\/media\/12790"}],"wp:attachment":[{"href":"https:\/\/cottage.cz\/de\/wp-json\/wp\/v2\/media?parent=19964"}],"curies":[{"name":"wp","href":"https:\/\/api.w.org\/{rel}","templated":true}]}}