{"id":19957,"date":"2023-12-08T00:24:08","date_gmt":"2023-12-07T23:24:08","guid":{"rendered":"https:\/\/cottage.napokusy.cz\/?page_id=19957"},"modified":"2023-12-08T00:24:10","modified_gmt":"2023-12-07T23:24:10","slug":"jirikov","status":"publish","type":"page","link":"https:\/\/cottage.cz\/de\/jirikov\/","title":{"rendered":"Jirikov"},"content":{"rendered":"<p>Nordb\u00f6hmischen Stadt Ji\u0159\u00edkov ist in den Schluckenau Ausl\u00e4ufern in der N\u00e4he der Grenze zu Deutschland. In George Fund diversen Geb\u00e4uden, und Plattenaufbau, neue Familienh\u00e4user, auf die gepflegten H\u00e4user obvazcov\u00e9, dem steht vor allem entlang der Creek Ji\u0159\u00edkovsk\u00fd. Auf dem Platz k\u00f6nnen Sie die Prachtbauten der letzten Jahrhundert Bl\u00fctezeit sehen, mit originellen Schmuck Volksbauten, so. Werkholzh\u00e4user. Die Dominante des urspr\u00fcnglichen Rathauses im klassischen Stil und die barocken Kirche St. Georg aus 1728-1729. Die ber\u00fchmteste Wallfahrtsort neogotischem Kirche in Filipov \u2013 Basilika Helfer der Jungfrau Maria. Er wurde zum Priester geweiht 11. Oktober 1886 und in 1926 er erhielt den Titel \u201eBasilica Minor\u201c. Pape\u017e Pius XI., die diese Entscheidung getroffen, trug zum Ruhm des Tempels, da dies in 30. Jahre des letzten Jahrhunderts, die am meisten besuchte Kirche in Mitteleuropa. Filipovsk\u00e1 Messe Ende Mai stattfinden hat seine Tradition und seine Attraktivit\u00e4t f\u00fcr Touristen aus der Tschechischen Republik und Deutschland gesucht.<\/p>\n<p>offizielle Website: www.mestojirikov.cz<\/p>\n<p><img decoding=\"async\" data-src=\"http:\/\/cottage.cz\/wp-content\/uploads\/2017\/07\/cottage_files\/Jirikov-Filipov.jpg\" src=\"data:image\/svg+xml;base64,PHN2ZyB3aWR0aD0iMSIgaGVpZ2h0PSIxIiB4bWxucz0iaHR0cDovL3d3dy53My5vcmcvMjAwMC9zdmciPjwvc3ZnPg==\" class=\"lazyload\" \/><\/p>\n","protected":false},"excerpt":{"rendered":"<p>Nordb\u00f6hmischen Stadt Ji\u0159\u00edkov ist in den Schluckenau Ausl\u00e4ufern in der N\u00e4he der Grenze zu Deutschland. In George Fund diversen Geb\u00e4uden, und Plattenaufbau, neue Familienh\u00e4user, auf die gepflegten H\u00e4user obvazcov\u00e9, dem steht vor allem entlang der Creek Ji\u0159\u00edkovsk\u00fd. Auf dem Platz k\u00f6nnen Sie die Prachtbauten der letzten Jahrhundert Bl\u00fctezeit sehen, mit originellen Schmuck Volksbauten, so. Werkholzh\u00e4user. [&hellip;]<\/p>\n","protected":false},"author":4,"featured_media":0,"parent":0,"menu_order":0,"comment_status":"closed","ping_status":"closed","template":"","meta":{"_monsterinsights_skip_tracking":false,"_monsterinsights_sitenote_active":false,"_monsterinsights_sitenote_note":"","_monsterinsights_sitenote_category":0,"ngg_post_thumbnail":0,"footnotes":""},"class_list":["post-19957","page","type-page","status-publish","hentry"],"aioseo_notices":[],"_links":{"self":[{"href":"https:\/\/cottage.cz\/de\/wp-json\/wp\/v2\/pages\/19957","targetHints":{"allow":["GET"]}}],"collection":[{"href":"https:\/\/cottage.cz\/de\/wp-json\/wp\/v2\/pages"}],"about":[{"href":"https:\/\/cottage.cz\/de\/wp-json\/wp\/v2\/types\/page"}],"author":[{"embeddable":true,"href":"https:\/\/cottage.cz\/de\/wp-json\/wp\/v2\/users\/4"}],"replies":[{"embeddable":true,"href":"https:\/\/cottage.cz\/de\/wp-json\/wp\/v2\/comments?post=19957"}],"version-history":[{"count":1,"href":"https:\/\/cottage.cz\/de\/wp-json\/wp\/v2\/pages\/19957\/revisions"}],"predecessor-version":[{"id":19958,"href":"https:\/\/cottage.cz\/de\/wp-json\/wp\/v2\/pages\/19957\/revisions\/19958"}],"wp:attachment":[{"href":"https:\/\/cottage.cz\/de\/wp-json\/wp\/v2\/media?parent=19957"}],"curies":[{"name":"wp","href":"https:\/\/api.w.org\/{rel}","templated":true}]}}