{"id":19932,"date":"2023-12-07T23:57:28","date_gmt":"2023-12-07T22:57:28","guid":{"rendered":"https:\/\/cottage.napokusy.cz\/?page_id=19932"},"modified":"2023-12-07T23:57:31","modified_gmt":"2023-12-07T22:57:31","slug":"bezahlt","status":"publish","type":"page","link":"https:\/\/cottage.cz\/de\/bezahlt\/","title":{"rendered":"Bezahlt"},"content":{"rendered":"\n<figure class=\"wp-block-gallery has-nested-images columns-default is-cropped wp-block-gallery-1 is-layout-flex wp-block-gallery-is-layout-flex\">\n<figure class=\"wp-block-image size-large\"><img decoding=\"async\" width=\"1024\" height=\"768\" data-id=\"8039\" data-src=\"https:\/\/www.cottage.cz\/wp-content\/uploads\/2021\/05\/20210501_105344-1024x768.jpg\" alt=\"\" class=\"wp-image-8039 lazyload\" data-srcset=\"https:\/\/cottage.cz\/wp-content\/uploads\/2021\/05\/20210501_105344-1024x768.jpg 1024w, https:\/\/cottage.cz\/wp-content\/uploads\/2021\/05\/20210501_105344-300x225.jpg 300w, https:\/\/cottage.cz\/wp-content\/uploads\/2021\/05\/20210501_105344-768x576.jpg 768w, https:\/\/cottage.cz\/wp-content\/uploads\/2021\/05\/20210501_105344-1536x1152.jpg 1536w, https:\/\/cottage.cz\/wp-content\/uploads\/2021\/05\/20210501_105344-2048x1536.jpg 2048w\" data-sizes=\"(max-width: 1024px) 100vw, 1024px\" src=\"data:image\/svg+xml;base64,PHN2ZyB3aWR0aD0iMSIgaGVpZ2h0PSIxIiB4bWxucz0iaHR0cDovL3d3dy53My5vcmcvMjAwMC9zdmciPjwvc3ZnPg==\" style=\"--smush-placeholder-width: 1024px; --smush-placeholder-aspect-ratio: 1024\/768;\" \/><\/figure>\n\n\n\n<figure class=\"wp-block-image size-large\"><img decoding=\"async\" width=\"768\" height=\"1024\" data-id=\"8040\" data-src=\"https:\/\/www.cottage.cz\/wp-content\/uploads\/2021\/05\/20210501_105944-768x1024.jpg\" alt=\"\" class=\"wp-image-8040 lazyload\" data-srcset=\"https:\/\/cottage.cz\/wp-content\/uploads\/2021\/05\/20210501_105944-768x1024.jpg 768w, https:\/\/cottage.cz\/wp-content\/uploads\/2021\/05\/20210501_105944-225x300.jpg 225w, https:\/\/cottage.cz\/wp-content\/uploads\/2021\/05\/20210501_105944-1152x1536.jpg 1152w, https:\/\/cottage.cz\/wp-content\/uploads\/2021\/05\/20210501_105944-1536x2048.jpg 1536w, https:\/\/cottage.cz\/wp-content\/uploads\/2021\/05\/20210501_105944-scaled.jpg 1920w\" data-sizes=\"(max-width: 768px) 100vw, 768px\" src=\"data:image\/svg+xml;base64,PHN2ZyB3aWR0aD0iMSIgaGVpZ2h0PSIxIiB4bWxucz0iaHR0cDovL3d3dy53My5vcmcvMjAwMC9zdmciPjwvc3ZnPg==\" style=\"--smush-placeholder-width: 768px; --smush-placeholder-aspect-ratio: 768\/1024;\" \/><\/figure>\n\n\n\n<figure class=\"wp-block-image size-large\"><img decoding=\"async\" width=\"1024\" height=\"768\" data-id=\"8041\" data-src=\"https:\/\/www.cottage.cz\/wp-content\/uploads\/2021\/05\/20210501_105952-1-1024x768.jpg\" alt=\"\" class=\"wp-image-8041 lazyload\" data-srcset=\"https:\/\/cottage.cz\/wp-content\/uploads\/2021\/05\/20210501_105952-1-1024x768.jpg 1024w, https:\/\/cottage.cz\/wp-content\/uploads\/2021\/05\/20210501_105952-1-300x225.jpg 300w, https:\/\/cottage.cz\/wp-content\/uploads\/2021\/05\/20210501_105952-1-768x576.jpg 768w, https:\/\/cottage.cz\/wp-content\/uploads\/2021\/05\/20210501_105952-1-1536x1152.jpg 1536w, https:\/\/cottage.cz\/wp-content\/uploads\/2021\/05\/20210501_105952-1-2048x1536.jpg 2048w\" data-sizes=\"(max-width: 1024px) 100vw, 1024px\" src=\"data:image\/svg+xml;base64,PHN2ZyB3aWR0aD0iMSIgaGVpZ2h0PSIxIiB4bWxucz0iaHR0cDovL3d3dy53My5vcmcvMjAwMC9zdmciPjwvc3ZnPg==\" style=\"--smush-placeholder-width: 1024px; --smush-placeholder-aspect-ratio: 1024\/768;\" \/><\/figure>\n<\/figure>\n\n\n\n<p>Aufstieg zum h\u00f6chsten Gipfel des \u0160luknovsk\u00fd-Felsens, Bezahlt (610 m.n.m.)\u00a0Sie k\u00f6nnen von mehreren Seiten aus organisieren.\u00a0Vom Dorf Kunratice bis zum Roten,\u00a0mit fremd\u00a0<a href=\"https:\/\/www.cottage.cz\/de\/zeidler\/\">Zeidler<\/a>\u00a0nach Rot und schlie\u00dflich nach Gr\u00fcn von Star\u00e9 Hrabec\u00ed.\u00a0Die Aussicht direkt von oben ist nicht viel\u00a0(Hohe Buchen versperren die Sicht),\u00a0Aber zum Beispiel sto\u00dfen Sie auf dem Weg von Kunratic auf den Aussichtspunkt Volsk\u00fd k\u00e1men mit dem Bienert-Kreuz.<\/p>\n","protected":false},"excerpt":{"rendered":"<p>Aufstieg zum h\u00f6chsten Gipfel des \u0160luknovsk\u00fd-Felsens, Bezahlt (610 m.n.m.)\u00a0Sie k\u00f6nnen von mehreren Seiten aus organisieren.\u00a0Vom Dorf Kunratice bis zum Roten,\u00a0mit fremd\u00a0Zeidler\u00a0nach Rot und schlie\u00dflich nach Gr\u00fcn von Star\u00e9 Hrabec\u00ed.\u00a0Die Aussicht direkt von oben ist nicht viel\u00a0(Hohe Buchen versperren die Sicht),\u00a0Aber zum Beispiel sto\u00dfen Sie auf dem Weg von Kunratic auf den Aussichtspunkt Volsk\u00fd k\u00e1men mit [&hellip;]<\/p>\n","protected":false},"author":4,"featured_media":16174,"parent":0,"menu_order":0,"comment_status":"closed","ping_status":"closed","template":"","meta":{"_monsterinsights_skip_tracking":false,"_monsterinsights_sitenote_active":false,"_monsterinsights_sitenote_note":"","_monsterinsights_sitenote_category":0,"ngg_post_thumbnail":0,"footnotes":""},"class_list":["post-19932","page","type-page","status-publish","has-post-thumbnail","hentry"],"aioseo_notices":[],"_links":{"self":[{"href":"https:\/\/cottage.cz\/de\/wp-json\/wp\/v2\/pages\/19932","targetHints":{"allow":["GET"]}}],"collection":[{"href":"https:\/\/cottage.cz\/de\/wp-json\/wp\/v2\/pages"}],"about":[{"href":"https:\/\/cottage.cz\/de\/wp-json\/wp\/v2\/types\/page"}],"author":[{"embeddable":true,"href":"https:\/\/cottage.cz\/de\/wp-json\/wp\/v2\/users\/4"}],"replies":[{"embeddable":true,"href":"https:\/\/cottage.cz\/de\/wp-json\/wp\/v2\/comments?post=19932"}],"version-history":[{"count":1,"href":"https:\/\/cottage.cz\/de\/wp-json\/wp\/v2\/pages\/19932\/revisions"}],"predecessor-version":[{"id":19933,"href":"https:\/\/cottage.cz\/de\/wp-json\/wp\/v2\/pages\/19932\/revisions\/19933"}],"wp:featuredmedia":[{"embeddable":true,"href":"https:\/\/cottage.cz\/de\/wp-json\/wp\/v2\/media\/16174"}],"wp:attachment":[{"href":"https:\/\/cottage.cz\/de\/wp-json\/wp\/v2\/media?parent=19932"}],"curies":[{"name":"wp","href":"https:\/\/api.w.org\/{rel}","templated":true}]}}