{"id":19911,"date":"2023-12-06T23:49:15","date_gmt":"2023-12-06T22:49:15","guid":{"rendered":"https:\/\/cottage.napokusy.cz\/?page_id=19911"},"modified":"2023-12-06T23:49:18","modified_gmt":"2023-12-06T22:49:18","slug":"fest","status":"publish","type":"page","link":"https:\/\/cottage.cz\/de\/fest\/","title":{"rendered":"Fest"},"content":{"rendered":"\n<p>Wir k\u00f6nnen f\u00fcr Sie ein Fest in der Tschechischen Schweiz organisieren .<\/p>\n\n\n\n<figure class=\"wp-block-gallery has-nested-images columns-default is-cropped wp-block-gallery-1 is-layout-flex wp-block-gallery-is-layout-flex\">\n<figure class=\"wp-block-image size-large\"><img decoding=\"async\" width=\"1024\" height=\"683\" data-id=\"10662\" data-src=\"https:\/\/www.cottage.cz\/wp-content\/uploads\/2023\/09\/ROS_0018-1024x683.jpg\" alt=\"\" class=\"wp-image-10662 lazyload\" data-srcset=\"https:\/\/cottage.cz\/wp-content\/uploads\/2023\/09\/ROS_0018-1024x683.jpg 1024w, https:\/\/cottage.cz\/wp-content\/uploads\/2023\/09\/ROS_0018-300x200.jpg 300w, https:\/\/cottage.cz\/wp-content\/uploads\/2023\/09\/ROS_0018-768x512.jpg 768w, https:\/\/cottage.cz\/wp-content\/uploads\/2023\/09\/ROS_0018-1536x1025.jpg 1536w, https:\/\/cottage.cz\/wp-content\/uploads\/2023\/09\/ROS_0018-1320x880.jpg 1320w, https:\/\/cottage.cz\/wp-content\/uploads\/2023\/09\/ROS_0018.jpg 1799w\" data-sizes=\"(max-width: 1024px) 100vw, 1024px\" src=\"data:image\/svg+xml;base64,PHN2ZyB3aWR0aD0iMSIgaGVpZ2h0PSIxIiB4bWxucz0iaHR0cDovL3d3dy53My5vcmcvMjAwMC9zdmciPjwvc3ZnPg==\" style=\"--smush-placeholder-width: 1024px; --smush-placeholder-aspect-ratio: 1024\/683;\" \/><\/figure>\n\n\n\n<figure class=\"wp-block-image size-large\"><img decoding=\"async\" width=\"1024\" height=\"683\" data-id=\"10665\" data-src=\"https:\/\/www.cottage.cz\/wp-content\/uploads\/2023\/09\/ROS_0020-1024x683.jpg\" alt=\"\" class=\"wp-image-10665 lazyload\" data-srcset=\"https:\/\/cottage.cz\/wp-content\/uploads\/2023\/09\/ROS_0020-1024x683.jpg 1024w, https:\/\/cottage.cz\/wp-content\/uploads\/2023\/09\/ROS_0020-300x200.jpg 300w, https:\/\/cottage.cz\/wp-content\/uploads\/2023\/09\/ROS_0020-768x512.jpg 768w, https:\/\/cottage.cz\/wp-content\/uploads\/2023\/09\/ROS_0020-1536x1024.jpg 1536w, https:\/\/cottage.cz\/wp-content\/uploads\/2023\/09\/ROS_0020-1320x880.jpg 1320w, https:\/\/cottage.cz\/wp-content\/uploads\/2023\/09\/ROS_0020.jpg 1800w\" data-sizes=\"(max-width: 1024px) 100vw, 1024px\" src=\"data:image\/svg+xml;base64,PHN2ZyB3aWR0aD0iMSIgaGVpZ2h0PSIxIiB4bWxucz0iaHR0cDovL3d3dy53My5vcmcvMjAwMC9zdmciPjwvc3ZnPg==\" style=\"--smush-placeholder-width: 1024px; --smush-placeholder-aspect-ratio: 1024\/683;\" \/><\/figure>\n\n\n\n<figure class=\"wp-block-image size-large\"><img decoding=\"async\" width=\"1024\" height=\"683\" data-id=\"10661\" data-src=\"https:\/\/www.cottage.cz\/wp-content\/uploads\/2023\/09\/ROS_0022-1024x683.jpg\" alt=\"\" class=\"wp-image-10661 lazyload\" data-srcset=\"https:\/\/cottage.cz\/wp-content\/uploads\/2023\/09\/ROS_0022-1024x683.jpg 1024w, https:\/\/cottage.cz\/wp-content\/uploads\/2023\/09\/ROS_0022-300x200.jpg 300w, https:\/\/cottage.cz\/wp-content\/uploads\/2023\/09\/ROS_0022-768x512.jpg 768w, https:\/\/cottage.cz\/wp-content\/uploads\/2023\/09\/ROS_0022-1536x1024.jpg 1536w, https:\/\/cottage.cz\/wp-content\/uploads\/2023\/09\/ROS_0022-1320x880.jpg 1320w, https:\/\/cottage.cz\/wp-content\/uploads\/2023\/09\/ROS_0022.jpg 1800w\" data-sizes=\"(max-width: 1024px) 100vw, 1024px\" src=\"data:image\/svg+xml;base64,PHN2ZyB3aWR0aD0iMSIgaGVpZ2h0PSIxIiB4bWxucz0iaHR0cDovL3d3dy53My5vcmcvMjAwMC9zdmciPjwvc3ZnPg==\" style=\"--smush-placeholder-width: 1024px; --smush-placeholder-aspect-ratio: 1024\/683;\" \/><\/figure>\n\n\n\n<figure class=\"wp-block-image size-large\"><img decoding=\"async\" width=\"1024\" height=\"683\" data-id=\"10663\" data-src=\"https:\/\/www.cottage.cz\/wp-content\/uploads\/2023\/09\/ROS_0024-1024x683.jpg\" alt=\"\" class=\"wp-image-10663 lazyload\" data-srcset=\"https:\/\/cottage.cz\/wp-content\/uploads\/2023\/09\/ROS_0024-1024x683.jpg 1024w, https:\/\/cottage.cz\/wp-content\/uploads\/2023\/09\/ROS_0024-300x200.jpg 300w, https:\/\/cottage.cz\/wp-content\/uploads\/2023\/09\/ROS_0024-768x512.jpg 768w, https:\/\/cottage.cz\/wp-content\/uploads\/2023\/09\/ROS_0024-1536x1024.jpg 1536w, https:\/\/cottage.cz\/wp-content\/uploads\/2023\/09\/ROS_0024-1320x880.jpg 1320w, https:\/\/cottage.cz\/wp-content\/uploads\/2023\/09\/ROS_0024.jpg 1800w\" data-sizes=\"(max-width: 1024px) 100vw, 1024px\" src=\"data:image\/svg+xml;base64,PHN2ZyB3aWR0aD0iMSIgaGVpZ2h0PSIxIiB4bWxucz0iaHR0cDovL3d3dy53My5vcmcvMjAwMC9zdmciPjwvc3ZnPg==\" style=\"--smush-placeholder-width: 1024px; --smush-placeholder-aspect-ratio: 1024\/683;\" \/><\/figure>\n\n\n\n<figure class=\"wp-block-image size-large\"><img decoding=\"async\" width=\"1024\" height=\"683\" data-id=\"10664\" data-src=\"https:\/\/www.cottage.cz\/wp-content\/uploads\/2023\/09\/ROS_0048-1024x683.jpg\" alt=\"\" class=\"wp-image-10664 lazyload\" data-srcset=\"https:\/\/cottage.cz\/wp-content\/uploads\/2023\/09\/ROS_0048-1024x683.jpg 1024w, https:\/\/cottage.cz\/wp-content\/uploads\/2023\/09\/ROS_0048-300x200.jpg 300w, https:\/\/cottage.cz\/wp-content\/uploads\/2023\/09\/ROS_0048-768x512.jpg 768w, https:\/\/cottage.cz\/wp-content\/uploads\/2023\/09\/ROS_0048-1536x1024.jpg 1536w, https:\/\/cottage.cz\/wp-content\/uploads\/2023\/09\/ROS_0048-1320x880.jpg 1320w, https:\/\/cottage.cz\/wp-content\/uploads\/2023\/09\/ROS_0048.jpg 1800w\" data-sizes=\"(max-width: 1024px) 100vw, 1024px\" src=\"data:image\/svg+xml;base64,PHN2ZyB3aWR0aD0iMSIgaGVpZ2h0PSIxIiB4bWxucz0iaHR0cDovL3d3dy53My5vcmcvMjAwMC9zdmciPjwvc3ZnPg==\" style=\"--smush-placeholder-width: 1024px; --smush-placeholder-aspect-ratio: 1024\/683;\" \/><\/figure>\n\n\n\n<figure class=\"wp-block-image size-large\"><img decoding=\"async\" width=\"1024\" height=\"682\" data-id=\"10666\" data-src=\"https:\/\/www.cottage.cz\/wp-content\/uploads\/2023\/09\/ROS_0073-1024x682.jpg\" alt=\"\" class=\"wp-image-10666 lazyload\" data-srcset=\"https:\/\/cottage.cz\/wp-content\/uploads\/2023\/09\/ROS_0073-1024x682.jpg 1024w, https:\/\/cottage.cz\/wp-content\/uploads\/2023\/09\/ROS_0073-300x200.jpg 300w, https:\/\/cottage.cz\/wp-content\/uploads\/2023\/09\/ROS_0073-768x512.jpg 768w, https:\/\/cottage.cz\/wp-content\/uploads\/2023\/09\/ROS_0073-1536x1023.jpg 1536w, https:\/\/cottage.cz\/wp-content\/uploads\/2023\/09\/ROS_0073-1320x879.jpg 1320w, https:\/\/cottage.cz\/wp-content\/uploads\/2023\/09\/ROS_0073.jpg 1800w\" data-sizes=\"(max-width: 1024px) 100vw, 1024px\" src=\"data:image\/svg+xml;base64,PHN2ZyB3aWR0aD0iMSIgaGVpZ2h0PSIxIiB4bWxucz0iaHR0cDovL3d3dy53My5vcmcvMjAwMC9zdmciPjwvc3ZnPg==\" style=\"--smush-placeholder-width: 1024px; --smush-placeholder-aspect-ratio: 1024\/682;\" \/><\/figure>\n\n\n\n<figure class=\"wp-block-image size-large\"><img decoding=\"async\" width=\"1024\" height=\"683\" data-id=\"10667\" data-src=\"https:\/\/www.cottage.cz\/wp-content\/uploads\/2023\/09\/ROS_0103-1024x683.jpg\" alt=\"\" class=\"wp-image-10667 lazyload\" data-srcset=\"https:\/\/cottage.cz\/wp-content\/uploads\/2023\/09\/ROS_0103-1024x683.jpg 1024w, https:\/\/cottage.cz\/wp-content\/uploads\/2023\/09\/ROS_0103-300x200.jpg 300w, https:\/\/cottage.cz\/wp-content\/uploads\/2023\/09\/ROS_0103-768x512.jpg 768w, https:\/\/cottage.cz\/wp-content\/uploads\/2023\/09\/ROS_0103-1536x1024.jpg 1536w, https:\/\/cottage.cz\/wp-content\/uploads\/2023\/09\/ROS_0103-1320x880.jpg 1320w, https:\/\/cottage.cz\/wp-content\/uploads\/2023\/09\/ROS_0103.jpg 1800w\" data-sizes=\"(max-width: 1024px) 100vw, 1024px\" src=\"data:image\/svg+xml;base64,PHN2ZyB3aWR0aD0iMSIgaGVpZ2h0PSIxIiB4bWxucz0iaHR0cDovL3d3dy53My5vcmcvMjAwMC9zdmciPjwvc3ZnPg==\" style=\"--smush-placeholder-width: 1024px; --smush-placeholder-aspect-ratio: 1024\/683;\" \/><\/figure>\n\n\n\n<figure class=\"wp-block-image size-large\"><img decoding=\"async\" width=\"682\" height=\"1024\" data-id=\"10668\" data-src=\"https:\/\/www.cottage.cz\/wp-content\/uploads\/2023\/09\/ROS_0116-682x1024.jpg\" alt=\"\" class=\"wp-image-10668 lazyload\" data-srcset=\"https:\/\/cottage.cz\/wp-content\/uploads\/2023\/09\/ROS_0116-682x1024.jpg 682w, https:\/\/cottage.cz\/wp-content\/uploads\/2023\/09\/ROS_0116-200x300.jpg 200w, https:\/\/cottage.cz\/wp-content\/uploads\/2023\/09\/ROS_0116-768x1153.jpg 768w, https:\/\/cottage.cz\/wp-content\/uploads\/2023\/09\/ROS_0116.jpg 799w\" data-sizes=\"(max-width: 682px) 100vw, 682px\" src=\"data:image\/svg+xml;base64,PHN2ZyB3aWR0aD0iMSIgaGVpZ2h0PSIxIiB4bWxucz0iaHR0cDovL3d3dy53My5vcmcvMjAwMC9zdmciPjwvc3ZnPg==\" style=\"--smush-placeholder-width: 682px; --smush-placeholder-aspect-ratio: 682\/1024;\" \/><\/figure>\n\n\n\n<figure class=\"wp-block-image size-large\"><img decoding=\"async\" width=\"1024\" height=\"683\" data-id=\"10669\" data-src=\"https:\/\/www.cottage.cz\/wp-content\/uploads\/2023\/09\/ROS_0194-1024x683.jpg\" alt=\"\" class=\"wp-image-10669 lazyload\" data-srcset=\"https:\/\/cottage.cz\/wp-content\/uploads\/2023\/09\/ROS_0194-1024x683.jpg 1024w, https:\/\/cottage.cz\/wp-content\/uploads\/2023\/09\/ROS_0194-300x200.jpg 300w, https:\/\/cottage.cz\/wp-content\/uploads\/2023\/09\/ROS_0194-768x512.jpg 768w, https:\/\/cottage.cz\/wp-content\/uploads\/2023\/09\/ROS_0194-1536x1024.jpg 1536w, https:\/\/cottage.cz\/wp-content\/uploads\/2023\/09\/ROS_0194-1320x880.jpg 1320w, https:\/\/cottage.cz\/wp-content\/uploads\/2023\/09\/ROS_0194.jpg 1800w\" data-sizes=\"(max-width: 1024px) 100vw, 1024px\" src=\"data:image\/svg+xml;base64,PHN2ZyB3aWR0aD0iMSIgaGVpZ2h0PSIxIiB4bWxucz0iaHR0cDovL3d3dy53My5vcmcvMjAwMC9zdmciPjwvc3ZnPg==\" style=\"--smush-placeholder-width: 1024px; --smush-placeholder-aspect-ratio: 1024\/683;\" \/><\/figure>\n\n\n\n<figure class=\"wp-block-image size-large\"><img decoding=\"async\" width=\"1024\" height=\"683\" data-id=\"10670\" data-src=\"https:\/\/www.cottage.cz\/wp-content\/uploads\/2023\/09\/ROS_0212-1024x683.jpg\" alt=\"\" class=\"wp-image-10670 lazyload\" data-srcset=\"https:\/\/cottage.cz\/wp-content\/uploads\/2023\/09\/ROS_0212-1024x683.jpg 1024w, https:\/\/cottage.cz\/wp-content\/uploads\/2023\/09\/ROS_0212-300x200.jpg 300w, https:\/\/cottage.cz\/wp-content\/uploads\/2023\/09\/ROS_0212-768x512.jpg 768w, https:\/\/cottage.cz\/wp-content\/uploads\/2023\/09\/ROS_0212-1536x1024.jpg 1536w, https:\/\/cottage.cz\/wp-content\/uploads\/2023\/09\/ROS_0212-1320x880.jpg 1320w, https:\/\/cottage.cz\/wp-content\/uploads\/2023\/09\/ROS_0212.jpg 1800w\" data-sizes=\"(max-width: 1024px) 100vw, 1024px\" src=\"data:image\/svg+xml;base64,PHN2ZyB3aWR0aD0iMSIgaGVpZ2h0PSIxIiB4bWxucz0iaHR0cDovL3d3dy53My5vcmcvMjAwMC9zdmciPjwvc3ZnPg==\" style=\"--smush-placeholder-width: 1024px; --smush-placeholder-aspect-ratio: 1024\/683;\" \/><\/figure>\n\n\n\n<figure class=\"wp-block-image size-large\"><img decoding=\"async\" width=\"1024\" height=\"683\" data-id=\"10671\" data-src=\"https:\/\/www.cottage.cz\/wp-content\/uploads\/2023\/09\/ROS_0248-1024x683.jpg\" alt=\"\" class=\"wp-image-10671 lazyload\" data-srcset=\"https:\/\/cottage.cz\/wp-content\/uploads\/2023\/09\/ROS_0248-1024x683.jpg 1024w, https:\/\/cottage.cz\/wp-content\/uploads\/2023\/09\/ROS_0248-300x200.jpg 300w, https:\/\/cottage.cz\/wp-content\/uploads\/2023\/09\/ROS_0248-768x512.jpg 768w, https:\/\/cottage.cz\/wp-content\/uploads\/2023\/09\/ROS_0248-1536x1024.jpg 1536w, https:\/\/cottage.cz\/wp-content\/uploads\/2023\/09\/ROS_0248-1320x880.jpg 1320w, https:\/\/cottage.cz\/wp-content\/uploads\/2023\/09\/ROS_0248.jpg 1800w\" data-sizes=\"(max-width: 1024px) 100vw, 1024px\" src=\"data:image\/svg+xml;base64,PHN2ZyB3aWR0aD0iMSIgaGVpZ2h0PSIxIiB4bWxucz0iaHR0cDovL3d3dy53My5vcmcvMjAwMC9zdmciPjwvc3ZnPg==\" style=\"--smush-placeholder-width: 1024px; --smush-placeholder-aspect-ratio: 1024\/683;\" \/><\/figure>\n\n\n\n<figure class=\"wp-block-image size-large\"><img decoding=\"async\" width=\"1024\" height=\"1024\" data-id=\"10672\" data-src=\"https:\/\/www.cottage.cz\/wp-content\/uploads\/2023\/09\/ROS_0252-1-1024x1024.jpg\" alt=\"\" class=\"wp-image-10672 lazyload\" data-srcset=\"https:\/\/cottage.cz\/wp-content\/uploads\/2023\/09\/ROS_0252-1-1024x1024.jpg 1024w, https:\/\/cottage.cz\/wp-content\/uploads\/2023\/09\/ROS_0252-1-300x300.jpg 300w, https:\/\/cottage.cz\/wp-content\/uploads\/2023\/09\/ROS_0252-1-150x150.jpg 150w, https:\/\/cottage.cz\/wp-content\/uploads\/2023\/09\/ROS_0252-1-768x768.jpg 768w, https:\/\/cottage.cz\/wp-content\/uploads\/2023\/09\/ROS_0252-1-45x45.jpg 45w, https:\/\/cottage.cz\/wp-content\/uploads\/2023\/09\/ROS_0252-1.jpg 1200w\" data-sizes=\"(max-width: 1024px) 100vw, 1024px\" src=\"data:image\/svg+xml;base64,PHN2ZyB3aWR0aD0iMSIgaGVpZ2h0PSIxIiB4bWxucz0iaHR0cDovL3d3dy53My5vcmcvMjAwMC9zdmciPjwvc3ZnPg==\" style=\"--smush-placeholder-width: 1024px; --smush-placeholder-aspect-ratio: 1024\/1024;\" \/><\/figure>\n\n\n\n<figure class=\"wp-block-image size-large\"><img decoding=\"async\" width=\"1024\" height=\"683\" data-id=\"10673\" data-src=\"https:\/\/www.cottage.cz\/wp-content\/uploads\/2023\/09\/ROS_0255-1024x683.jpg\" alt=\"\" class=\"wp-image-10673 lazyload\" data-srcset=\"https:\/\/cottage.cz\/wp-content\/uploads\/2023\/09\/ROS_0255-1024x683.jpg 1024w, https:\/\/cottage.cz\/wp-content\/uploads\/2023\/09\/ROS_0255-300x200.jpg 300w, https:\/\/cottage.cz\/wp-content\/uploads\/2023\/09\/ROS_0255-768x512.jpg 768w, https:\/\/cottage.cz\/wp-content\/uploads\/2023\/09\/ROS_0255-1536x1024.jpg 1536w, https:\/\/cottage.cz\/wp-content\/uploads\/2023\/09\/ROS_0255-1320x880.jpg 1320w, https:\/\/cottage.cz\/wp-content\/uploads\/2023\/09\/ROS_0255.jpg 1800w\" data-sizes=\"(max-width: 1024px) 100vw, 1024px\" src=\"data:image\/svg+xml;base64,PHN2ZyB3aWR0aD0iMSIgaGVpZ2h0PSIxIiB4bWxucz0iaHR0cDovL3d3dy53My5vcmcvMjAwMC9zdmciPjwvc3ZnPg==\" style=\"--smush-placeholder-width: 1024px; --smush-placeholder-aspect-ratio: 1024\/683;\" \/><\/figure>\n\n\n\n<figure class=\"wp-block-image size-large\"><img decoding=\"async\" width=\"1024\" height=\"682\" data-id=\"10674\" data-src=\"https:\/\/www.cottage.cz\/wp-content\/uploads\/2023\/09\/ROS_0394-1024x682.jpg\" alt=\"\" class=\"wp-image-10674 lazyload\" data-srcset=\"https:\/\/cottage.cz\/wp-content\/uploads\/2023\/09\/ROS_0394-1024x682.jpg 1024w, https:\/\/cottage.cz\/wp-content\/uploads\/2023\/09\/ROS_0394-300x200.jpg 300w, https:\/\/cottage.cz\/wp-content\/uploads\/2023\/09\/ROS_0394-768x512.jpg 768w, https:\/\/cottage.cz\/wp-content\/uploads\/2023\/09\/ROS_0394-1536x1023.jpg 1536w, https:\/\/cottage.cz\/wp-content\/uploads\/2023\/09\/ROS_0394-1320x879.jpg 1320w, https:\/\/cottage.cz\/wp-content\/uploads\/2023\/09\/ROS_0394.jpg 1800w\" data-sizes=\"(max-width: 1024px) 100vw, 1024px\" src=\"data:image\/svg+xml;base64,PHN2ZyB3aWR0aD0iMSIgaGVpZ2h0PSIxIiB4bWxucz0iaHR0cDovL3d3dy53My5vcmcvMjAwMC9zdmciPjwvc3ZnPg==\" style=\"--smush-placeholder-width: 1024px; --smush-placeholder-aspect-ratio: 1024\/682;\" \/><\/figure>\n\n\n\n<figure class=\"wp-block-image size-large\"><img decoding=\"async\" width=\"1024\" height=\"683\" data-id=\"10675\" data-src=\"https:\/\/www.cottage.cz\/wp-content\/uploads\/2023\/09\/ROS_0507-1024x683.jpg\" alt=\"\" class=\"wp-image-10675 lazyload\" data-srcset=\"https:\/\/cottage.cz\/wp-content\/uploads\/2023\/09\/ROS_0507-1024x683.jpg 1024w, https:\/\/cottage.cz\/wp-content\/uploads\/2023\/09\/ROS_0507-300x200.jpg 300w, https:\/\/cottage.cz\/wp-content\/uploads\/2023\/09\/ROS_0507-768x512.jpg 768w, https:\/\/cottage.cz\/wp-content\/uploads\/2023\/09\/ROS_0507-1536x1024.jpg 1536w, https:\/\/cottage.cz\/wp-content\/uploads\/2023\/09\/ROS_0507-1320x880.jpg 1320w, https:\/\/cottage.cz\/wp-content\/uploads\/2023\/09\/ROS_0507.jpg 1800w\" data-sizes=\"(max-width: 1024px) 100vw, 1024px\" src=\"data:image\/svg+xml;base64,PHN2ZyB3aWR0aD0iMSIgaGVpZ2h0PSIxIiB4bWxucz0iaHR0cDovL3d3dy53My5vcmcvMjAwMC9zdmciPjwvc3ZnPg==\" style=\"--smush-placeholder-width: 1024px; --smush-placeholder-aspect-ratio: 1024\/683;\" \/><\/figure>\n\n\n\n<figure class=\"wp-block-image size-large\"><img decoding=\"async\" width=\"1024\" height=\"683\" data-id=\"10676\" data-src=\"https:\/\/www.cottage.cz\/wp-content\/uploads\/2023\/09\/ROS_0519-1-1024x683.jpg\" alt=\"\" class=\"wp-image-10676 lazyload\" data-srcset=\"https:\/\/cottage.cz\/wp-content\/uploads\/2023\/09\/ROS_0519-1-1024x683.jpg 1024w, https:\/\/cottage.cz\/wp-content\/uploads\/2023\/09\/ROS_0519-1-300x200.jpg 300w, https:\/\/cottage.cz\/wp-content\/uploads\/2023\/09\/ROS_0519-1-768x512.jpg 768w, https:\/\/cottage.cz\/wp-content\/uploads\/2023\/09\/ROS_0519-1-1536x1024.jpg 1536w, https:\/\/cottage.cz\/wp-content\/uploads\/2023\/09\/ROS_0519-1-1320x880.jpg 1320w, https:\/\/cottage.cz\/wp-content\/uploads\/2023\/09\/ROS_0519-1.jpg 1800w\" data-sizes=\"(max-width: 1024px) 100vw, 1024px\" src=\"data:image\/svg+xml;base64,PHN2ZyB3aWR0aD0iMSIgaGVpZ2h0PSIxIiB4bWxucz0iaHR0cDovL3d3dy53My5vcmcvMjAwMC9zdmciPjwvc3ZnPg==\" style=\"--smush-placeholder-width: 1024px; --smush-placeholder-aspect-ratio: 1024\/683;\" \/><\/figure>\n<\/figure>\n\n\n\n<p>Vielen Dank, Eva Mina\u0159\u00edkov\u00e1 (Buntes Kochen) f\u00fcr das Catering und Ros\u0165a K\u0159iv\u00e1nek f\u00fcr die Fotografie.<\/p>\n","protected":false},"excerpt":{"rendered":"<p>Wir k\u00f6nnen f\u00fcr Sie ein Fest in der Tschechischen Schweiz organisieren . Vielen Dank, Eva Mina\u0159\u00edkov\u00e1 (Buntes Kochen) f\u00fcr das Catering und Ros\u0165a K\u0159iv\u00e1nek f\u00fcr die Fotografie.<\/p>\n","protected":false},"author":4,"featured_media":19543,"parent":0,"menu_order":0,"comment_status":"closed","ping_status":"closed","template":"","meta":{"_monsterinsights_skip_tracking":false,"_monsterinsights_sitenote_active":false,"_monsterinsights_sitenote_note":"","_monsterinsights_sitenote_category":0,"ngg_post_thumbnail":0,"footnotes":""},"class_list":["post-19911","page","type-page","status-publish","has-post-thumbnail","hentry"],"aioseo_notices":[],"_links":{"self":[{"href":"https:\/\/cottage.cz\/de\/wp-json\/wp\/v2\/pages\/19911","targetHints":{"allow":["GET"]}}],"collection":[{"href":"https:\/\/cottage.cz\/de\/wp-json\/wp\/v2\/pages"}],"about":[{"href":"https:\/\/cottage.cz\/de\/wp-json\/wp\/v2\/types\/page"}],"author":[{"embeddable":true,"href":"https:\/\/cottage.cz\/de\/wp-json\/wp\/v2\/users\/4"}],"replies":[{"embeddable":true,"href":"https:\/\/cottage.cz\/de\/wp-json\/wp\/v2\/comments?post=19911"}],"version-history":[{"count":1,"href":"https:\/\/cottage.cz\/de\/wp-json\/wp\/v2\/pages\/19911\/revisions"}],"predecessor-version":[{"id":19912,"href":"https:\/\/cottage.cz\/de\/wp-json\/wp\/v2\/pages\/19911\/revisions\/19912"}],"wp:featuredmedia":[{"embeddable":true,"href":"https:\/\/cottage.cz\/de\/wp-json\/wp\/v2\/media\/19543"}],"wp:attachment":[{"href":"https:\/\/cottage.cz\/de\/wp-json\/wp\/v2\/media?parent=19911"}],"curies":[{"name":"wp","href":"https:\/\/api.w.org\/{rel}","templated":true}]}}