{"id":19889,"date":"2023-12-06T23:26:15","date_gmt":"2023-12-06T22:26:15","guid":{"rendered":"https:\/\/cottage.napokusy.cz\/?page_id=19889"},"modified":"2025-09-18T10:33:34","modified_gmt":"2025-09-18T08:33:34","slug":"finnische-sauna","status":"publish","type":"page","link":"https:\/\/cottage.cz\/de\/finnische-sauna\/","title":{"rendered":"Finnische Sauna"},"content":{"rendered":"\n<figure class=\"wp-block-gallery has-nested-images columns-default is-cropped wp-block-gallery-1 is-layout-flex wp-block-gallery-is-layout-flex\">\n<figure class=\"wp-block-image size-large\"><img decoding=\"async\" width=\"1024\" height=\"682\" data-id=\"10707\" data-src=\"https:\/\/www.cottage.cz\/wp-content\/uploads\/2023\/10\/IMG-20230926-WA0014-1024x682.jpg\" alt=\"\" class=\"wp-image-10707 lazyload\" data-srcset=\"https:\/\/cottage.cz\/wp-content\/uploads\/2023\/10\/IMG-20230926-WA0014-1024x682.jpg 1024w, https:\/\/cottage.cz\/wp-content\/uploads\/2023\/10\/IMG-20230926-WA0014-300x200.jpg 300w, https:\/\/cottage.cz\/wp-content\/uploads\/2023\/10\/IMG-20230926-WA0014-768x512.jpg 768w, https:\/\/cottage.cz\/wp-content\/uploads\/2023\/10\/IMG-20230926-WA0014-1536x1023.jpg 1536w, https:\/\/cottage.cz\/wp-content\/uploads\/2023\/10\/IMG-20230926-WA0014-1320x879.jpg 1320w, https:\/\/cottage.cz\/wp-content\/uploads\/2023\/10\/IMG-20230926-WA0014.jpg 1800w\" data-sizes=\"(max-width: 1024px) 100vw, 1024px\" src=\"data:image\/svg+xml;base64,PHN2ZyB3aWR0aD0iMSIgaGVpZ2h0PSIxIiB4bWxucz0iaHR0cDovL3d3dy53My5vcmcvMjAwMC9zdmciPjwvc3ZnPg==\" style=\"--smush-placeholder-width: 1024px; --smush-placeholder-aspect-ratio: 1024\/682;\" \/><figcaption class=\"wp-element-caption\">finnische Sauna<\/figcaption><\/figure>\n\n\n\n<figure class=\"wp-block-image size-large\"><img decoding=\"async\" width=\"1024\" height=\"683\" data-id=\"10706\" data-src=\"https:\/\/www.cottage.cz\/wp-content\/uploads\/2023\/10\/IMG-20230926-WA0012-1024x683.jpg\" alt=\"\" class=\"wp-image-10706 lazyload\" data-srcset=\"https:\/\/cottage.cz\/wp-content\/uploads\/2023\/10\/IMG-20230926-WA0012-1024x683.jpg 1024w, https:\/\/cottage.cz\/wp-content\/uploads\/2023\/10\/IMG-20230926-WA0012-300x200.jpg 300w, https:\/\/cottage.cz\/wp-content\/uploads\/2023\/10\/IMG-20230926-WA0012-768x512.jpg 768w, https:\/\/cottage.cz\/wp-content\/uploads\/2023\/10\/IMG-20230926-WA0012-1536x1024.jpg 1536w, https:\/\/cottage.cz\/wp-content\/uploads\/2023\/10\/IMG-20230926-WA0012-1320x880.jpg 1320w, https:\/\/cottage.cz\/wp-content\/uploads\/2023\/10\/IMG-20230926-WA0012.jpg 1800w\" data-sizes=\"(max-width: 1024px) 100vw, 1024px\" src=\"data:image\/svg+xml;base64,PHN2ZyB3aWR0aD0iMSIgaGVpZ2h0PSIxIiB4bWxucz0iaHR0cDovL3d3dy53My5vcmcvMjAwMC9zdmciPjwvc3ZnPg==\" style=\"--smush-placeholder-width: 1024px; --smush-placeholder-aspect-ratio: 1024\/683;\" \/><figcaption class=\"wp-element-caption\">Entspannungszone<\/figcaption><\/figure>\n\n\n\n<figure class=\"wp-block-image size-large\"><img decoding=\"async\" width=\"1600\" height=\"1067\" data-id=\"5715\" data-src=\"https:\/\/www.cottage.cz\/wp-content\/uploads\/2018\/11\/RV_CZ_Cottage_Night7-e1581598483798.jpg\" alt=\"\" class=\"wp-image-5715 lazyload\" src=\"data:image\/svg+xml;base64,PHN2ZyB3aWR0aD0iMSIgaGVpZ2h0PSIxIiB4bWxucz0iaHR0cDovL3d3dy53My5vcmcvMjAwMC9zdmciPjwvc3ZnPg==\" style=\"--smush-placeholder-width: 1600px; --smush-placeholder-aspect-ratio: 1600\/1067;\" \/><figcaption class=\"wp-element-caption\">Abklingbecken<\/figcaption><\/figure>\n<\/figure>\n\n\n\n<p>Wir bieten unseren G\u00e4sten nur eine private finnische Sauna mit einer Kapazit\u00e4t von bis zu 6 Leute. Wir bereiten die Laken f\u00fcr Sie vor, Wasser mit Obst und sch\u00f6n kalt im Freien\u00a0<a href=\"https:\/\/www.cottage.cz\/de\/koupaci-jezirko\/\">Badebiotop<\/a>. Wir empfehlen Saunag\u00e4nge und Schwimmen ohne Badebekleidung. In unserem Garten ist es still, Ruhe und Privatsph\u00e4re. Sauna ist im Preis inbegriffen\u00a0<a href=\"https:\/\/www.cottage.cz\/de\/nature-wellness\/\">privates Wellness<\/a>.<\/p>\n\n\n\n<p>Es besteht auch die M\u00f6glichkeit, die gemeinschaftliche (und private) Naturfeuersauna in <a href=\"https:\/\/cottage.cz\/de\/haerterei-und-sauna\/\" title=\"Otuzovarna: H\u00e4rterei und Sauna\">Otu\u017eov\u00e1rna<\/a> (500 m vom Bohemian Cottage entfernt) zu nutzen. F\u00fcr bis zu 8 Personen mit der M\u00f6glichkeit von Saunaritualen.<\/p>\n\n\n\n<p><\/p>\n\n\n\n<figure class=\"wp-block-gallery has-nested-images columns-default is-cropped wp-block-gallery-2 is-layout-flex wp-block-gallery-is-layout-flex\">\n<figure class=\"wp-block-image size-large\"><img decoding=\"async\" width=\"768\" height=\"1024\" data-id=\"24705\" data-src=\"https:\/\/cottage.cz\/wp-content\/uploads\/2024\/11\/20250110_144252-768x1024.jpg\" alt=\"\" class=\"wp-image-24705 lazyload\" data-srcset=\"https:\/\/cottage.cz\/wp-content\/uploads\/2024\/11\/20250110_144252-768x1024.jpg 768w, https:\/\/cottage.cz\/wp-content\/uploads\/2024\/11\/20250110_144252-225x300.jpg 225w, https:\/\/cottage.cz\/wp-content\/uploads\/2024\/11\/20250110_144252-1152x1536.jpg 1152w, https:\/\/cottage.cz\/wp-content\/uploads\/2024\/11\/20250110_144252-1536x2048.jpg 1536w, https:\/\/cottage.cz\/wp-content\/uploads\/2024\/11\/20250110_144252-scaled.jpg 1920w\" data-sizes=\"(max-width: 768px) 100vw, 768px\" src=\"data:image\/svg+xml;base64,PHN2ZyB3aWR0aD0iMSIgaGVpZ2h0PSIxIiB4bWxucz0iaHR0cDovL3d3dy53My5vcmcvMjAwMC9zdmciPjwvc3ZnPg==\" style=\"--smush-placeholder-width: 768px; --smush-placeholder-aspect-ratio: 768\/1024;\" \/><\/figure>\n\n\n\n<figure class=\"wp-block-image size-large\"><img decoding=\"async\" width=\"768\" height=\"1024\" data-id=\"27387\" data-src=\"https:\/\/cottage.cz\/wp-content\/uploads\/2025\/08\/20241101_162437-768x1024.jpg\" alt=\"\" class=\"wp-image-27387 lazyload\" data-srcset=\"https:\/\/cottage.cz\/wp-content\/uploads\/2025\/08\/20241101_162437-768x1024.jpg 768w, https:\/\/cottage.cz\/wp-content\/uploads\/2025\/08\/20241101_162437-225x300.jpg 225w, https:\/\/cottage.cz\/wp-content\/uploads\/2025\/08\/20241101_162437-1152x1536.jpg 1152w, https:\/\/cottage.cz\/wp-content\/uploads\/2025\/08\/20241101_162437-1536x2048.jpg 1536w, https:\/\/cottage.cz\/wp-content\/uploads\/2025\/08\/20241101_162437-scaled.jpg 1920w\" data-sizes=\"(max-width: 768px) 100vw, 768px\" src=\"data:image\/svg+xml;base64,PHN2ZyB3aWR0aD0iMSIgaGVpZ2h0PSIxIiB4bWxucz0iaHR0cDovL3d3dy53My5vcmcvMjAwMC9zdmciPjwvc3ZnPg==\" style=\"--smush-placeholder-width: 768px; --smush-placeholder-aspect-ratio: 768\/1024;\" \/><\/figure>\n\n\n\n<figure class=\"wp-block-image size-large\"><img decoding=\"async\" width=\"768\" height=\"1024\" data-id=\"24786\" data-src=\"https:\/\/cottage.cz\/wp-content\/uploads\/2025\/02\/20250103_160421-768x1024.jpg\" alt=\"\" class=\"wp-image-24786 lazyload\" data-srcset=\"https:\/\/cottage.cz\/wp-content\/uploads\/2025\/02\/20250103_160421-768x1024.jpg 768w, https:\/\/cottage.cz\/wp-content\/uploads\/2025\/02\/20250103_160421-225x300.jpg 225w, https:\/\/cottage.cz\/wp-content\/uploads\/2025\/02\/20250103_160421-1152x1536.jpg 1152w, https:\/\/cottage.cz\/wp-content\/uploads\/2025\/02\/20250103_160421-1536x2048.jpg 1536w, https:\/\/cottage.cz\/wp-content\/uploads\/2025\/02\/20250103_160421-scaled.jpg 1920w\" data-sizes=\"(max-width: 768px) 100vw, 768px\" src=\"data:image\/svg+xml;base64,PHN2ZyB3aWR0aD0iMSIgaGVpZ2h0PSIxIiB4bWxucz0iaHR0cDovL3d3dy53My5vcmcvMjAwMC9zdmciPjwvc3ZnPg==\" style=\"--smush-placeholder-width: 768px; --smush-placeholder-aspect-ratio: 768\/1024;\" \/><\/figure>\n<\/figure>\n\n\n\n<p><\/p>\n","protected":false},"excerpt":{"rendered":"<p>Wir bieten unseren G\u00e4sten nur eine private finnische Sauna mit einer Kapazit\u00e4t von bis zu 6 Leute. Wir bereiten die Laken f\u00fcr Sie vor, Wasser mit Obst und sch\u00f6n kalt im Freien\u00a0Badebiotop. Wir empfehlen Saunag\u00e4nge und Schwimmen ohne Badebekleidung. In unserem Garten ist es still, Ruhe und Privatsph\u00e4re. Sauna ist im Preis inbegriffen\u00a0privates Wellness. Es [&hellip;]<\/p>\n","protected":false},"author":4,"featured_media":19582,"parent":0,"menu_order":0,"comment_status":"closed","ping_status":"closed","template":"","meta":{"_monsterinsights_skip_tracking":false,"_monsterinsights_sitenote_active":false,"_monsterinsights_sitenote_note":"","_monsterinsights_sitenote_category":0,"ngg_post_thumbnail":0,"footnotes":""},"class_list":["post-19889","page","type-page","status-publish","has-post-thumbnail","hentry"],"aioseo_notices":[],"_links":{"self":[{"href":"https:\/\/cottage.cz\/de\/wp-json\/wp\/v2\/pages\/19889","targetHints":{"allow":["GET"]}}],"collection":[{"href":"https:\/\/cottage.cz\/de\/wp-json\/wp\/v2\/pages"}],"about":[{"href":"https:\/\/cottage.cz\/de\/wp-json\/wp\/v2\/types\/page"}],"author":[{"embeddable":true,"href":"https:\/\/cottage.cz\/de\/wp-json\/wp\/v2\/users\/4"}],"replies":[{"embeddable":true,"href":"https:\/\/cottage.cz\/de\/wp-json\/wp\/v2\/comments?post=19889"}],"version-history":[{"count":2,"href":"https:\/\/cottage.cz\/de\/wp-json\/wp\/v2\/pages\/19889\/revisions"}],"predecessor-version":[{"id":27576,"href":"https:\/\/cottage.cz\/de\/wp-json\/wp\/v2\/pages\/19889\/revisions\/27576"}],"wp:featuredmedia":[{"embeddable":true,"href":"https:\/\/cottage.cz\/de\/wp-json\/wp\/v2\/media\/19582"}],"wp:attachment":[{"href":"https:\/\/cottage.cz\/de\/wp-json\/wp\/v2\/media?parent=19889"}],"curies":[{"name":"wp","href":"https:\/\/api.w.org\/{rel}","templated":true}]}}