{"id":19861,"date":"2023-12-06T22:23:02","date_gmt":"2023-12-06T21:23:02","guid":{"rendered":"https:\/\/cottage.napokusy.cz\/?page_id=19861"},"modified":"2023-12-06T22:29:03","modified_gmt":"2023-12-06T21:29:03","slug":"doubice","status":"publish","type":"page","link":"https:\/\/cottage.cz\/de\/doubice\/","title":{"rendered":"Doubice"},"content":{"rendered":"<div class=\"gallery-1 gallery-wrapper columns-wrapper\"><div class=\"gallery-column\"><a class=\"gallery-item photoswipe-item\" data-caption=\"Stra\u00dfe von V\u00e1penka nach Doubice\" data-width=\"2976\" data-height=\"3968\" href=\"https:\/\/cottage.cz\/wp-content\/uploads\/2018\/11\/IMG_20181117_132942.jpg\" rel=\"lightbox[19861]\"><img decoding=\"async\" class=\"gallery-img-desktop lazyload\" data-src=\"https:\/\/cottage.cz\/wp-content\/uploads\/2018\/11\/IMG_20181117_132942-550x309.jpg\" alt=\"\" src=\"data:image\/svg+xml;base64,PHN2ZyB3aWR0aD0iMSIgaGVpZ2h0PSIxIiB4bWxucz0iaHR0cDovL3d3dy53My5vcmcvMjAwMC9zdmciPjwvc3ZnPg==\" style=\"--smush-placeholder-width: 550px; --smush-placeholder-aspect-ratio: 550\/309;\" \/><img decoding=\"async\" class=\"gallery-img-mobile lazyload\" data-src=\"https:\/\/cottage.cz\/wp-content\/uploads\/2018\/11\/IMG_20181117_132942-500x500.jpg\" alt=\"\" src=\"data:image\/svg+xml;base64,PHN2ZyB3aWR0aD0iMSIgaGVpZ2h0PSIxIiB4bWxucz0iaHR0cDovL3d3dy53My5vcmcvMjAwMC9zdmciPjwvc3ZnPg==\" style=\"--smush-placeholder-width: 500px; --smush-placeholder-aspect-ratio: 500\/500;\" \/><div class=\"gallery-enlarge\"><\/div><\/a><\/div><div class=\"gallery-column\"><a class=\"gallery-item photoswipe-item\" data-caption=\"Umspannwerk in Doubica\" data-width=\"2976\" data-height=\"3968\" href=\"https:\/\/cottage.cz\/wp-content\/uploads\/2018\/11\/IMG_20181117_130412-1.jpg\" rel=\"lightbox[19861]\"><img decoding=\"async\" class=\"gallery-img-desktop lazyload\" data-src=\"https:\/\/cottage.cz\/wp-content\/uploads\/2018\/11\/IMG_20181117_130412-1-550x309.jpg\" alt=\"\" src=\"data:image\/svg+xml;base64,PHN2ZyB3aWR0aD0iMSIgaGVpZ2h0PSIxIiB4bWxucz0iaHR0cDovL3d3dy53My5vcmcvMjAwMC9zdmciPjwvc3ZnPg==\" style=\"--smush-placeholder-width: 550px; --smush-placeholder-aspect-ratio: 550\/309;\" \/><img decoding=\"async\" class=\"gallery-img-mobile lazyload\" data-src=\"https:\/\/cottage.cz\/wp-content\/uploads\/2018\/11\/IMG_20181117_130412-1-500x500.jpg\" alt=\"\" src=\"data:image\/svg+xml;base64,PHN2ZyB3aWR0aD0iMSIgaGVpZ2h0PSIxIiB4bWxucz0iaHR0cDovL3d3dy53My5vcmcvMjAwMC9zdmciPjwvc3ZnPg==\" style=\"--smush-placeholder-width: 500px; --smush-placeholder-aspect-ratio: 500\/500;\" \/><div class=\"gallery-enlarge\"><\/div><\/a><\/div><div class=\"gallery-column\"><a class=\"gallery-item photoswipe-item\" data-caption=\"Zentrum des Dorfes Doubice\" data-width=\"3968\" data-height=\"2976\" href=\"https:\/\/cottage.cz\/wp-content\/uploads\/2018\/11\/IMG_20181117_121019-1.jpg\" rel=\"lightbox[19861]\"><img decoding=\"async\" class=\"gallery-img-desktop lazyload\" data-src=\"https:\/\/cottage.cz\/wp-content\/uploads\/2018\/11\/IMG_20181117_121019-1-550x309.jpg\" alt=\"\" src=\"data:image\/svg+xml;base64,PHN2ZyB3aWR0aD0iMSIgaGVpZ2h0PSIxIiB4bWxucz0iaHR0cDovL3d3dy53My5vcmcvMjAwMC9zdmciPjwvc3ZnPg==\" style=\"--smush-placeholder-width: 550px; --smush-placeholder-aspect-ratio: 550\/309;\" \/><img decoding=\"async\" class=\"gallery-img-mobile lazyload\" data-src=\"https:\/\/cottage.cz\/wp-content\/uploads\/2018\/11\/IMG_20181117_121019-1-500x500.jpg\" alt=\"\" src=\"data:image\/svg+xml;base64,PHN2ZyB3aWR0aD0iMSIgaGVpZ2h0PSIxIiB4bWxucz0iaHR0cDovL3d3dy53My5vcmcvMjAwMC9zdmciPjwvc3ZnPg==\" style=\"--smush-placeholder-width: 500px; --smush-placeholder-aspect-ratio: 500\/500;\" \/><div class=\"gallery-enlarge\"><\/div><\/a><\/div><div class=\"gallery-column\"><a class=\"gallery-item photoswipe-item\" data-caption=\"die Stra\u00dfe von Rybni\u0161t\u011b nach Doubice\" data-width=\"3968\" data-height=\"2976\" href=\"https:\/\/cottage.cz\/wp-content\/uploads\/2018\/11\/IMG_20181117_120406-1.jpg\" rel=\"lightbox[19861]\"><img decoding=\"async\" class=\"gallery-img-desktop lazyload\" data-src=\"https:\/\/cottage.cz\/wp-content\/uploads\/2018\/11\/IMG_20181117_120406-1-550x309.jpg\" alt=\"\" src=\"data:image\/svg+xml;base64,PHN2ZyB3aWR0aD0iMSIgaGVpZ2h0PSIxIiB4bWxucz0iaHR0cDovL3d3dy53My5vcmcvMjAwMC9zdmciPjwvc3ZnPg==\" style=\"--smush-placeholder-width: 550px; --smush-placeholder-aspect-ratio: 550\/309;\" \/><img decoding=\"async\" class=\"gallery-img-mobile lazyload\" data-src=\"https:\/\/cottage.cz\/wp-content\/uploads\/2018\/11\/IMG_20181117_120406-1-500x500.jpg\" alt=\"\" src=\"data:image\/svg+xml;base64,PHN2ZyB3aWR0aD0iMSIgaGVpZ2h0PSIxIiB4bWxucz0iaHR0cDovL3d3dy53My5vcmcvMjAwMC9zdmciPjwvc3ZnPg==\" style=\"--smush-placeholder-width: 500px; --smush-placeholder-aspect-ratio: 500\/500;\" \/><div class=\"gallery-enlarge\"><\/div><\/a><\/div><div class=\"gallery-column\"><a class=\"gallery-item photoswipe-item\" data-caption=\"DCIM100GOPROGOPR1064.JPG\" data-width=\"4000\" data-height=\"3000\" href=\"https:\/\/cottage.cz\/wp-content\/uploads\/2019\/10\/GOPR1064.jpg\" rel=\"lightbox[19861]\"><img decoding=\"async\" class=\"gallery-img-desktop lazyload\" data-src=\"https:\/\/cottage.cz\/wp-content\/uploads\/2019\/10\/GOPR1064-550x309.jpg\" alt=\"\" src=\"data:image\/svg+xml;base64,PHN2ZyB3aWR0aD0iMSIgaGVpZ2h0PSIxIiB4bWxucz0iaHR0cDovL3d3dy53My5vcmcvMjAwMC9zdmciPjwvc3ZnPg==\" style=\"--smush-placeholder-width: 550px; --smush-placeholder-aspect-ratio: 550\/309;\" \/><img decoding=\"async\" class=\"gallery-img-mobile lazyload\" data-src=\"https:\/\/cottage.cz\/wp-content\/uploads\/2019\/10\/GOPR1064-500x500.jpg\" alt=\"\" src=\"data:image\/svg+xml;base64,PHN2ZyB3aWR0aD0iMSIgaGVpZ2h0PSIxIiB4bWxucz0iaHR0cDovL3d3dy53My5vcmcvMjAwMC9zdmciPjwvc3ZnPg==\" style=\"--smush-placeholder-width: 500px; --smush-placeholder-aspect-ratio: 500\/500;\" \/><div class=\"gallery-enlarge\"><\/div><\/a><\/div><div class=\"gallery-column\"><a class=\"gallery-item photoswipe-item\" data-caption=\"\" data-width=\"800\" data-height=\"600\" href=\"https:\/\/cottage.cz\/wp-content\/uploads\/2017\/04\/obec-doubice.jpg\" rel=\"lightbox[19861]\"><img decoding=\"async\" class=\"gallery-img-desktop lazyload\" data-src=\"https:\/\/cottage.cz\/wp-content\/uploads\/2017\/04\/obec-doubice-550x309.jpg\" alt=\"\" src=\"data:image\/svg+xml;base64,PHN2ZyB3aWR0aD0iMSIgaGVpZ2h0PSIxIiB4bWxucz0iaHR0cDovL3d3dy53My5vcmcvMjAwMC9zdmciPjwvc3ZnPg==\" style=\"--smush-placeholder-width: 550px; --smush-placeholder-aspect-ratio: 550\/309;\" \/><img decoding=\"async\" class=\"gallery-img-mobile lazyload\" data-src=\"https:\/\/cottage.cz\/wp-content\/uploads\/2017\/04\/obec-doubice-500x500.jpg\" alt=\"\" src=\"data:image\/svg+xml;base64,PHN2ZyB3aWR0aD0iMSIgaGVpZ2h0PSIxIiB4bWxucz0iaHR0cDovL3d3dy53My5vcmcvMjAwMC9zdmciPjwvc3ZnPg==\" style=\"--smush-placeholder-width: 500px; --smush-placeholder-aspect-ratio: 500\/500;\" \/><div class=\"gallery-enlarge\"><\/div><\/a><\/div><div class=\"gallery-column\"><a class=\"gallery-item photoswipe-item\" data-caption=\"Galerie Cifra - Doubice\" data-width=\"960\" data-height=\"720\" href=\"https:\/\/cottage.cz\/wp-content\/uploads\/2021\/06\/galerie-cifra-2.jpg\" rel=\"lightbox[19861]\"><img decoding=\"async\" class=\"gallery-img-desktop lazyload\" data-src=\"https:\/\/cottage.cz\/wp-content\/uploads\/2021\/06\/galerie-cifra-2-550x309.jpg\" alt=\"\" src=\"data:image\/svg+xml;base64,PHN2ZyB3aWR0aD0iMSIgaGVpZ2h0PSIxIiB4bWxucz0iaHR0cDovL3d3dy53My5vcmcvMjAwMC9zdmciPjwvc3ZnPg==\" style=\"--smush-placeholder-width: 550px; --smush-placeholder-aspect-ratio: 550\/309;\" \/><img decoding=\"async\" class=\"gallery-img-mobile lazyload\" data-src=\"https:\/\/cottage.cz\/wp-content\/uploads\/2021\/06\/galerie-cifra-2-500x500.jpg\" alt=\"\" src=\"data:image\/svg+xml;base64,PHN2ZyB3aWR0aD0iMSIgaGVpZ2h0PSIxIiB4bWxucz0iaHR0cDovL3d3dy53My5vcmcvMjAwMC9zdmciPjwvc3ZnPg==\" style=\"--smush-placeholder-width: 500px; --smush-placeholder-aspect-ratio: 500\/500;\" \/><div class=\"gallery-enlarge\"><\/div><\/a><\/div><div class=\"gallery-column\"><a class=\"gallery-item photoswipe-item\" data-caption=\"\" data-width=\"1021\" data-height=\"582\" href=\"https:\/\/cottage.cz\/wp-content\/uploads\/2021\/01\/doubice-bezky.jpg\" rel=\"lightbox[19861]\"><img decoding=\"async\" class=\"gallery-img-desktop lazyload\" data-src=\"https:\/\/cottage.cz\/wp-content\/uploads\/2021\/01\/doubice-bezky-550x309.jpg\" alt=\"\" src=\"data:image\/svg+xml;base64,PHN2ZyB3aWR0aD0iMSIgaGVpZ2h0PSIxIiB4bWxucz0iaHR0cDovL3d3dy53My5vcmcvMjAwMC9zdmciPjwvc3ZnPg==\" style=\"--smush-placeholder-width: 550px; --smush-placeholder-aspect-ratio: 550\/309;\" \/><img decoding=\"async\" class=\"gallery-img-mobile lazyload\" data-src=\"https:\/\/cottage.cz\/wp-content\/uploads\/2021\/01\/doubice-bezky-500x500.jpg\" alt=\"\" src=\"data:image\/svg+xml;base64,PHN2ZyB3aWR0aD0iMSIgaGVpZ2h0PSIxIiB4bWxucz0iaHR0cDovL3d3dy53My5vcmcvMjAwMC9zdmciPjwvc3ZnPg==\" style=\"--smush-placeholder-width: 500px; --smush-placeholder-aspect-ratio: 500\/500;\" \/><div class=\"gallery-enlarge\"><\/div><\/a><\/div><div class=\"gallery-column\"><a class=\"gallery-item photoswipe-item\" data-caption=\"Doubice \" data-width=\"2976\" data-height=\"3968\" href=\"https:\/\/cottage.cz\/wp-content\/uploads\/2018\/11\/IMG_20181117_130412.jpg\" rel=\"lightbox[19861]\"><img decoding=\"async\" class=\"gallery-img-desktop lazyload\" data-src=\"https:\/\/cottage.cz\/wp-content\/uploads\/2018\/11\/IMG_20181117_130412-550x309.jpg\" alt=\"\" src=\"data:image\/svg+xml;base64,PHN2ZyB3aWR0aD0iMSIgaGVpZ2h0PSIxIiB4bWxucz0iaHR0cDovL3d3dy53My5vcmcvMjAwMC9zdmciPjwvc3ZnPg==\" style=\"--smush-placeholder-width: 550px; --smush-placeholder-aspect-ratio: 550\/309;\" \/><img decoding=\"async\" class=\"gallery-img-mobile lazyload\" data-src=\"https:\/\/cottage.cz\/wp-content\/uploads\/2018\/11\/IMG_20181117_130412-500x500.jpg\" alt=\"\" src=\"data:image\/svg+xml;base64,PHN2ZyB3aWR0aD0iMSIgaGVpZ2h0PSIxIiB4bWxucz0iaHR0cDovL3d3dy53My5vcmcvMjAwMC9zdmciPjwvc3ZnPg==\" style=\"--smush-placeholder-width: 500px; --smush-placeholder-aspect-ratio: 500\/500;\" \/><div class=\"gallery-enlarge\"><\/div><\/a><\/div><div class=\"gallery-column\"><a class=\"gallery-item photoswipe-item\" data-caption=\"Doubice\" data-width=\"3968\" data-height=\"2976\" href=\"https:\/\/cottage.cz\/wp-content\/uploads\/2018\/11\/IMG_20181117_121019.jpg\" rel=\"lightbox[19861]\"><img decoding=\"async\" class=\"gallery-img-desktop lazyload\" data-src=\"https:\/\/cottage.cz\/wp-content\/uploads\/2018\/11\/IMG_20181117_121019-550x309.jpg\" alt=\"\" src=\"data:image\/svg+xml;base64,PHN2ZyB3aWR0aD0iMSIgaGVpZ2h0PSIxIiB4bWxucz0iaHR0cDovL3d3dy53My5vcmcvMjAwMC9zdmciPjwvc3ZnPg==\" style=\"--smush-placeholder-width: 550px; --smush-placeholder-aspect-ratio: 550\/309;\" \/><img decoding=\"async\" class=\"gallery-img-mobile lazyload\" data-src=\"https:\/\/cottage.cz\/wp-content\/uploads\/2018\/11\/IMG_20181117_121019-500x500.jpg\" alt=\"\" src=\"data:image\/svg+xml;base64,PHN2ZyB3aWR0aD0iMSIgaGVpZ2h0PSIxIiB4bWxucz0iaHR0cDovL3d3dy53My5vcmcvMjAwMC9zdmciPjwvc3ZnPg==\" style=\"--smush-placeholder-width: 500px; --smush-placeholder-aspect-ratio: 500\/500;\" \/><div class=\"gallery-enlarge\"><\/div><\/a><\/div><div class=\"gallery-column\"><a class=\"gallery-item photoswipe-item\" data-caption=\"von Kamenn\u00e1 cesta nach Doubice\" data-width=\"3968\" data-height=\"2976\" href=\"https:\/\/cottage.cz\/wp-content\/uploads\/2018\/11\/IMG_20181117_120406.jpg\" rel=\"lightbox[19861]\"><img decoding=\"async\" class=\"gallery-img-desktop lazyload\" data-src=\"https:\/\/cottage.cz\/wp-content\/uploads\/2018\/11\/IMG_20181117_120406-550x309.jpg\" alt=\"\" src=\"data:image\/svg+xml;base64,PHN2ZyB3aWR0aD0iMSIgaGVpZ2h0PSIxIiB4bWxucz0iaHR0cDovL3d3dy53My5vcmcvMjAwMC9zdmciPjwvc3ZnPg==\" style=\"--smush-placeholder-width: 550px; --smush-placeholder-aspect-ratio: 550\/309;\" \/><img decoding=\"async\" class=\"gallery-img-mobile lazyload\" data-src=\"https:\/\/cottage.cz\/wp-content\/uploads\/2018\/11\/IMG_20181117_120406-500x500.jpg\" alt=\"\" src=\"data:image\/svg+xml;base64,PHN2ZyB3aWR0aD0iMSIgaGVpZ2h0PSIxIiB4bWxucz0iaHR0cDovL3d3dy53My5vcmcvMjAwMC9zdmciPjwvc3ZnPg==\" style=\"--smush-placeholder-width: 500px; --smush-placeholder-aspect-ratio: 500\/500;\" \/><div class=\"gallery-enlarge\"><\/div><\/a><\/div><div class=\"gallery-column\"><a class=\"gallery-item photoswipe-item\" data-caption=\"\" data-width=\"800\" data-height=\"600\" href=\"https:\/\/cottage.cz\/wp-content\/uploads\/2018\/04\/doubice_2.jpg\" rel=\"lightbox[19861]\"><img decoding=\"async\" class=\"gallery-img-desktop lazyload\" data-src=\"https:\/\/cottage.cz\/wp-content\/uploads\/2018\/04\/doubice_2-550x309.jpg\" alt=\"\" src=\"data:image\/svg+xml;base64,PHN2ZyB3aWR0aD0iMSIgaGVpZ2h0PSIxIiB4bWxucz0iaHR0cDovL3d3dy53My5vcmcvMjAwMC9zdmciPjwvc3ZnPg==\" style=\"--smush-placeholder-width: 550px; --smush-placeholder-aspect-ratio: 550\/309;\" \/><img decoding=\"async\" class=\"gallery-img-mobile lazyload\" data-src=\"https:\/\/cottage.cz\/wp-content\/uploads\/2018\/04\/doubice_2-500x500.jpg\" alt=\"\" src=\"data:image\/svg+xml;base64,PHN2ZyB3aWR0aD0iMSIgaGVpZ2h0PSIxIiB4bWxucz0iaHR0cDovL3d3dy53My5vcmcvMjAwMC9zdmciPjwvc3ZnPg==\" style=\"--smush-placeholder-width: 500px; --smush-placeholder-aspect-ratio: 500\/500;\" \/><div class=\"gallery-enlarge\"><\/div><\/a><\/div><div class=\"gallery-column\"><a class=\"gallery-item photoswipe-item\" data-caption=\"\" data-width=\"800\" data-height=\"600\" href=\"https:\/\/cottage.cz\/wp-content\/uploads\/2018\/03\/zadni-doubice.jpg\" rel=\"lightbox[19861]\"><img decoding=\"async\" class=\"gallery-img-desktop lazyload\" data-src=\"https:\/\/cottage.cz\/wp-content\/uploads\/2018\/03\/zadni-doubice-550x309.jpg\" alt=\"\" src=\"data:image\/svg+xml;base64,PHN2ZyB3aWR0aD0iMSIgaGVpZ2h0PSIxIiB4bWxucz0iaHR0cDovL3d3dy53My5vcmcvMjAwMC9zdmciPjwvc3ZnPg==\" style=\"--smush-placeholder-width: 550px; --smush-placeholder-aspect-ratio: 550\/309;\" \/><img decoding=\"async\" class=\"gallery-img-mobile lazyload\" data-src=\"https:\/\/cottage.cz\/wp-content\/uploads\/2018\/03\/zadni-doubice-500x500.jpg\" alt=\"\" src=\"data:image\/svg+xml;base64,PHN2ZyB3aWR0aD0iMSIgaGVpZ2h0PSIxIiB4bWxucz0iaHR0cDovL3d3dy53My5vcmcvMjAwMC9zdmciPjwvc3ZnPg==\" style=\"--smush-placeholder-width: 500px; --smush-placeholder-aspect-ratio: 500\/500;\" \/><div class=\"gallery-enlarge\"><\/div><\/a><\/div><div class=\"gallery-column\"><a class=\"gallery-item photoswipe-item\" data-caption=\"\" data-width=\"1024\" data-height=\"768\" href=\"https:\/\/cottage.cz\/wp-content\/uploads\/2015\/06\/chalupa-doubice.jpg\" rel=\"lightbox[19861]\"><img decoding=\"async\" class=\"gallery-img-desktop lazyload\" data-src=\"https:\/\/cottage.cz\/wp-content\/uploads\/2015\/06\/chalupa-doubice-550x309.jpg\" alt=\"\" src=\"data:image\/svg+xml;base64,PHN2ZyB3aWR0aD0iMSIgaGVpZ2h0PSIxIiB4bWxucz0iaHR0cDovL3d3dy53My5vcmcvMjAwMC9zdmciPjwvc3ZnPg==\" style=\"--smush-placeholder-width: 550px; --smush-placeholder-aspect-ratio: 550\/309;\" \/><img decoding=\"async\" class=\"gallery-img-mobile lazyload\" data-src=\"https:\/\/cottage.cz\/wp-content\/uploads\/2015\/06\/chalupa-doubice-500x500.jpg\" alt=\"\" src=\"data:image\/svg+xml;base64,PHN2ZyB3aWR0aD0iMSIgaGVpZ2h0PSIxIiB4bWxucz0iaHR0cDovL3d3dy53My5vcmcvMjAwMC9zdmciPjwvc3ZnPg==\" style=\"--smush-placeholder-width: 500px; --smush-placeholder-aspect-ratio: 500\/500;\" \/><div class=\"gallery-enlarge\"><\/div><\/a><\/div><style type=\"text\/css\">.gallery-1 .gallery-column { width: 33.33%; padding-bottom: 18.75%; }.gallery-1 { margin-left: -0px; margin-right: -0px; }.gallery-1 .gallery-item {bottom: 0px;left: 0px;right: 0px;top: 0px;}<\/style><\/div>\n<p>Das kleinste Dorf im Bezirk D\u011b\u010d\u00edn ist Doubice (deutsch: Daubitz). Es liegt am Rande des Lausitzer Gebirges und des Nationalparks B\u00f6hmische Schweiz. Die urspr\u00fcngliche Bev\u00f6lkerung wurde nach 1945 vertrieben, heute dient das Dorf haupts\u00e4chlich der Erholung, es hat etwa 100 st\u00e4ndige Einwohner. In Doubica gibt es wahrscheinlich die meisten Kneipen und Gasth\u00e4user bei gleichbleibender Einwohnerzahl. Am bekanntesten ist das Old Inn mitten im Dorf mit einem Kinderpark (geschnitzte und steinerne Statuen).<\/p>\n","protected":false},"excerpt":{"rendered":"<p>Das kleinste Dorf im Bezirk D\u011b\u010d\u00edn ist Doubice (deutsch: Daubitz). Es liegt am Rande des Lausitzer Gebirges und des Nationalparks B\u00f6hmische Schweiz. Die urspr\u00fcngliche Bev\u00f6lkerung wurde nach 1945 vertrieben, heute dient das Dorf haupts\u00e4chlich der Erholung, es hat etwa 100 st\u00e4ndige Einwohner. In Doubica gibt es wahrscheinlich die meisten Kneipen und Gasth\u00e4user bei gleichbleibender Einwohnerzahl. [&hellip;]<\/p>\n","protected":false},"author":4,"featured_media":18475,"parent":0,"menu_order":0,"comment_status":"closed","ping_status":"closed","template":"","meta":{"_monsterinsights_skip_tracking":false,"_monsterinsights_sitenote_active":false,"_monsterinsights_sitenote_note":"","_monsterinsights_sitenote_category":0,"ngg_post_thumbnail":0,"footnotes":""},"class_list":["post-19861","page","type-page","status-publish","has-post-thumbnail","hentry"],"aioseo_notices":[],"_links":{"self":[{"href":"https:\/\/cottage.cz\/de\/wp-json\/wp\/v2\/pages\/19861","targetHints":{"allow":["GET"]}}],"collection":[{"href":"https:\/\/cottage.cz\/de\/wp-json\/wp\/v2\/pages"}],"about":[{"href":"https:\/\/cottage.cz\/de\/wp-json\/wp\/v2\/types\/page"}],"author":[{"embeddable":true,"href":"https:\/\/cottage.cz\/de\/wp-json\/wp\/v2\/users\/4"}],"replies":[{"embeddable":true,"href":"https:\/\/cottage.cz\/de\/wp-json\/wp\/v2\/comments?post=19861"}],"version-history":[{"count":2,"href":"https:\/\/cottage.cz\/de\/wp-json\/wp\/v2\/pages\/19861\/revisions"}],"predecessor-version":[{"id":19866,"href":"https:\/\/cottage.cz\/de\/wp-json\/wp\/v2\/pages\/19861\/revisions\/19866"}],"wp:featuredmedia":[{"embeddable":true,"href":"https:\/\/cottage.cz\/de\/wp-json\/wp\/v2\/media\/18475"}],"wp:attachment":[{"href":"https:\/\/cottage.cz\/de\/wp-json\/wp\/v2\/media?parent=19861"}],"curies":[{"name":"wp","href":"https:\/\/api.w.org\/{rel}","templated":true}]}}