{"id":19839,"date":"2023-12-06T21:41:50","date_gmt":"2023-12-06T20:41:50","guid":{"rendered":"https:\/\/cottage.napokusy.cz\/?page_id=19839"},"modified":"2023-12-06T21:41:52","modified_gmt":"2023-12-06T20:41:52","slug":"ein-tag-in-den-baeumen","status":"publish","type":"page","link":"https:\/\/cottage.cz\/de\/ein-tag-in-den-baeumen\/","title":{"rendered":"Ein Tag in den B\u00e4umen"},"content":{"rendered":"<p><span id=\"tr_2\" class=\"tr_\" data-source=\"1\" data-orig=\"Z\u00e1kladn\u00ed model plnohodnotn\u00e9ho\">Das Grundmodell der vollwertigen<\/span>,\u00a0<span id=\"tr_3\" class=\"tr_\" data-source=\"1\" data-orig=\"intenzivn\u00edho a sou\u010dasn\u011b bezpe\u010dn\u00e9ho lezen\u00ed na stromy m\u00e1 n\u011bkolik f\u00e1z\u00ed\">Intensives und zugleich sicheres Baumklettern besteht aus mehreren Phasen<\/span>.\u00a0<span id=\"tr_4\" class=\"tr_\" data-source=\"1\" data-orig=\"I p\u0159es individu\u00e1ln\u00ed p\u0159\u00edstup ke ka\u017ed\u00e9mu klientovi nelze \u017e\u00e1dnou z nich up\u0159ednostnit nebo vynechat\">Trotz der individuellen Herangehensweise an jeden Kunden kann keiner von ihnen priorisiert oder weggelassen werden<\/span>.<\/p>\n<p><span id=\"tr_5\" class=\"tr_\" data-source=\"1\" data-orig=\"Detailn\u011bj\u0161\u00ed informace naleznete\">N\u00e4here Informationen finden Sie hier<\/span>: http:\/\/<span id=\"tr_6\" class=\"tr_\" data-source=\"1\" data-orig=\"ar-t.cz\">art-t.cz<\/span>\u00a0(<span id=\"tr_7\" class=\"tr_\" data-source=\"1\" data-orig=\"Petr Ko\u010dka\">Petr Ko\u010dka<\/span>)<\/p>\n<p><span id=\"tr_8\" class=\"tr_\" data-source=\"1\" data-orig=\"Setk\u00e1n\u00ed na smluven\u00e9m m\u00edst\u011b \u2013 dle dohody mezi\">Treffen am vereinbarten Ort \u2013 entsprechend der Vereinbarung zwischen<\/span>\u00a08 &#8211; 10 h.<\/p>\n<p><span id=\"tr_9\" class=\"tr_\" data-source=\"1\" data-orig=\"Sezn\u00e1men\u00ed s pou\u017e\u00edvan\u00fdm materi\u00e1lem a vybaven\u00edm\">Kennenlernen der verwendeten Materialien und Ger\u00e4te<\/span>,\u00a0<span id=\"tr_10\" class=\"tr_\" data-source=\"1\" data-orig=\"z\u00e1sady bezpe\u010dnosti\">Sicherheitsgrunds\u00e4tze<\/span>.<\/p>\n<p><span id=\"tr_11\" class=\"tr_\" data-source=\"1\" data-orig=\"N\u00e1cvik dovednost\u00ed pro bezpe\u010dn\u00fd vertik\u00e1ln\u00ed pohyb \u2013 nahoru i dol\u016f\">Geschicklichkeitstraining f\u00fcr eine sichere vertikale Bewegung \u2013 auf und ab<\/span>.<\/p>\n<p><span id=\"tr_12\" class=\"tr_\" data-source=\"1\" data-orig=\"Nalezen\u00ed vhodn\u00e9ho stromu a p\u0159\u00edprava cesty do koruny\">Einen geeigneten Baum finden und den Weg zur Krone bereiten<\/span>.<\/p>\n<p><span id=\"tr_13\" class=\"tr_\" data-source=\"1\" data-orig=\"Vlastn\u00ed stromolezen\u00ed\">Eigenes Baumklettern<\/span>,\u00a0<span id=\"tr_14\" class=\"tr_\" data-source=\"1\" data-orig=\"pobyt v korun\u011b \u2013 relaxace\">in der Krone bleiben &#8211; Entspannung<\/span>,\u00a0<span id=\"tr_15\" class=\"tr_\" data-source=\"1\" data-orig=\"meditace a pod.\">Meditation usw.<\/span>)<\/p>\n<p><span id=\"tr_16\" class=\"tr_\" data-source=\"1\" data-orig=\"Bezpe\u010dn\u00fd n\u00e1vrat na zem\">Sichere R\u00fcckkehr zur Erde<\/span>,\u00a0<span id=\"tr_17\" class=\"tr_\" data-source=\"1\" data-orig=\"sejmut\u00ed a \u00faklid vybaven\u00ed\">Entfernung und Reinigung von Ger\u00e4ten<\/span>,\u00a0<span id=\"tr_18\" class=\"tr_\" data-source=\"1\" data-orig=\"pod\u011bkov\u00e1n\u00ed stromu\">Erntedankbaum<\/span>.<\/p>\n<p><span id=\"tr_19\" class=\"tr_\" data-source=\"1\" data-orig=\"P\u0159em\u00edst\u011bn\u00ed na jinou lokalitu a d\u00e1le jako v bodech\">Umzug an einen anderen Ort und weiter wie in Punkten<\/span>\u00a04. -6.<\/p>\n<p><span id=\"tr_20\" class=\"tr_\" data-source=\"1\" data-orig=\"Kr\u00e1tk\u00e1 meditace\">Eine kurze Meditation<\/span>,\u00a0<span id=\"tr_21\" class=\"tr_\" data-source=\"1\" data-orig=\"pod\u011bkov\u00e1n\u00ed za tento den\">Danke f\u00fcr diesen Tag<\/span>.<\/p>\n<p><span id=\"tr_22\" class=\"tr_\" data-source=\"1\" data-orig=\"N\u00e1vrat do v\u00fdchoz\u00edho bodu\">R\u00fcckkehr zum Ausgangspunkt<\/span>,\u00a0<span id=\"tr_23\" class=\"tr_\" data-source=\"1\" data-orig=\"ukon\u010den\u00ed \u2013 dle dohody mezi\">K\u00fcndigung \u2013 wie zwischen ihnen vereinbart<\/span>\u00a015 &#8211; 18 h.<\/p>\n<div class=\"gallery-1 gallery-wrapper columns-wrapper\"><div class=\"gallery-column\"><a class=\"gallery-item photoswipe-item\" data-caption=\"\" data-width=\"800\" data-height=\"533\" href=\"https:\/\/cottage.cz\/wp-content\/uploads\/2017\/04\/prachatice2.jpg\" rel=\"lightbox[19839]\"><img decoding=\"async\" class=\"gallery-img-desktop lazyload\" data-src=\"https:\/\/cottage.cz\/wp-content\/uploads\/2017\/04\/prachatice2-550x309.jpg\" alt=\"\" src=\"data:image\/svg+xml;base64,PHN2ZyB3aWR0aD0iMSIgaGVpZ2h0PSIxIiB4bWxucz0iaHR0cDovL3d3dy53My5vcmcvMjAwMC9zdmciPjwvc3ZnPg==\" style=\"--smush-placeholder-width: 550px; --smush-placeholder-aspect-ratio: 550\/309;\" \/><img decoding=\"async\" class=\"gallery-img-mobile lazyload\" data-src=\"https:\/\/cottage.cz\/wp-content\/uploads\/2017\/04\/prachatice2-500x500.jpg\" alt=\"\" src=\"data:image\/svg+xml;base64,PHN2ZyB3aWR0aD0iMSIgaGVpZ2h0PSIxIiB4bWxucz0iaHR0cDovL3d3dy53My5vcmcvMjAwMC9zdmciPjwvc3ZnPg==\" style=\"--smush-placeholder-width: 500px; --smush-placeholder-aspect-ratio: 500\/500;\" \/><div class=\"gallery-enlarge\"><\/div><\/a><\/div><div class=\"gallery-column\"><a class=\"gallery-item photoswipe-item\" data-caption=\"\" data-width=\"800\" data-height=\"533\" href=\"https:\/\/cottage.cz\/wp-content\/uploads\/2017\/04\/prachatice3.jpg\" rel=\"lightbox[19839]\"><img decoding=\"async\" class=\"gallery-img-desktop lazyload\" data-src=\"https:\/\/cottage.cz\/wp-content\/uploads\/2017\/04\/prachatice3-550x309.jpg\" alt=\"\" src=\"data:image\/svg+xml;base64,PHN2ZyB3aWR0aD0iMSIgaGVpZ2h0PSIxIiB4bWxucz0iaHR0cDovL3d3dy53My5vcmcvMjAwMC9zdmciPjwvc3ZnPg==\" style=\"--smush-placeholder-width: 550px; --smush-placeholder-aspect-ratio: 550\/309;\" \/><img decoding=\"async\" class=\"gallery-img-mobile lazyload\" data-src=\"https:\/\/cottage.cz\/wp-content\/uploads\/2017\/04\/prachatice3-500x500.jpg\" alt=\"\" src=\"data:image\/svg+xml;base64,PHN2ZyB3aWR0aD0iMSIgaGVpZ2h0PSIxIiB4bWxucz0iaHR0cDovL3d3dy53My5vcmcvMjAwMC9zdmciPjwvc3ZnPg==\" style=\"--smush-placeholder-width: 500px; --smush-placeholder-aspect-ratio: 500\/500;\" \/><div class=\"gallery-enlarge\"><\/div><\/a><\/div><div class=\"gallery-column\"><a class=\"gallery-item photoswipe-item\" data-caption=\"\" data-width=\"600\" data-height=\"800\" href=\"https:\/\/cottage.cz\/wp-content\/uploads\/2017\/04\/DSCN1412.jpg\" rel=\"lightbox[19839]\"><img decoding=\"async\" class=\"gallery-img-desktop lazyload\" data-src=\"https:\/\/cottage.cz\/wp-content\/uploads\/2017\/04\/DSCN1412-550x309.jpg\" alt=\"\" src=\"data:image\/svg+xml;base64,PHN2ZyB3aWR0aD0iMSIgaGVpZ2h0PSIxIiB4bWxucz0iaHR0cDovL3d3dy53My5vcmcvMjAwMC9zdmciPjwvc3ZnPg==\" style=\"--smush-placeholder-width: 550px; --smush-placeholder-aspect-ratio: 550\/309;\" \/><img decoding=\"async\" class=\"gallery-img-mobile lazyload\" data-src=\"https:\/\/cottage.cz\/wp-content\/uploads\/2017\/04\/DSCN1412-500x500.jpg\" alt=\"\" src=\"data:image\/svg+xml;base64,PHN2ZyB3aWR0aD0iMSIgaGVpZ2h0PSIxIiB4bWxucz0iaHR0cDovL3d3dy53My5vcmcvMjAwMC9zdmciPjwvc3ZnPg==\" style=\"--smush-placeholder-width: 500px; --smush-placeholder-aspect-ratio: 500\/500;\" \/><div class=\"gallery-enlarge\"><\/div><\/a><\/div><div class=\"gallery-column\"><a class=\"gallery-item photoswipe-item\" data-caption=\"\" data-width=\"800\" data-height=\"533\" href=\"https:\/\/cottage.cz\/wp-content\/uploads\/2017\/04\/IMG_3738.jpg\" rel=\"lightbox[19839]\"><img decoding=\"async\" class=\"gallery-img-desktop lazyload\" data-src=\"https:\/\/cottage.cz\/wp-content\/uploads\/2017\/04\/IMG_3738-550x309.jpg\" alt=\"\" src=\"data:image\/svg+xml;base64,PHN2ZyB3aWR0aD0iMSIgaGVpZ2h0PSIxIiB4bWxucz0iaHR0cDovL3d3dy53My5vcmcvMjAwMC9zdmciPjwvc3ZnPg==\" style=\"--smush-placeholder-width: 550px; --smush-placeholder-aspect-ratio: 550\/309;\" \/><img decoding=\"async\" class=\"gallery-img-mobile lazyload\" data-src=\"https:\/\/cottage.cz\/wp-content\/uploads\/2017\/04\/IMG_3738-500x500.jpg\" alt=\"\" src=\"data:image\/svg+xml;base64,PHN2ZyB3aWR0aD0iMSIgaGVpZ2h0PSIxIiB4bWxucz0iaHR0cDovL3d3dy53My5vcmcvMjAwMC9zdmciPjwvc3ZnPg==\" style=\"--smush-placeholder-width: 500px; --smush-placeholder-aspect-ratio: 500\/500;\" \/><div class=\"gallery-enlarge\"><\/div><\/a><\/div><style type=\"text\/css\">.gallery-1 .gallery-column { width: 33.33%; padding-bottom: 18.75%; }.gallery-1 { margin-left: -0px; margin-right: -0px; }.gallery-1 .gallery-item {bottom: 0px;left: 0px;right: 0px;top: 0px;}<\/style><\/div>\n","protected":false},"excerpt":{"rendered":"<p>Das Grundmodell der vollwertigen,\u00a0Intensives und zugleich sicheres Baumklettern besteht aus mehreren Phasen.\u00a0Trotz der individuellen Herangehensweise an jeden Kunden kann keiner von ihnen priorisiert oder weggelassen werden. N\u00e4here Informationen finden Sie hier: http:\/\/art-t.cz\u00a0(Petr Ko\u010dka) Treffen am vereinbarten Ort \u2013 entsprechend der Vereinbarung zwischen\u00a08 &#8211; 10 h. Kennenlernen der verwendeten Materialien und Ger\u00e4te,\u00a0Sicherheitsgrunds\u00e4tze. Geschicklichkeitstraining f\u00fcr eine sichere [&hellip;]<\/p>\n","protected":false},"author":4,"featured_media":0,"parent":0,"menu_order":0,"comment_status":"closed","ping_status":"closed","template":"","meta":{"_monsterinsights_skip_tracking":false,"_monsterinsights_sitenote_active":false,"_monsterinsights_sitenote_note":"","_monsterinsights_sitenote_category":0,"ngg_post_thumbnail":0,"footnotes":""},"class_list":["post-19839","page","type-page","status-publish","hentry"],"aioseo_notices":[],"_links":{"self":[{"href":"https:\/\/cottage.cz\/de\/wp-json\/wp\/v2\/pages\/19839","targetHints":{"allow":["GET"]}}],"collection":[{"href":"https:\/\/cottage.cz\/de\/wp-json\/wp\/v2\/pages"}],"about":[{"href":"https:\/\/cottage.cz\/de\/wp-json\/wp\/v2\/types\/page"}],"author":[{"embeddable":true,"href":"https:\/\/cottage.cz\/de\/wp-json\/wp\/v2\/users\/4"}],"replies":[{"embeddable":true,"href":"https:\/\/cottage.cz\/de\/wp-json\/wp\/v2\/comments?post=19839"}],"version-history":[{"count":1,"href":"https:\/\/cottage.cz\/de\/wp-json\/wp\/v2\/pages\/19839\/revisions"}],"predecessor-version":[{"id":19840,"href":"https:\/\/cottage.cz\/de\/wp-json\/wp\/v2\/pages\/19839\/revisions\/19840"}],"wp:attachment":[{"href":"https:\/\/cottage.cz\/de\/wp-json\/wp\/v2\/media?parent=19839"}],"curies":[{"name":"wp","href":"https:\/\/api.w.org\/{rel}","templated":true}]}}