{"id":19833,"date":"2023-12-06T21:35:46","date_gmt":"2023-12-06T20:35:46","guid":{"rendered":"https:\/\/cottage.napokusy.cz\/?page_id=19833"},"modified":"2023-12-06T21:35:49","modified_gmt":"2023-12-06T20:35:49","slug":"geschenkgutscheine","status":"publish","type":"page","link":"https:\/\/cottage.cz\/de\/geschenkgutscheine\/","title":{"rendered":"Geschenkgutscheine"},"content":{"rendered":"\n<p>Wir bieten auch Geschenkgutscheine f\u00fcr zwei oder mehr N\u00e4chte, G\u00fcltigkeit 1 Jahr.<\/p>\n\n\n\n<p>Gutschein kann umfassen:<\/p>\n\n\n\n<ul class=\"wp-block-list\">\n<li>Unterkunft an einem bestimmten Datum oder einem freien Datum nach Wahl des Empf\u00e4ngers<\/li>\n\n\n\n<li>Omas Fr\u00fchst\u00fcckskorb<\/li>\n\n\n\n<li>privates Wellness (Sauna, Strudel, Natursee)<\/li>\n\n\n\n<li>Privater Yoga-Kurs<\/li>\n\n\n\n<li>private Reise mit einem F\u00fchrer<\/li>\n\n\n\n<li>Vermietung Elektro-Fahrr\u00e4der und andere Sportger\u00e4te<\/li>\n<\/ul>\n\n\n\n<p><strong>Senden Sie uns Ihren Wunsch bei info@cottage.cz<\/strong>&nbsp;und wir erstellen einen Umsatz f\u00fcr Sie und senden Ihnen einen Gutschein zu.<\/p>\n\n\n\n<figure class=\"wp-block-gallery has-nested-images columns-default is-cropped wp-block-gallery-1 is-layout-flex wp-block-gallery-is-layout-flex\">\n<figure class=\"wp-block-image size-large\"><img decoding=\"async\" width=\"960\" height=\"828\" data-id=\"6768\" data-src=\"https:\/\/www.cottage.cz\/wp-content\/uploads\/2019\/12\/voucher-bohemian-cottage.jpg\" alt=\"\" class=\"wp-image-6768 lazyload\" data-srcset=\"https:\/\/cottage.cz\/wp-content\/uploads\/2019\/12\/voucher-bohemian-cottage.jpg 960w, https:\/\/cottage.cz\/wp-content\/uploads\/2019\/12\/voucher-bohemian-cottage-300x259.jpg 300w, https:\/\/cottage.cz\/wp-content\/uploads\/2019\/12\/voucher-bohemian-cottage-768x662.jpg 768w\" data-sizes=\"(max-width: 960px) 100vw, 960px\" src=\"data:image\/svg+xml;base64,PHN2ZyB3aWR0aD0iMSIgaGVpZ2h0PSIxIiB4bWxucz0iaHR0cDovL3d3dy53My5vcmcvMjAwMC9zdmciPjwvc3ZnPg==\" style=\"--smush-placeholder-width: 960px; --smush-placeholder-aspect-ratio: 960\/828;\" \/><\/figure>\n<\/figure>\n","protected":false},"excerpt":{"rendered":"<p>Wir bieten auch Geschenkgutscheine f\u00fcr zwei oder mehr N\u00e4chte, G\u00fcltigkeit 1 Jahr. Gutschein kann umfassen: Senden Sie uns Ihren Wunsch bei info@cottage.cz&nbsp;und wir erstellen einen Umsatz f\u00fcr Sie und senden Ihnen einen Gutschein zu.<\/p>\n","protected":false},"author":4,"featured_media":14395,"parent":0,"menu_order":0,"comment_status":"closed","ping_status":"closed","template":"","meta":{"_monsterinsights_skip_tracking":false,"_monsterinsights_sitenote_active":false,"_monsterinsights_sitenote_note":"","_monsterinsights_sitenote_category":0,"ngg_post_thumbnail":0,"footnotes":""},"class_list":["post-19833","page","type-page","status-publish","has-post-thumbnail","hentry"],"aioseo_notices":[],"_links":{"self":[{"href":"https:\/\/cottage.cz\/de\/wp-json\/wp\/v2\/pages\/19833","targetHints":{"allow":["GET"]}}],"collection":[{"href":"https:\/\/cottage.cz\/de\/wp-json\/wp\/v2\/pages"}],"about":[{"href":"https:\/\/cottage.cz\/de\/wp-json\/wp\/v2\/types\/page"}],"author":[{"embeddable":true,"href":"https:\/\/cottage.cz\/de\/wp-json\/wp\/v2\/users\/4"}],"replies":[{"embeddable":true,"href":"https:\/\/cottage.cz\/de\/wp-json\/wp\/v2\/comments?post=19833"}],"version-history":[{"count":1,"href":"https:\/\/cottage.cz\/de\/wp-json\/wp\/v2\/pages\/19833\/revisions"}],"predecessor-version":[{"id":19834,"href":"https:\/\/cottage.cz\/de\/wp-json\/wp\/v2\/pages\/19833\/revisions\/19834"}],"wp:featuredmedia":[{"embeddable":true,"href":"https:\/\/cottage.cz\/de\/wp-json\/wp\/v2\/media\/14395"}],"wp:attachment":[{"href":"https:\/\/cottage.cz\/de\/wp-json\/wp\/v2\/media?parent=19833"}],"curies":[{"name":"wp","href":"https:\/\/api.w.org\/{rel}","templated":true}]}}