{"id":19821,"date":"2023-12-06T21:15:52","date_gmt":"2023-12-06T20:15:52","guid":{"rendered":"https:\/\/cottage.napokusy.cz\/?page_id=19821"},"modified":"2023-12-06T21:15:54","modified_gmt":"2023-12-06T20:15:54","slug":"radtour-durch-den-nationalpark-boehmische-schweiz-mit-fuehrer","status":"publish","type":"page","link":"https:\/\/cottage.cz\/de\/radtour-durch-den-nationalpark-boehmische-schweiz-mit-fuehrer\/","title":{"rendered":"Radtour durch den Nationalpark B\u00f6hmische Schweiz mit F\u00fchrer"},"content":{"rendered":"<p>Wir werden durch die b\u00f6hmische Schweiz radeln. Wir finden ca. 50 km nach Start und Ziel.<\/p>\n<p><strong>Vorl\u00e4ufiger Zeitplan<\/strong>\u00a0<em>(werden individuell eingestellt)<\/em><\/p>\n<p>9:00 Anfang<\/p>\n<p>10:00 Kyjov Tal<\/p>\n<p>11:00 Hinterhermsdorf\u00a0<em>(Pumps, ausgehandelt)<\/em><\/p>\n<p>12:00 Zadn\u00ed Jet\u0159ichovice<\/p>\n<p>13:00 Jagdh\u00fctte Na Tokani, Picknick<\/p>\n<p>14:00 Fachwerkh\u00e4user in Doubice<\/p>\n<p>15:00 sch\u00f6ner Lipa, K\u0159inick\u00e9 Brauerei<\/p>\n<p>Preis: \u00a0 \u00a03500 CZK (F\u00fchrung, Fahrradverleih)<\/p>\n<p>Ich empfehle f\u00fcr 2 -4 Leute<\/p>\n<p><img decoding=\"async\" src=\"http:\/\/cottage.cz\/wp-content\/uploads\/2017\/07\/cottage_files\/03 Jet\u0159ichovick\u00e9 vyhl\u00eddky, foto Z. Patzelt.jpg\" \/><img decoding=\"async\" data-src=\"http:\/\/cottage.cz\/wp-content\/uploads\/2017\/07\/cottage_files\/IMG_20160505_102808.jpg\" src=\"data:image\/svg+xml;base64,PHN2ZyB3aWR0aD0iMSIgaGVpZ2h0PSIxIiB4bWxucz0iaHR0cDovL3d3dy53My5vcmcvMjAwMC9zdmciPjwvc3ZnPg==\" class=\"lazyload\" \/><img decoding=\"async\" data-src=\"http:\/\/cottage.cz\/wp-content\/uploads\/2017\/07\/cottage_files\/IMG_20160713_100916.jpg\" src=\"data:image\/svg+xml;base64,PHN2ZyB3aWR0aD0iMSIgaGVpZ2h0PSIxIiB4bWxucz0iaHR0cDovL3d3dy53My5vcmcvMjAwMC9zdmciPjwvc3ZnPg==\" class=\"lazyload\" \/><img decoding=\"async\" data-src=\"http:\/\/cottage.cz\/wp-content\/uploads\/2017\/07\/cottage_files\/IMG_20160910_102615.jpg\" src=\"data:image\/svg+xml;base64,PHN2ZyB3aWR0aD0iMSIgaGVpZ2h0PSIxIiB4bWxucz0iaHR0cDovL3d3dy53My5vcmcvMjAwMC9zdmciPjwvc3ZnPg==\" class=\"lazyload\" \/><\/p>\n","protected":false},"excerpt":{"rendered":"<p>Wir werden durch die b\u00f6hmische Schweiz radeln. Wir finden ca. 50 km nach Start und Ziel. Vorl\u00e4ufiger Zeitplan\u00a0(werden individuell eingestellt) 9:00 Anfang 10:00 Kyjov Tal 11:00 Hinterhermsdorf\u00a0(Pumps, ausgehandelt) 12:00 Zadn\u00ed Jet\u0159ichovice 13:00 Jagdh\u00fctte Na Tokani, Picknick 14:00 Fachwerkh\u00e4user in Doubice 15:00 sch\u00f6ner Lipa, K\u0159inick\u00e9 Brauerei Preis: \u00a0 \u00a03500 CZK (F\u00fchrung, Fahrradverleih) Ich empfehle f\u00fcr 2 [&hellip;]<\/p>\n","protected":false},"author":4,"featured_media":0,"parent":0,"menu_order":0,"comment_status":"closed","ping_status":"closed","template":"","meta":{"_monsterinsights_skip_tracking":false,"_monsterinsights_sitenote_active":false,"_monsterinsights_sitenote_note":"","_monsterinsights_sitenote_category":0,"ngg_post_thumbnail":0,"footnotes":""},"class_list":["post-19821","page","type-page","status-publish","hentry"],"aioseo_notices":[],"_links":{"self":[{"href":"https:\/\/cottage.cz\/de\/wp-json\/wp\/v2\/pages\/19821","targetHints":{"allow":["GET"]}}],"collection":[{"href":"https:\/\/cottage.cz\/de\/wp-json\/wp\/v2\/pages"}],"about":[{"href":"https:\/\/cottage.cz\/de\/wp-json\/wp\/v2\/types\/page"}],"author":[{"embeddable":true,"href":"https:\/\/cottage.cz\/de\/wp-json\/wp\/v2\/users\/4"}],"replies":[{"embeddable":true,"href":"https:\/\/cottage.cz\/de\/wp-json\/wp\/v2\/comments?post=19821"}],"version-history":[{"count":1,"href":"https:\/\/cottage.cz\/de\/wp-json\/wp\/v2\/pages\/19821\/revisions"}],"predecessor-version":[{"id":19822,"href":"https:\/\/cottage.cz\/de\/wp-json\/wp\/v2\/pages\/19821\/revisions\/19822"}],"wp:attachment":[{"href":"https:\/\/cottage.cz\/de\/wp-json\/wp\/v2\/media?parent=19821"}],"curies":[{"name":"wp","href":"https:\/\/api.w.org\/{rel}","templated":true}]}}