{"id":19815,"date":"2023-12-06T21:05:14","date_gmt":"2023-12-06T20:05:14","guid":{"rendered":"https:\/\/cottage.napokusy.cz\/?page_id=19815"},"modified":"2023-12-06T21:05:25","modified_gmt":"2023-12-06T20:05:25","slug":"halle","status":"publish","type":"page","link":"https:\/\/cottage.cz\/de\/halle\/","title":{"rendered":"Halle"},"content":{"rendered":"\n<p>Auf den Flur der Eingabe k\u00f6nnen Sie den Charme des Landes f\u00fchlen, Lehmputz, Kamin, alte Holztreppen und Balken.&nbsp;Ihre Augen streicheln das Gem\u00fctliche und Design&nbsp;<a href=\"https:\/\/www.cottage.cz\/de\/bohemian-boutique\/\">Verkaufsgalerie<\/a>.<\/p>\n\n\n\n<p class=\"has-text-align-center\">Hier bei uns ist es beginnt und endet. genie\u00dfen \u2026<\/p>\n\n\n\n<figure class=\"wp-block-gallery has-nested-images columns-default is-cropped wp-block-gallery-1 is-layout-flex wp-block-gallery-is-layout-flex\">\n<figure class=\"wp-block-image size-large\"><img decoding=\"async\" width=\"1024\" height=\"683\" data-id=\"6900\" data-src=\"https:\/\/www.cottage.cz\/wp-content\/uploads\/2018\/08\/03-1024x683.jpg\" alt=\"\" class=\"wp-image-6900 lazyload\" src=\"data:image\/svg+xml;base64,PHN2ZyB3aWR0aD0iMSIgaGVpZ2h0PSIxIiB4bWxucz0iaHR0cDovL3d3dy53My5vcmcvMjAwMC9zdmciPjwvc3ZnPg==\" style=\"--smush-placeholder-width: 1024px; --smush-placeholder-aspect-ratio: 1024\/683;\" \/><figcaption class=\"wp-element-caption\">Kamin im Flur<\/figcaption><\/figure>\n\n\n\n<figure class=\"wp-block-image size-large\"><img decoding=\"async\" width=\"1024\" height=\"683\" data-id=\"6901\" data-src=\"https:\/\/www.cottage.cz\/wp-content\/uploads\/2018\/08\/04b-1024x683.jpg\" alt=\"Heggies places\" class=\"wp-image-6901 lazyload\" data-srcset=\"https:\/\/cottage.cz\/wp-content\/uploads\/2018\/08\/04b-1024x683.jpg 1024w, https:\/\/cottage.cz\/wp-content\/uploads\/2018\/08\/04b-300x200.jpg 300w, https:\/\/cottage.cz\/wp-content\/uploads\/2018\/08\/04b-768x512.jpg 768w, https:\/\/cottage.cz\/wp-content\/uploads\/2018\/08\/04b-1536x1024.jpg 1536w, https:\/\/cottage.cz\/wp-content\/uploads\/2018\/08\/04b-2048x1365.jpg 2048w\" data-sizes=\"(max-width: 1024px) 100vw, 1024px\" src=\"data:image\/svg+xml;base64,PHN2ZyB3aWR0aD0iMSIgaGVpZ2h0PSIxIiB4bWxucz0iaHR0cDovL3d3dy53My5vcmcvMjAwMC9zdmciPjwvc3ZnPg==\" style=\"--smush-placeholder-width: 1024px; --smush-placeholder-aspect-ratio: 1024\/683;\" \/><figcaption class=\"wp-element-caption\">Sitzt im Flur<\/figcaption><\/figure>\n\n\n\n<figure class=\"wp-block-image size-large\"><img decoding=\"async\" width=\"1024\" height=\"683\" data-id=\"10142\" data-src=\"https:\/\/www.cottage.cz\/wp-content\/uploads\/2023\/01\/Resize-of-18-1024x683.jpg\" alt=\"\" class=\"wp-image-10142 lazyload\" data-srcset=\"https:\/\/cottage.cz\/wp-content\/uploads\/2023\/01\/Resize-of-18-1024x683.jpg 1024w, https:\/\/cottage.cz\/wp-content\/uploads\/2023\/01\/Resize-of-18-300x200.jpg 300w, https:\/\/cottage.cz\/wp-content\/uploads\/2023\/01\/Resize-of-18-768x512.jpg 768w, https:\/\/cottage.cz\/wp-content\/uploads\/2023\/01\/Resize-of-18.jpg 1200w\" data-sizes=\"(max-width: 1024px) 100vw, 1024px\" src=\"data:image\/svg+xml;base64,PHN2ZyB3aWR0aD0iMSIgaGVpZ2h0PSIxIiB4bWxucz0iaHR0cDovL3d3dy53My5vcmcvMjAwMC9zdmciPjwvc3ZnPg==\" style=\"--smush-placeholder-width: 1024px; --smush-placeholder-aspect-ratio: 1024\/683;\" \/><figcaption class=\"wp-element-caption\">Boutique<\/figcaption><\/figure>\n<\/figure>\n","protected":false},"excerpt":{"rendered":"<p>Auf den Flur der Eingabe k\u00f6nnen Sie den Charme des Landes f\u00fchlen, Lehmputz, Kamin, alte Holztreppen und Balken.&nbsp;Ihre Augen streicheln das Gem\u00fctliche und Design&nbsp;Verkaufsgalerie. Hier bei uns ist es beginnt und endet. genie\u00dfen \u2026<\/p>\n","protected":false},"author":4,"featured_media":12868,"parent":0,"menu_order":0,"comment_status":"closed","ping_status":"closed","template":"","meta":{"_monsterinsights_skip_tracking":false,"_monsterinsights_sitenote_active":false,"_monsterinsights_sitenote_note":"","_monsterinsights_sitenote_category":0,"ngg_post_thumbnail":0,"footnotes":""},"class_list":["post-19815","page","type-page","status-publish","has-post-thumbnail","hentry"],"aioseo_notices":[],"_links":{"self":[{"href":"https:\/\/cottage.cz\/de\/wp-json\/wp\/v2\/pages\/19815","targetHints":{"allow":["GET"]}}],"collection":[{"href":"https:\/\/cottage.cz\/de\/wp-json\/wp\/v2\/pages"}],"about":[{"href":"https:\/\/cottage.cz\/de\/wp-json\/wp\/v2\/types\/page"}],"author":[{"embeddable":true,"href":"https:\/\/cottage.cz\/de\/wp-json\/wp\/v2\/users\/4"}],"replies":[{"embeddable":true,"href":"https:\/\/cottage.cz\/de\/wp-json\/wp\/v2\/comments?post=19815"}],"version-history":[{"count":1,"href":"https:\/\/cottage.cz\/de\/wp-json\/wp\/v2\/pages\/19815\/revisions"}],"predecessor-version":[{"id":19816,"href":"https:\/\/cottage.cz\/de\/wp-json\/wp\/v2\/pages\/19815\/revisions\/19816"}],"wp:featuredmedia":[{"embeddable":true,"href":"https:\/\/cottage.cz\/de\/wp-json\/wp\/v2\/media\/12868"}],"wp:attachment":[{"href":"https:\/\/cottage.cz\/de\/wp-json\/wp\/v2\/media?parent=19815"}],"curies":[{"name":"wp","href":"https:\/\/api.w.org\/{rel}","templated":true}]}}