{"id":19809,"date":"2023-12-06T20:58:40","date_gmt":"2023-12-06T19:58:40","guid":{"rendered":"https:\/\/cottage.napokusy.cz\/?page_id=19809"},"modified":"2024-05-25T17:24:22","modified_gmt":"2024-05-25T15:24:22","slug":"tschechische-kamenice","status":"publish","type":"page","link":"https:\/\/cottage.cz\/de\/tschechische-kamenice\/","title":{"rendered":"Tschechische Kamenice"},"content":{"rendered":"<p>Tschechische Kamenice (es. B\u00f6hmisch Kamnitz) Es ist eine sch\u00f6ne Stadt in Nordb\u00f6hmen. in 2005 Tschechische Kamenice gewann Auszeichnungen Historische Stadt. Das historische Zentrum ist auf jeden Fall gut mit eigenen Augen zu sehen,. Ich geh\u00f6re Burgher House No.. p. 73 (Heute Information Center), Propsteikirche St.. Jacob , Kapelle der Geburt der Jungfrau Maria \u2026 Von der tschechischen Kamenice f\u00fchrt gelbes Schild (Eine neue Spur) um das Naturschwimmbad zu den Steinformationen Jehla, Die br\u00fcderlichen Alt\u00e4re und die Aussichtspunkte des Frosches und des U-Bootes, von denen Sie sich umschauen k\u00f6nnen\u00a0<a title=\"Lausitzer Gebirge\" href=\"https:\/\/www.cottage.cz\/de\/Lausitzer-Gebirge\">Lausitzer Gebirge<\/a>\u00a0ich mache\u00a0<a title=\"NP B\u00f6hmische Schweiz\" href=\"https:\/\/www.cottage.cz\/de\/Nationalpark-B%C3%B6hmische-Schweiz\">Nationalpark B\u00f6hmische Schweiz<\/a>.<\/p>\n<p>Ich empfehle auch einen lokalen Speicher Materialien und Zubeh\u00f6r zu besuchen, die an der Ecke befindet, (n\u00e4mlich. Fotos) unf Astronomische Uhr.<\/p>\n<div class=\"gallery-1 gallery-wrapper columns-wrapper\"><div class=\"gallery-column\"><a class=\"gallery-item photoswipe-item\" data-caption=\"\" data-width=\"800\" data-height=\"606\" href=\"https:\/\/cottage.cz\/wp-content\/uploads\/2013\/06\/Ceska_Kamenice-kostel.jpg\" rel=\"lightbox[19809]\"><img decoding=\"async\" class=\"gallery-img-desktop lazyload\" data-src=\"https:\/\/cottage.cz\/wp-content\/uploads\/2013\/06\/Ceska_Kamenice-kostel-550x309.jpg\" alt=\"\" src=\"data:image\/svg+xml;base64,PHN2ZyB3aWR0aD0iMSIgaGVpZ2h0PSIxIiB4bWxucz0iaHR0cDovL3d3dy53My5vcmcvMjAwMC9zdmciPjwvc3ZnPg==\" style=\"--smush-placeholder-width: 550px; --smush-placeholder-aspect-ratio: 550\/309;\" \/><img decoding=\"async\" class=\"gallery-img-mobile lazyload\" data-src=\"https:\/\/cottage.cz\/wp-content\/uploads\/2013\/06\/Ceska_Kamenice-kostel-500x500.jpg\" alt=\"\" src=\"data:image\/svg+xml;base64,PHN2ZyB3aWR0aD0iMSIgaGVpZ2h0PSIxIiB4bWxucz0iaHR0cDovL3d3dy53My5vcmcvMjAwMC9zdmciPjwvc3ZnPg==\" style=\"--smush-placeholder-width: 500px; --smush-placeholder-aspect-ratio: 500\/500;\" \/><div class=\"gallery-enlarge\"><\/div><\/a><\/div><div class=\"gallery-column\"><a class=\"gallery-item photoswipe-item\" data-caption=\"\" data-width=\"800\" data-height=\"535\" href=\"https:\/\/cottage.cz\/wp-content\/uploads\/2013\/06\/Ceska_Kamenice-pohled.jpg\" rel=\"lightbox[19809]\"><img decoding=\"async\" class=\"gallery-img-desktop lazyload\" data-src=\"https:\/\/cottage.cz\/wp-content\/uploads\/2013\/06\/Ceska_Kamenice-pohled-550x309.jpg\" alt=\"\" src=\"data:image\/svg+xml;base64,PHN2ZyB3aWR0aD0iMSIgaGVpZ2h0PSIxIiB4bWxucz0iaHR0cDovL3d3dy53My5vcmcvMjAwMC9zdmciPjwvc3ZnPg==\" style=\"--smush-placeholder-width: 550px; --smush-placeholder-aspect-ratio: 550\/309;\" \/><img decoding=\"async\" class=\"gallery-img-mobile lazyload\" data-src=\"https:\/\/cottage.cz\/wp-content\/uploads\/2013\/06\/Ceska_Kamenice-pohled-500x500.jpg\" alt=\"\" src=\"data:image\/svg+xml;base64,PHN2ZyB3aWR0aD0iMSIgaGVpZ2h0PSIxIiB4bWxucz0iaHR0cDovL3d3dy53My5vcmcvMjAwMC9zdmciPjwvc3ZnPg==\" style=\"--smush-placeholder-width: 500px; --smush-placeholder-aspect-ratio: 500\/500;\" \/><div class=\"gallery-enlarge\"><\/div><\/a><\/div><div class=\"gallery-column\"><a class=\"gallery-item photoswipe-item\" data-caption=\"\" data-width=\"800\" data-height=\"533\" href=\"https:\/\/cottage.cz\/wp-content\/uploads\/2013\/06\/ceska-kamenice.jpg\" rel=\"lightbox[19809]\"><img decoding=\"async\" class=\"gallery-img-desktop lazyload\" data-src=\"https:\/\/cottage.cz\/wp-content\/uploads\/2013\/06\/ceska-kamenice-550x309.jpg\" alt=\"\" src=\"data:image\/svg+xml;base64,PHN2ZyB3aWR0aD0iMSIgaGVpZ2h0PSIxIiB4bWxucz0iaHR0cDovL3d3dy53My5vcmcvMjAwMC9zdmciPjwvc3ZnPg==\" style=\"--smush-placeholder-width: 550px; --smush-placeholder-aspect-ratio: 550\/309;\" \/><img decoding=\"async\" class=\"gallery-img-mobile lazyload\" data-src=\"https:\/\/cottage.cz\/wp-content\/uploads\/2013\/06\/ceska-kamenice-500x500.jpg\" alt=\"\" src=\"data:image\/svg+xml;base64,PHN2ZyB3aWR0aD0iMSIgaGVpZ2h0PSIxIiB4bWxucz0iaHR0cDovL3d3dy53My5vcmcvMjAwMC9zdmciPjwvc3ZnPg==\" style=\"--smush-placeholder-width: 500px; --smush-placeholder-aspect-ratio: 500\/500;\" \/><div class=\"gallery-enlarge\"><\/div><\/a><\/div><div class=\"gallery-column\"><a class=\"gallery-item photoswipe-item\" data-caption=\"Bratrsk\u00fd olt\u00e1\u0159\" data-width=\"2560\" data-height=\"1920\" href=\"https:\/\/cottage.cz\/wp-content\/uploads\/2021\/07\/20210630_142250-scaled.jpg\" rel=\"lightbox[19809]\"><img decoding=\"async\" class=\"gallery-img-desktop lazyload\" data-src=\"https:\/\/cottage.cz\/wp-content\/uploads\/2021\/07\/20210630_142250-scaled-550x309.jpg\" alt=\"\" src=\"data:image\/svg+xml;base64,PHN2ZyB3aWR0aD0iMSIgaGVpZ2h0PSIxIiB4bWxucz0iaHR0cDovL3d3dy53My5vcmcvMjAwMC9zdmciPjwvc3ZnPg==\" style=\"--smush-placeholder-width: 550px; --smush-placeholder-aspect-ratio: 550\/309;\" \/><img decoding=\"async\" class=\"gallery-img-mobile lazyload\" data-src=\"https:\/\/cottage.cz\/wp-content\/uploads\/2021\/07\/20210630_142250-scaled-500x500.jpg\" alt=\"\" src=\"data:image\/svg+xml;base64,PHN2ZyB3aWR0aD0iMSIgaGVpZ2h0PSIxIiB4bWxucz0iaHR0cDovL3d3dy53My5vcmcvMjAwMC9zdmciPjwvc3ZnPg==\" style=\"--smush-placeholder-width: 500px; --smush-placeholder-aspect-ratio: 500\/500;\" \/><div class=\"gallery-enlarge\"><\/div><\/a><\/div><div class=\"gallery-column\"><a class=\"gallery-item photoswipe-item\" data-caption=\"\" data-width=\"1920\" data-height=\"2560\" href=\"https:\/\/cottage.cz\/wp-content\/uploads\/2021\/07\/20210630_133327-scaled.jpg\" rel=\"lightbox[19809]\"><img decoding=\"async\" class=\"gallery-img-desktop lazyload\" data-src=\"https:\/\/cottage.cz\/wp-content\/uploads\/2021\/07\/20210630_133327-scaled-550x309.jpg\" alt=\"\" src=\"data:image\/svg+xml;base64,PHN2ZyB3aWR0aD0iMSIgaGVpZ2h0PSIxIiB4bWxucz0iaHR0cDovL3d3dy53My5vcmcvMjAwMC9zdmciPjwvc3ZnPg==\" style=\"--smush-placeholder-width: 550px; --smush-placeholder-aspect-ratio: 550\/309;\" \/><img decoding=\"async\" class=\"gallery-img-mobile lazyload\" data-src=\"https:\/\/cottage.cz\/wp-content\/uploads\/2021\/07\/20210630_133327-scaled-500x500.jpg\" alt=\"\" src=\"data:image\/svg+xml;base64,PHN2ZyB3aWR0aD0iMSIgaGVpZ2h0PSIxIiB4bWxucz0iaHR0cDovL3d3dy53My5vcmcvMjAwMC9zdmciPjwvc3ZnPg==\" style=\"--smush-placeholder-width: 500px; --smush-placeholder-aspect-ratio: 500\/500;\" \/><div class=\"gallery-enlarge\"><\/div><\/a><\/div><div class=\"gallery-column\"><a class=\"gallery-item photoswipe-item\" data-caption=\"\" data-width=\"1441\" data-height=\"2560\" href=\"https:\/\/cottage.cz\/wp-content\/uploads\/2024\/05\/20240525_115644-scaled.jpg\" rel=\"lightbox[19809]\"><img decoding=\"async\" class=\"gallery-img-desktop lazyload\" data-src=\"https:\/\/cottage.cz\/wp-content\/uploads\/2024\/05\/20240525_115644-scaled-550x309.jpg\" alt=\"\" src=\"data:image\/svg+xml;base64,PHN2ZyB3aWR0aD0iMSIgaGVpZ2h0PSIxIiB4bWxucz0iaHR0cDovL3d3dy53My5vcmcvMjAwMC9zdmciPjwvc3ZnPg==\" style=\"--smush-placeholder-width: 550px; --smush-placeholder-aspect-ratio: 550\/309;\" \/><img decoding=\"async\" class=\"gallery-img-mobile lazyload\" data-src=\"https:\/\/cottage.cz\/wp-content\/uploads\/2024\/05\/20240525_115644-scaled-500x500.jpg\" alt=\"\" src=\"data:image\/svg+xml;base64,PHN2ZyB3aWR0aD0iMSIgaGVpZ2h0PSIxIiB4bWxucz0iaHR0cDovL3d3dy53My5vcmcvMjAwMC9zdmciPjwvc3ZnPg==\" style=\"--smush-placeholder-width: 500px; --smush-placeholder-aspect-ratio: 500\/500;\" \/><div class=\"gallery-enlarge\"><\/div><\/a><\/div><div class=\"gallery-column\"><a class=\"gallery-item photoswipe-item\" data-caption=\"\" data-width=\"1441\" data-height=\"2560\" href=\"https:\/\/cottage.cz\/wp-content\/uploads\/2024\/05\/20240525_120055-scaled.jpg\" rel=\"lightbox[19809]\"><img decoding=\"async\" class=\"gallery-img-desktop lazyload\" data-src=\"https:\/\/cottage.cz\/wp-content\/uploads\/2024\/05\/20240525_120055-scaled-550x309.jpg\" alt=\"\" src=\"data:image\/svg+xml;base64,PHN2ZyB3aWR0aD0iMSIgaGVpZ2h0PSIxIiB4bWxucz0iaHR0cDovL3d3dy53My5vcmcvMjAwMC9zdmciPjwvc3ZnPg==\" style=\"--smush-placeholder-width: 550px; --smush-placeholder-aspect-ratio: 550\/309;\" \/><img decoding=\"async\" class=\"gallery-img-mobile lazyload\" data-src=\"https:\/\/cottage.cz\/wp-content\/uploads\/2024\/05\/20240525_120055-scaled-500x500.jpg\" alt=\"\" src=\"data:image\/svg+xml;base64,PHN2ZyB3aWR0aD0iMSIgaGVpZ2h0PSIxIiB4bWxucz0iaHR0cDovL3d3dy53My5vcmcvMjAwMC9zdmciPjwvc3ZnPg==\" style=\"--smush-placeholder-width: 500px; --smush-placeholder-aspect-ratio: 500\/500;\" \/><div class=\"gallery-enlarge\"><\/div><\/a><\/div><div class=\"gallery-column\"><a class=\"gallery-item photoswipe-item\" data-caption=\"\" data-width=\"2560\" data-height=\"1441\" href=\"https:\/\/cottage.cz\/wp-content\/uploads\/2024\/05\/20240525_115802-scaled.jpg\" rel=\"lightbox[19809]\"><img decoding=\"async\" class=\"gallery-img-desktop lazyload\" data-src=\"https:\/\/cottage.cz\/wp-content\/uploads\/2024\/05\/20240525_115802-scaled-550x309.jpg\" alt=\"\" src=\"data:image\/svg+xml;base64,PHN2ZyB3aWR0aD0iMSIgaGVpZ2h0PSIxIiB4bWxucz0iaHR0cDovL3d3dy53My5vcmcvMjAwMC9zdmciPjwvc3ZnPg==\" style=\"--smush-placeholder-width: 550px; --smush-placeholder-aspect-ratio: 550\/309;\" \/><img decoding=\"async\" class=\"gallery-img-mobile lazyload\" data-src=\"https:\/\/cottage.cz\/wp-content\/uploads\/2024\/05\/20240525_115802-scaled-500x500.jpg\" alt=\"\" src=\"data:image\/svg+xml;base64,PHN2ZyB3aWR0aD0iMSIgaGVpZ2h0PSIxIiB4bWxucz0iaHR0cDovL3d3dy53My5vcmcvMjAwMC9zdmciPjwvc3ZnPg==\" style=\"--smush-placeholder-width: 500px; --smush-placeholder-aspect-ratio: 500\/500;\" \/><div class=\"gallery-enlarge\"><\/div><\/a><\/div><style type=\"text\/css\">.gallery-1 .gallery-column { width: 33.33%; padding-bottom: 18.75%; }.gallery-1 { margin-left: -0px; margin-right: -0px; }.gallery-1 .gallery-item {bottom: 0px;left: 0px;right: 0px;top: 0px;}<\/style><\/div>\n","protected":false},"excerpt":{"rendered":"<p>Tschechische Kamenice (es. B\u00f6hmisch Kamnitz) Es ist eine sch\u00f6ne Stadt in Nordb\u00f6hmen. in 2005 Tschechische Kamenice gewann Auszeichnungen Historische Stadt. Das historische Zentrum ist auf jeden Fall gut mit eigenen Augen zu sehen,. Ich geh\u00f6re Burgher House No.. p. 73 (Heute Information Center), Propsteikirche St.. Jacob , Kapelle der Geburt der Jungfrau Maria \u2026 Von [&hellip;]<\/p>\n","protected":false},"author":4,"featured_media":12034,"parent":0,"menu_order":0,"comment_status":"closed","ping_status":"closed","template":"","meta":{"_monsterinsights_skip_tracking":false,"_monsterinsights_sitenote_active":false,"_monsterinsights_sitenote_note":"","_monsterinsights_sitenote_category":0,"ngg_post_thumbnail":0,"footnotes":""},"class_list":["post-19809","page","type-page","status-publish","has-post-thumbnail","hentry"],"aioseo_notices":[],"_links":{"self":[{"href":"https:\/\/cottage.cz\/de\/wp-json\/wp\/v2\/pages\/19809","targetHints":{"allow":["GET"]}}],"collection":[{"href":"https:\/\/cottage.cz\/de\/wp-json\/wp\/v2\/pages"}],"about":[{"href":"https:\/\/cottage.cz\/de\/wp-json\/wp\/v2\/types\/page"}],"author":[{"embeddable":true,"href":"https:\/\/cottage.cz\/de\/wp-json\/wp\/v2\/users\/4"}],"replies":[{"embeddable":true,"href":"https:\/\/cottage.cz\/de\/wp-json\/wp\/v2\/comments?post=19809"}],"version-history":[{"count":3,"href":"https:\/\/cottage.cz\/de\/wp-json\/wp\/v2\/pages\/19809\/revisions"}],"predecessor-version":[{"id":23327,"href":"https:\/\/cottage.cz\/de\/wp-json\/wp\/v2\/pages\/19809\/revisions\/23327"}],"wp:featuredmedia":[{"embeddable":true,"href":"https:\/\/cottage.cz\/de\/wp-json\/wp\/v2\/media\/12034"}],"wp:attachment":[{"href":"https:\/\/cottage.cz\/de\/wp-json\/wp\/v2\/media?parent=19809"}],"curies":[{"name":"wp","href":"https:\/\/api.w.org\/{rel}","templated":true}]}}