{"id":19802,"date":"2023-12-06T20:50:25","date_gmt":"2023-12-06T19:50:25","guid":{"rendered":"https:\/\/cottage.napokusy.cz\/?page_id=19802"},"modified":"2023-12-06T20:52:49","modified_gmt":"2023-12-06T19:52:49","slug":"day-trip-to-the-e-bike-ceskosaskym-switzerland","status":"publish","type":"page","link":"https:\/\/cottage.cz\/de\/day-trip-to-the-e-bike-ceskosaskym-switzerland\/","title":{"rendered":"Tagesausflug zur E-Bike \u010ceskoSask\u00fdm Schweiz"},"content":{"rendered":"<p><em>\u201eKochan ohne verschwitzt Hemden\u201c<\/em><\/p>\n<p>Versuchen Sie, ein Pedelec, Fahrt durch die Landschaft, entspannen bergauf und bergab<\/p>\n<p>9:00 Krasna Lipa \u2013 Piazza&nbsp;<em>(oder in Ihrem Hotel)<\/em><\/p>\n<p>10:00 Kyjov Tal<\/p>\n<p>10:30 Hinterhermsdorf \u2013 S\u00e4chsische Schweiz<\/p>\n<p>11:00 K\u0159inice Flusstal mit einer Stra\u00dfenbahn in die Felsen<\/p>\n<p>12:00 Bad Scandic \u2013 Kurst\u00e4dte in Sachsen<\/p>\n<p>13:00 H\u0159ensko \u2013 Stadt am Fluss Kamenice<\/p>\n<p>14:00 auf Tok\u00e1ni \u2013 Jagdh\u00fctten Graf Kinsky<\/p>\n<p>15:00 Doubice \u2013 Schritte<\/p>\n<p>16:00 zur\u00fcck<\/p>\n<p><strong>Preis nach der Anzahl der Personen Vereinbarung<br \/>\n<\/strong><em>(Inbegriffen E-Bike, F\u00fchrung, Bier)<\/em><\/p>\n<p>Alex genie\u00dft F\u00fchrung<\/p>\n","protected":false},"excerpt":{"rendered":"<p>\u201eKochan ohne verschwitzt Hemden\u201c Versuchen Sie, ein Pedelec, Fahrt durch die Landschaft, entspannen bergauf und bergab 9:00 Krasna Lipa \u2013 Piazza&nbsp;(oder in Ihrem Hotel) 10:00 Kyjov Tal 10:30 Hinterhermsdorf \u2013 S\u00e4chsische Schweiz 11:00 K\u0159inice Flusstal mit einer Stra\u00dfenbahn in die Felsen 12:00 Bad Scandic \u2013 Kurst\u00e4dte in Sachsen 13:00 H\u0159ensko \u2013 Stadt am Fluss Kamenice [&hellip;]<\/p>\n","protected":false},"author":4,"featured_media":11701,"parent":0,"menu_order":0,"comment_status":"closed","ping_status":"closed","template":"","meta":{"_monsterinsights_skip_tracking":false,"_monsterinsights_sitenote_active":false,"_monsterinsights_sitenote_note":"","_monsterinsights_sitenote_category":0,"ngg_post_thumbnail":0,"footnotes":""},"class_list":["post-19802","page","type-page","status-publish","has-post-thumbnail","hentry"],"aioseo_notices":[],"_links":{"self":[{"href":"https:\/\/cottage.cz\/de\/wp-json\/wp\/v2\/pages\/19802","targetHints":{"allow":["GET"]}}],"collection":[{"href":"https:\/\/cottage.cz\/de\/wp-json\/wp\/v2\/pages"}],"about":[{"href":"https:\/\/cottage.cz\/de\/wp-json\/wp\/v2\/types\/page"}],"author":[{"embeddable":true,"href":"https:\/\/cottage.cz\/de\/wp-json\/wp\/v2\/users\/4"}],"replies":[{"embeddable":true,"href":"https:\/\/cottage.cz\/de\/wp-json\/wp\/v2\/comments?post=19802"}],"version-history":[{"count":2,"href":"https:\/\/cottage.cz\/de\/wp-json\/wp\/v2\/pages\/19802\/revisions"}],"predecessor-version":[{"id":19806,"href":"https:\/\/cottage.cz\/de\/wp-json\/wp\/v2\/pages\/19802\/revisions\/19806"}],"wp:featuredmedia":[{"embeddable":true,"href":"https:\/\/cottage.cz\/de\/wp-json\/wp\/v2\/media\/11701"}],"wp:attachment":[{"href":"https:\/\/cottage.cz\/de\/wp-json\/wp\/v2\/media?parent=19802"}],"curies":[{"name":"wp","href":"https:\/\/api.w.org\/{rel}","templated":true}]}}