{"id":19796,"date":"2023-12-06T20:44:31","date_gmt":"2023-12-06T19:44:31","guid":{"rendered":"https:\/\/cottage.napokusy.cz\/?page_id=19796"},"modified":"2023-12-06T20:44:34","modified_gmt":"2023-12-06T19:44:34","slug":"zeidler","status":"publish","type":"page","link":"https:\/\/cottage.cz\/de\/zeidler\/","title":{"rendered":"Zeidler"},"content":{"rendered":"<p>Dorf Brtn\u00edky (Deutsch Zeidler) Es liegt zwischen dem Dorf Krasna Lipa und Alt K\u0159e\u010dany. Seine Lage am Rande des Nationalparks B\u00f6hmische Schweiz spielt die Rolle des n\u00f6rdlichen Tor. in 2011 hier lebten dauerhaft 251 resident. Es gibt ein Restaurant U Krkovi\u010dky ein neu restauriertes Kalvarienberg. Wir empfehlen Ihnen, besuchen Sie auch die Siedlung Kopec (1 km von Brnik) und Restaurant U Oty.<\/p>\n","protected":false},"excerpt":{"rendered":"<p>Dorf Brtn\u00edky (Deutsch Zeidler) Es liegt zwischen dem Dorf Krasna Lipa und Alt K\u0159e\u010dany. Seine Lage am Rande des Nationalparks B\u00f6hmische Schweiz spielt die Rolle des n\u00f6rdlichen Tor. in 2011 hier lebten dauerhaft 251 resident. Es gibt ein Restaurant U Krkovi\u010dky ein neu restauriertes Kalvarienberg. Wir empfehlen Ihnen, besuchen Sie auch die Siedlung Kopec (1 [&hellip;]<\/p>\n","protected":false},"author":4,"featured_media":13606,"parent":0,"menu_order":0,"comment_status":"closed","ping_status":"closed","template":"","meta":{"_monsterinsights_skip_tracking":false,"_monsterinsights_sitenote_active":false,"_monsterinsights_sitenote_note":"","_monsterinsights_sitenote_category":0,"ngg_post_thumbnail":0,"footnotes":""},"class_list":["post-19796","page","type-page","status-publish","has-post-thumbnail","hentry"],"aioseo_notices":[],"_links":{"self":[{"href":"https:\/\/cottage.cz\/de\/wp-json\/wp\/v2\/pages\/19796","targetHints":{"allow":["GET"]}}],"collection":[{"href":"https:\/\/cottage.cz\/de\/wp-json\/wp\/v2\/pages"}],"about":[{"href":"https:\/\/cottage.cz\/de\/wp-json\/wp\/v2\/types\/page"}],"author":[{"embeddable":true,"href":"https:\/\/cottage.cz\/de\/wp-json\/wp\/v2\/users\/4"}],"replies":[{"embeddable":true,"href":"https:\/\/cottage.cz\/de\/wp-json\/wp\/v2\/comments?post=19796"}],"version-history":[{"count":1,"href":"https:\/\/cottage.cz\/de\/wp-json\/wp\/v2\/pages\/19796\/revisions"}],"predecessor-version":[{"id":19797,"href":"https:\/\/cottage.cz\/de\/wp-json\/wp\/v2\/pages\/19796\/revisions\/19797"}],"wp:featuredmedia":[{"embeddable":true,"href":"https:\/\/cottage.cz\/de\/wp-json\/wp\/v2\/media\/13606"}],"wp:attachment":[{"href":"https:\/\/cottage.cz\/de\/wp-json\/wp\/v2\/media?parent=19796"}],"curies":[{"name":"wp","href":"https:\/\/api.w.org\/{rel}","templated":true}]}}