{"id":19784,"date":"2023-12-04T00:08:12","date_gmt":"2023-12-03T23:08:12","guid":{"rendered":"https:\/\/cottage.napokusy.cz\/?page_id=19784"},"modified":"2023-12-04T00:08:14","modified_gmt":"2023-12-03T23:08:14","slug":"brtnicke-icefalls","status":"publish","type":"page","link":"https:\/\/cottage.cz\/de\/brtnicke-icefalls\/","title":{"rendered":"Brtnick\u00e9 icefalls"},"content":{"rendered":"<p>Siehe wie\u00a0<a href=\"http:\/\/www.npcs.cz\/\">Die Verwaltung des Nationalparks B\u00f6hmische Schweiz<\/a>\u00a0kartierte die zug\u00e4nglichen Eisf\u00e4lle um Kyjov,\u00a0<a title=\"Brn\u00edk\" href=\"https:\/\/www.cottage.cz\/de\/zeidler\">Brtn\u00edk\u016f<\/a>\u00a0und Wolfsgebirge. Der Park hat eine klare Karte zur Orientierung im schneebedeckten Gel\u00e4nde vorbereitet, Hier finden Sie nicht nur die bekanntesten Eisformationen, aber auch Tipps f\u00fcr zwei Rundfahrten zu den Eisf\u00e4llen. Parken m\u00f6glich: Kyjov, Zeidler, Vl\u010d\u00ed Hora, die spulen.<\/p>\n<div class=\"gallery-1 gallery-wrapper columns-wrapper\"><div class=\"gallery-column\"><a class=\"gallery-item photoswipe-item\" data-caption=\"Ledop\u00e1dy - 30 min p\u011b\u0161ky\" data-width=\"460\" data-height=\"341\" href=\"https:\/\/cottage.cz\/wp-content\/uploads\/2015\/02\/ledopady.jpg\" rel=\"lightbox[19784]\"><img decoding=\"async\" class=\"gallery-img-desktop lazyload\" data-src=\"https:\/\/cottage.cz\/wp-content\/uploads\/2015\/02\/ledopady-550x309.jpg\" alt=\"\" src=\"data:image\/svg+xml;base64,PHN2ZyB3aWR0aD0iMSIgaGVpZ2h0PSIxIiB4bWxucz0iaHR0cDovL3d3dy53My5vcmcvMjAwMC9zdmciPjwvc3ZnPg==\" style=\"--smush-placeholder-width: 550px; --smush-placeholder-aspect-ratio: 550\/309;\" \/><img decoding=\"async\" class=\"gallery-img-mobile lazyload\" data-src=\"https:\/\/cottage.cz\/wp-content\/uploads\/2015\/02\/ledopady-500x500.jpg\" alt=\"\" src=\"data:image\/svg+xml;base64,PHN2ZyB3aWR0aD0iMSIgaGVpZ2h0PSIxIiB4bWxucz0iaHR0cDovL3d3dy53My5vcmcvMjAwMC9zdmciPjwvc3ZnPg==\" style=\"--smush-placeholder-width: 500px; --smush-placeholder-aspect-ratio: 500\/500;\" \/><div class=\"gallery-enlarge\"><\/div><\/a><\/div><div class=\"gallery-column\"><a class=\"gallery-item photoswipe-item\" data-caption=\"\" data-width=\"450\" data-height=\"800\" href=\"https:\/\/cottage.cz\/wp-content\/uploads\/2017\/02\/ukazatel-ledopady.jpg\" rel=\"lightbox[19784]\"><img decoding=\"async\" class=\"gallery-img-desktop lazyload\" data-src=\"https:\/\/cottage.cz\/wp-content\/uploads\/2017\/02\/ukazatel-ledopady-550x309.jpg\" alt=\"\" src=\"data:image\/svg+xml;base64,PHN2ZyB3aWR0aD0iMSIgaGVpZ2h0PSIxIiB4bWxucz0iaHR0cDovL3d3dy53My5vcmcvMjAwMC9zdmciPjwvc3ZnPg==\" style=\"--smush-placeholder-width: 550px; --smush-placeholder-aspect-ratio: 550\/309;\" \/><img decoding=\"async\" class=\"gallery-img-mobile lazyload\" data-src=\"https:\/\/cottage.cz\/wp-content\/uploads\/2017\/02\/ukazatel-ledopady-500x500.jpg\" alt=\"\" src=\"data:image\/svg+xml;base64,PHN2ZyB3aWR0aD0iMSIgaGVpZ2h0PSIxIiB4bWxucz0iaHR0cDovL3d3dy53My5vcmcvMjAwMC9zdmciPjwvc3ZnPg==\" style=\"--smush-placeholder-width: 500px; --smush-placeholder-aspect-ratio: 500\/500;\" \/><div class=\"gallery-enlarge\"><\/div><\/a><\/div><div class=\"gallery-column\"><a class=\"gallery-item photoswipe-item\" data-caption=\"Icewaterfalls in Bohemian Switzerland\" data-width=\"450\" data-height=\"800\" href=\"https:\/\/cottage.cz\/wp-content\/uploads\/2017\/02\/brtnicke-ledopady.jpg\" rel=\"lightbox[19784]\"><img decoding=\"async\" class=\"gallery-img-desktop lazyload\" data-src=\"https:\/\/cottage.cz\/wp-content\/uploads\/2017\/02\/brtnicke-ledopady-550x309.jpg\" alt=\"\" src=\"data:image\/svg+xml;base64,PHN2ZyB3aWR0aD0iMSIgaGVpZ2h0PSIxIiB4bWxucz0iaHR0cDovL3d3dy53My5vcmcvMjAwMC9zdmciPjwvc3ZnPg==\" style=\"--smush-placeholder-width: 550px; --smush-placeholder-aspect-ratio: 550\/309;\" \/><img decoding=\"async\" class=\"gallery-img-mobile lazyload\" data-src=\"https:\/\/cottage.cz\/wp-content\/uploads\/2017\/02\/brtnicke-ledopady-500x500.jpg\" alt=\"\" src=\"data:image\/svg+xml;base64,PHN2ZyB3aWR0aD0iMSIgaGVpZ2h0PSIxIiB4bWxucz0iaHR0cDovL3d3dy53My5vcmcvMjAwMC9zdmciPjwvc3ZnPg==\" style=\"--smush-placeholder-width: 500px; --smush-placeholder-aspect-ratio: 500\/500;\" \/><div class=\"gallery-enlarge\"><\/div><\/a><\/div><style type=\"text\/css\">.gallery-1 .gallery-column { width: 33.33%; padding-bottom: 18.75%; }.gallery-1 { margin-left: -0px; margin-right: -0px; }.gallery-1 .gallery-item {bottom: 0px;left: 0px;right: 0px;top: 0px;}<\/style><\/div>\n<p><img decoding=\"async\" data-src=\"http:\/\/cottage.cz\/wp-content\/uploads\/2017\/07\/cottage_files\/nove-ledopady-ceske-svycarsko.jpg\" src=\"data:image\/svg+xml;base64,PHN2ZyB3aWR0aD0iMSIgaGVpZ2h0PSIxIiB4bWxucz0iaHR0cDovL3d3dy53My5vcmcvMjAwMC9zdmciPjwvc3ZnPg==\" class=\"lazyload\" \/><\/p>\n","protected":false},"excerpt":{"rendered":"<p>Siehe wie\u00a0Die Verwaltung des Nationalparks B\u00f6hmische Schweiz\u00a0kartierte die zug\u00e4nglichen Eisf\u00e4lle um Kyjov,\u00a0Brtn\u00edk\u016f\u00a0und Wolfsgebirge. Der Park hat eine klare Karte zur Orientierung im schneebedeckten Gel\u00e4nde vorbereitet, Hier finden Sie nicht nur die bekanntesten Eisformationen, aber auch Tipps f\u00fcr zwei Rundfahrten zu den Eisf\u00e4llen. Parken m\u00f6glich: Kyjov, Zeidler, Vl\u010d\u00ed Hora, die spulen.<\/p>\n","protected":false},"author":4,"featured_media":12256,"parent":0,"menu_order":0,"comment_status":"closed","ping_status":"closed","template":"","meta":{"_monsterinsights_skip_tracking":false,"_monsterinsights_sitenote_active":false,"_monsterinsights_sitenote_note":"","_monsterinsights_sitenote_category":0,"ngg_post_thumbnail":0,"footnotes":""},"class_list":["post-19784","page","type-page","status-publish","has-post-thumbnail","hentry"],"aioseo_notices":[],"_links":{"self":[{"href":"https:\/\/cottage.cz\/de\/wp-json\/wp\/v2\/pages\/19784","targetHints":{"allow":["GET"]}}],"collection":[{"href":"https:\/\/cottage.cz\/de\/wp-json\/wp\/v2\/pages"}],"about":[{"href":"https:\/\/cottage.cz\/de\/wp-json\/wp\/v2\/types\/page"}],"author":[{"embeddable":true,"href":"https:\/\/cottage.cz\/de\/wp-json\/wp\/v2\/users\/4"}],"replies":[{"embeddable":true,"href":"https:\/\/cottage.cz\/de\/wp-json\/wp\/v2\/comments?post=19784"}],"version-history":[{"count":1,"href":"https:\/\/cottage.cz\/de\/wp-json\/wp\/v2\/pages\/19784\/revisions"}],"predecessor-version":[{"id":19785,"href":"https:\/\/cottage.cz\/de\/wp-json\/wp\/v2\/pages\/19784\/revisions\/19785"}],"wp:featuredmedia":[{"embeddable":true,"href":"https:\/\/cottage.cz\/de\/wp-json\/wp\/v2\/media\/12256"}],"wp:attachment":[{"href":"https:\/\/cottage.cz\/de\/wp-json\/wp\/v2\/media?parent=19784"}],"curies":[{"name":"wp","href":"https:\/\/api.w.org\/{rel}","templated":true}]}}