{"id":19776,"date":"2023-12-03T23:59:42","date_gmt":"2023-12-03T22:59:42","guid":{"rendered":"https:\/\/cottage.napokusy.cz\/?page_id=19776"},"modified":"2023-12-04T00:02:33","modified_gmt":"2023-12-03T23:02:33","slug":"brniky","status":"publish","type":"page","link":"https:\/\/cottage.cz\/de\/brniky\/","title":{"rendered":"Brn\u00edk"},"content":{"rendered":"\n<figure class=\"wp-block-gallery has-nested-images columns-default is-cropped wp-block-gallery-1 is-layout-flex wp-block-gallery-is-layout-flex\">\n<figure class=\"wp-block-image size-large\"><img decoding=\"async\" width=\"1024\" height=\"768\" data-id=\"7627\" data-src=\"https:\/\/www.cottage.cz\/wp-content\/uploads\/2020\/08\/20200723_104601-1024x768.jpg\" alt=\"\" class=\"wp-image-7627 lazyload\" data-srcset=\"https:\/\/cottage.cz\/wp-content\/uploads\/2020\/08\/20200723_104601-1024x768.jpg 1024w, https:\/\/cottage.cz\/wp-content\/uploads\/2020\/08\/20200723_104601-300x225.jpg 300w, https:\/\/cottage.cz\/wp-content\/uploads\/2020\/08\/20200723_104601-768x576.jpg 768w, https:\/\/cottage.cz\/wp-content\/uploads\/2020\/08\/20200723_104601-1536x1152.jpg 1536w, https:\/\/cottage.cz\/wp-content\/uploads\/2020\/08\/20200723_104601-2048x1536.jpg 2048w\" data-sizes=\"(max-width: 1024px) 100vw, 1024px\" src=\"data:image\/svg+xml;base64,PHN2ZyB3aWR0aD0iMSIgaGVpZ2h0PSIxIiB4bWxucz0iaHR0cDovL3d3dy53My5vcmcvMjAwMC9zdmciPjwvc3ZnPg==\" style=\"--smush-placeholder-width: 1024px; --smush-placeholder-aspect-ratio: 1024\/768;\" \/><\/figure>\n\n\n\n<figure class=\"wp-block-image size-large\"><img decoding=\"async\" width=\"768\" height=\"1024\" data-id=\"7628\" data-src=\"https:\/\/www.cottage.cz\/wp-content\/uploads\/2020\/08\/20200723_104753-768x1024.jpg\" alt=\"\" class=\"wp-image-7628 lazyload\" data-srcset=\"https:\/\/cottage.cz\/wp-content\/uploads\/2020\/08\/20200723_104753-768x1024.jpg 768w, https:\/\/cottage.cz\/wp-content\/uploads\/2020\/08\/20200723_104753-225x300.jpg 225w, https:\/\/cottage.cz\/wp-content\/uploads\/2020\/08\/20200723_104753-1152x1536.jpg 1152w, https:\/\/cottage.cz\/wp-content\/uploads\/2020\/08\/20200723_104753-1536x2048.jpg 1536w, https:\/\/cottage.cz\/wp-content\/uploads\/2020\/08\/20200723_104753-scaled.jpg 1920w\" data-sizes=\"(max-width: 768px) 100vw, 768px\" src=\"data:image\/svg+xml;base64,PHN2ZyB3aWR0aD0iMSIgaGVpZ2h0PSIxIiB4bWxucz0iaHR0cDovL3d3dy53My5vcmcvMjAwMC9zdmciPjwvc3ZnPg==\" style=\"--smush-placeholder-width: 768px; --smush-placeholder-aspect-ratio: 768\/1024;\" \/><\/figure>\n\n\n\n<figure class=\"wp-block-image size-large\"><img decoding=\"async\" width=\"1024\" height=\"768\" data-id=\"7629\" data-src=\"https:\/\/www.cottage.cz\/wp-content\/uploads\/2020\/08\/20200723_110637-1024x768.jpg\" alt=\"\" class=\"wp-image-7629 lazyload\" data-srcset=\"https:\/\/cottage.cz\/wp-content\/uploads\/2020\/08\/20200723_110637-1024x768.jpg 1024w, https:\/\/cottage.cz\/wp-content\/uploads\/2020\/08\/20200723_110637-300x225.jpg 300w, https:\/\/cottage.cz\/wp-content\/uploads\/2020\/08\/20200723_110637-768x576.jpg 768w, https:\/\/cottage.cz\/wp-content\/uploads\/2020\/08\/20200723_110637-1536x1152.jpg 1536w, https:\/\/cottage.cz\/wp-content\/uploads\/2020\/08\/20200723_110637-2048x1536.jpg 2048w\" data-sizes=\"(max-width: 1024px) 100vw, 1024px\" src=\"data:image\/svg+xml;base64,PHN2ZyB3aWR0aD0iMSIgaGVpZ2h0PSIxIiB4bWxucz0iaHR0cDovL3d3dy53My5vcmcvMjAwMC9zdmciPjwvc3ZnPg==\" style=\"--smush-placeholder-width: 1024px; --smush-placeholder-aspect-ratio: 1024\/768;\" \/><\/figure>\n<\/figure>\n\n\n\n<p>Ein kleines Dorf am n\u00f6rdlichen Rand des Nationalparks B\u00f6hmische Schweiz. Der Weg des Kreuzes. Brmick\u00e9-Eisf\u00e4lle. Hostinec U Krkovi\u010dky. Hostinec U Oty in der Siedlung Kopec.<\/p>\n","protected":false},"excerpt":{"rendered":"<p>Ein kleines Dorf am n\u00f6rdlichen Rand des Nationalparks B\u00f6hmische Schweiz. Der Weg des Kreuzes. Brmick\u00e9-Eisf\u00e4lle. Hostinec U Krkovi\u010dky. Hostinec U Oty in der Siedlung Kopec.<\/p>\n","protected":false},"author":4,"featured_media":0,"parent":0,"menu_order":0,"comment_status":"closed","ping_status":"closed","template":"","meta":{"_monsterinsights_skip_tracking":false,"_monsterinsights_sitenote_active":false,"_monsterinsights_sitenote_note":"","_monsterinsights_sitenote_category":0,"ngg_post_thumbnail":0,"footnotes":""},"class_list":["post-19776","page","type-page","status-publish","hentry"],"aioseo_notices":[],"_links":{"self":[{"href":"https:\/\/cottage.cz\/de\/wp-json\/wp\/v2\/pages\/19776","targetHints":{"allow":["GET"]}}],"collection":[{"href":"https:\/\/cottage.cz\/de\/wp-json\/wp\/v2\/pages"}],"about":[{"href":"https:\/\/cottage.cz\/de\/wp-json\/wp\/v2\/types\/page"}],"author":[{"embeddable":true,"href":"https:\/\/cottage.cz\/de\/wp-json\/wp\/v2\/users\/4"}],"replies":[{"embeddable":true,"href":"https:\/\/cottage.cz\/de\/wp-json\/wp\/v2\/comments?post=19776"}],"version-history":[{"count":2,"href":"https:\/\/cottage.cz\/de\/wp-json\/wp\/v2\/pages\/19776\/revisions"}],"predecessor-version":[{"id":19781,"href":"https:\/\/cottage.cz\/de\/wp-json\/wp\/v2\/pages\/19776\/revisions\/19781"}],"wp:attachment":[{"href":"https:\/\/cottage.cz\/de\/wp-json\/wp\/v2\/media?parent=19776"}],"curies":[{"name":"wp","href":"https:\/\/api.w.org\/{rel}","templated":true}]}}