{"id":19770,"date":"2023-12-03T23:53:24","date_gmt":"2023-12-03T22:53:24","guid":{"rendered":"https:\/\/cottage.napokusy.cz\/?page_id=19770"},"modified":"2023-12-03T23:53:26","modified_gmt":"2023-12-03T22:53:26","slug":"bohemian-plener","status":"publish","type":"page","link":"https:\/\/cottage.cz\/de\/bohemian-plener\/","title":{"rendered":"Bohemian plener"},"content":{"rendered":"\n<p class=\"has-text-align-center\"><strong>Ziel B\u00f6hmischer PLANER<\/strong><br><strong>Romantismus, Natur und Architektur verbinden, Individualit\u00e4t, cit, F\u00f6rderung der K\u00fcnste und des gemeinn\u00fctzigen Sektors.<\/strong><br>Wir m\u00f6chten einige Werke der Sch\u00f6pfer ausstellen, vielleicht haben sie das Geld versteigert und an eine gemeinn\u00fctzige Organisation gespendet&nbsp;<a href=\"https:\/\/agenturapondeli.cz\/\">Agentur Montag<\/a>, die sich der Sozialarbeit in unserer Region widmet.<\/p>\n\n\n\n<p>Wandernde Maler in der S\u00e4chsischen Schweiz hat ihre eigene Geschichte. Wir entschieden uns, Bohemian Cottage entwickeln Zukunft.<\/p>\n\n\n\n<p><strong>im Herbst 2019<\/strong>&nbsp;wir luden in eine nebellandschaft ein, Farben und Romantik des Malers:<\/p>\n\n\n\n<p><strong>Pavel \u010cerno\u0161ek<\/strong><\/p>\n\n\n\n<figure class=\"wp-block-gallery has-nested-images columns-default is-cropped wp-block-gallery-1 is-layout-flex wp-block-gallery-is-layout-flex\">\n<figure class=\"wp-block-image size-large\"><img decoding=\"async\" width=\"960\" height=\"760\" data-id=\"6722\" data-src=\"https:\/\/www.cottage.cz\/wp-content\/uploads\/2019\/11\/72786195_949981232028645_6291486996778975232_n.jpg\" alt=\"\" class=\"wp-image-6722 lazyload\" data-srcset=\"https:\/\/cottage.cz\/wp-content\/uploads\/2019\/11\/72786195_949981232028645_6291486996778975232_n.jpg 960w, https:\/\/cottage.cz\/wp-content\/uploads\/2019\/11\/72786195_949981232028645_6291486996778975232_n-300x238.jpg 300w, https:\/\/cottage.cz\/wp-content\/uploads\/2019\/11\/72786195_949981232028645_6291486996778975232_n-768x608.jpg 768w\" data-sizes=\"(max-width: 960px) 100vw, 960px\" src=\"data:image\/svg+xml;base64,PHN2ZyB3aWR0aD0iMSIgaGVpZ2h0PSIxIiB4bWxucz0iaHR0cDovL3d3dy53My5vcmcvMjAwMC9zdmciPjwvc3ZnPg==\" style=\"--smush-placeholder-width: 960px; --smush-placeholder-aspect-ratio: 960\/760;\" \/><\/figure>\n\n\n\n<figure class=\"wp-block-image size-large\"><img decoding=\"async\" width=\"1024\" height=\"768\" data-id=\"6723\" data-src=\"https:\/\/www.cottage.cz\/wp-content\/uploads\/2019\/11\/GOPR1079-1024x768.jpg\" alt=\"\" class=\"wp-image-6723 lazyload\" data-srcset=\"https:\/\/cottage.cz\/wp-content\/uploads\/2019\/11\/GOPR1079-1024x768.jpg 1024w, https:\/\/cottage.cz\/wp-content\/uploads\/2019\/11\/GOPR1079-300x225.jpg 300w, https:\/\/cottage.cz\/wp-content\/uploads\/2019\/11\/GOPR1079-768x576.jpg 768w, https:\/\/cottage.cz\/wp-content\/uploads\/2019\/11\/GOPR1079-1536x1152.jpg 1536w, https:\/\/cottage.cz\/wp-content\/uploads\/2019\/11\/GOPR1079-2048x1536.jpg 2048w\" data-sizes=\"(max-width: 1024px) 100vw, 1024px\" src=\"data:image\/svg+xml;base64,PHN2ZyB3aWR0aD0iMSIgaGVpZ2h0PSIxIiB4bWxucz0iaHR0cDovL3d3dy53My5vcmcvMjAwMC9zdmciPjwvc3ZnPg==\" style=\"--smush-placeholder-width: 1024px; --smush-placeholder-aspect-ratio: 1024\/768;\" \/><\/figure>\n<\/figure>\n\n\n\n<p><strong>Milli Janatkov\u00e1<\/strong><\/p>\n\n\n\n<figure class=\"wp-block-gallery has-nested-images columns-default is-cropped wp-block-gallery-2 is-layout-flex wp-block-gallery-is-layout-flex\">\n<figure class=\"wp-block-image size-large\"><img decoding=\"async\" width=\"1024\" height=\"735\" data-id=\"6720\" data-src=\"https:\/\/www.cottage.cz\/wp-content\/uploads\/2019\/11\/20191031_090553-1024x735.jpg\" alt=\"\" class=\"wp-image-6720 lazyload\" data-srcset=\"https:\/\/cottage.cz\/wp-content\/uploads\/2019\/11\/20191031_090553-1024x735.jpg 1024w, https:\/\/cottage.cz\/wp-content\/uploads\/2019\/11\/20191031_090553-300x215.jpg 300w, https:\/\/cottage.cz\/wp-content\/uploads\/2019\/11\/20191031_090553-768x551.jpg 768w, https:\/\/cottage.cz\/wp-content\/uploads\/2019\/11\/20191031_090553-1536x1103.jpg 1536w, https:\/\/cottage.cz\/wp-content\/uploads\/2019\/11\/20191031_090553-2048x1470.jpg 2048w\" data-sizes=\"(max-width: 1024px) 100vw, 1024px\" src=\"data:image\/svg+xml;base64,PHN2ZyB3aWR0aD0iMSIgaGVpZ2h0PSIxIiB4bWxucz0iaHR0cDovL3d3dy53My5vcmcvMjAwMC9zdmciPjwvc3ZnPg==\" style=\"--smush-placeholder-width: 1024px; --smush-placeholder-aspect-ratio: 1024\/735;\" \/><\/figure>\n\n\n\n<figure class=\"wp-block-image size-large\"><img decoding=\"async\" width=\"1024\" height=\"734\" data-id=\"6719\" data-src=\"https:\/\/www.cottage.cz\/wp-content\/uploads\/2019\/11\/20191030_084952-1024x734.jpg\" alt=\"\" class=\"wp-image-6719 lazyload\" data-srcset=\"https:\/\/cottage.cz\/wp-content\/uploads\/2019\/11\/20191030_084952-1024x734.jpg 1024w, https:\/\/cottage.cz\/wp-content\/uploads\/2019\/11\/20191030_084952-300x215.jpg 300w, https:\/\/cottage.cz\/wp-content\/uploads\/2019\/11\/20191030_084952-768x550.jpg 768w, https:\/\/cottage.cz\/wp-content\/uploads\/2019\/11\/20191030_084952-1536x1100.jpg 1536w, https:\/\/cottage.cz\/wp-content\/uploads\/2019\/11\/20191030_084952-2048x1467.jpg 2048w\" data-sizes=\"(max-width: 1024px) 100vw, 1024px\" src=\"data:image\/svg+xml;base64,PHN2ZyB3aWR0aD0iMSIgaGVpZ2h0PSIxIiB4bWxucz0iaHR0cDovL3d3dy53My5vcmcvMjAwMC9zdmciPjwvc3ZnPg==\" style=\"--smush-placeholder-width: 1024px; --smush-placeholder-aspect-ratio: 1024\/734;\" \/><\/figure>\n\n\n\n<figure class=\"wp-block-image size-large\"><img decoding=\"async\" width=\"1024\" height=\"687\" data-id=\"6718\" data-src=\"https:\/\/www.cottage.cz\/wp-content\/uploads\/2019\/11\/20191029_090209-1024x687.jpg\" alt=\"\" class=\"wp-image-6718 lazyload\" data-srcset=\"https:\/\/cottage.cz\/wp-content\/uploads\/2019\/11\/20191029_090209-1024x687.jpg 1024w, https:\/\/cottage.cz\/wp-content\/uploads\/2019\/11\/20191029_090209-300x201.jpg 300w, https:\/\/cottage.cz\/wp-content\/uploads\/2019\/11\/20191029_090209-768x516.jpg 768w, https:\/\/cottage.cz\/wp-content\/uploads\/2019\/11\/20191029_090209-1536x1031.jpg 1536w, https:\/\/cottage.cz\/wp-content\/uploads\/2019\/11\/20191029_090209-2048x1375.jpg 2048w\" data-sizes=\"(max-width: 1024px) 100vw, 1024px\" src=\"data:image\/svg+xml;base64,PHN2ZyB3aWR0aD0iMSIgaGVpZ2h0PSIxIiB4bWxucz0iaHR0cDovL3d3dy53My5vcmcvMjAwMC9zdmciPjwvc3ZnPg==\" style=\"--smush-placeholder-width: 1024px; --smush-placeholder-aspect-ratio: 1024\/687;\" \/><\/figure>\n\n\n\n<figure class=\"wp-block-image size-large\"><img decoding=\"async\" width=\"1024\" height=\"739\" data-id=\"6717\" data-src=\"https:\/\/www.cottage.cz\/wp-content\/uploads\/2019\/11\/20191029_090009-1024x739.jpg\" alt=\"\" class=\"wp-image-6717 lazyload\" data-srcset=\"https:\/\/cottage.cz\/wp-content\/uploads\/2019\/11\/20191029_090009-1024x739.jpg 1024w, https:\/\/cottage.cz\/wp-content\/uploads\/2019\/11\/20191029_090009-300x217.jpg 300w, https:\/\/cottage.cz\/wp-content\/uploads\/2019\/11\/20191029_090009-768x554.jpg 768w, https:\/\/cottage.cz\/wp-content\/uploads\/2019\/11\/20191029_090009-1536x1109.jpg 1536w, https:\/\/cottage.cz\/wp-content\/uploads\/2019\/11\/20191029_090009-2048x1478.jpg 2048w\" data-sizes=\"(max-width: 1024px) 100vw, 1024px\" src=\"data:image\/svg+xml;base64,PHN2ZyB3aWR0aD0iMSIgaGVpZ2h0PSIxIiB4bWxucz0iaHR0cDovL3d3dy53My5vcmcvMjAwMC9zdmciPjwvc3ZnPg==\" style=\"--smush-placeholder-width: 1024px; --smush-placeholder-aspect-ratio: 1024\/739;\" \/><\/figure>\n\n\n\n<figure class=\"wp-block-image size-large\"><img decoding=\"async\" width=\"1024\" height=\"680\" data-id=\"6716\" data-src=\"https:\/\/www.cottage.cz\/wp-content\/uploads\/2019\/11\/20191029_152154-1024x680.jpg\" alt=\"\" class=\"wp-image-6716 lazyload\" data-srcset=\"https:\/\/cottage.cz\/wp-content\/uploads\/2019\/11\/20191029_152154-1024x680.jpg 1024w, https:\/\/cottage.cz\/wp-content\/uploads\/2019\/11\/20191029_152154-300x199.jpg 300w, https:\/\/cottage.cz\/wp-content\/uploads\/2019\/11\/20191029_152154-768x510.jpg 768w, https:\/\/cottage.cz\/wp-content\/uploads\/2019\/11\/20191029_152154-1536x1020.jpg 1536w, https:\/\/cottage.cz\/wp-content\/uploads\/2019\/11\/20191029_152154-2048x1360.jpg 2048w\" data-sizes=\"(max-width: 1024px) 100vw, 1024px\" src=\"data:image\/svg+xml;base64,PHN2ZyB3aWR0aD0iMSIgaGVpZ2h0PSIxIiB4bWxucz0iaHR0cDovL3d3dy53My5vcmcvMjAwMC9zdmciPjwvc3ZnPg==\" style=\"--smush-placeholder-width: 1024px; --smush-placeholder-aspect-ratio: 1024\/680;\" \/><\/figure>\n<\/figure>\n\n\n\n<p><strong>Kamila Havl\u00edkov\u00e1<\/strong><br><\/p>\n\n\n\n<figure class=\"wp-block-gallery has-nested-images columns-default is-cropped wp-block-gallery-3 is-layout-flex wp-block-gallery-is-layout-flex\">\n<figure class=\"wp-block-image size-large\"><img decoding=\"async\" width=\"1000\" height=\"750\" data-id=\"7305\" data-src=\"https:\/\/www.cottage.cz\/wp-content\/uploads\/2020\/05\/DSC02784.jpg\" alt=\"\" class=\"wp-image-7305 lazyload\" data-srcset=\"https:\/\/cottage.cz\/wp-content\/uploads\/2020\/05\/DSC02784.jpg 1000w, https:\/\/cottage.cz\/wp-content\/uploads\/2020\/05\/DSC02784-300x225.jpg 300w, https:\/\/cottage.cz\/wp-content\/uploads\/2020\/05\/DSC02784-768x576.jpg 768w\" data-sizes=\"(max-width: 1000px) 100vw, 1000px\" src=\"data:image\/svg+xml;base64,PHN2ZyB3aWR0aD0iMSIgaGVpZ2h0PSIxIiB4bWxucz0iaHR0cDovL3d3dy53My5vcmcvMjAwMC9zdmciPjwvc3ZnPg==\" style=\"--smush-placeholder-width: 1000px; --smush-placeholder-aspect-ratio: 1000\/750;\" \/><\/figure>\n\n\n\n<figure class=\"wp-block-image size-large\"><img decoding=\"async\" width=\"1000\" height=\"703\" data-id=\"7306\" data-src=\"https:\/\/www.cottage.cz\/wp-content\/uploads\/2020\/05\/IMG_20191117_0008.jpg\" alt=\"\" class=\"wp-image-7306 lazyload\" data-srcset=\"https:\/\/cottage.cz\/wp-content\/uploads\/2020\/05\/IMG_20191117_0008.jpg 1000w, https:\/\/cottage.cz\/wp-content\/uploads\/2020\/05\/IMG_20191117_0008-300x211.jpg 300w, https:\/\/cottage.cz\/wp-content\/uploads\/2020\/05\/IMG_20191117_0008-768x540.jpg 768w\" data-sizes=\"(max-width: 1000px) 100vw, 1000px\" src=\"data:image\/svg+xml;base64,PHN2ZyB3aWR0aD0iMSIgaGVpZ2h0PSIxIiB4bWxucz0iaHR0cDovL3d3dy53My5vcmcvMjAwMC9zdmciPjwvc3ZnPg==\" style=\"--smush-placeholder-width: 1000px; --smush-placeholder-aspect-ratio: 1000\/703;\" \/><\/figure>\n\n\n\n<figure class=\"wp-block-image size-large\"><img decoding=\"async\" width=\"707\" height=\"1000\" data-id=\"7307\" data-src=\"https:\/\/www.cottage.cz\/wp-content\/uploads\/2020\/05\/IMG_20191127_0011.jpg\" alt=\"\" class=\"wp-image-7307 lazyload\" data-srcset=\"https:\/\/cottage.cz\/wp-content\/uploads\/2020\/05\/IMG_20191127_0011.jpg 707w, https:\/\/cottage.cz\/wp-content\/uploads\/2020\/05\/IMG_20191127_0011-212x300.jpg 212w\" data-sizes=\"(max-width: 707px) 100vw, 707px\" src=\"data:image\/svg+xml;base64,PHN2ZyB3aWR0aD0iMSIgaGVpZ2h0PSIxIiB4bWxucz0iaHR0cDovL3d3dy53My5vcmcvMjAwMC9zdmciPjwvc3ZnPg==\" style=\"--smush-placeholder-width: 707px; --smush-placeholder-aspect-ratio: 707\/1000;\" \/><\/figure>\n\n\n\n<figure class=\"wp-block-image size-large\"><img decoding=\"async\" width=\"1000\" height=\"667\" data-id=\"7815\" data-src=\"https:\/\/www.cottage.cz\/wp-content\/uploads\/2020\/11\/IMG_0234.jpg\" alt=\"\" class=\"wp-image-7815 lazyload\" data-srcset=\"https:\/\/cottage.cz\/wp-content\/uploads\/2020\/11\/IMG_0234.jpg 1000w, https:\/\/cottage.cz\/wp-content\/uploads\/2020\/11\/IMG_0234-300x200.jpg 300w, https:\/\/cottage.cz\/wp-content\/uploads\/2020\/11\/IMG_0234-768x512.jpg 768w, https:\/\/cottage.cz\/wp-content\/uploads\/2020\/11\/IMG_0234-450x300.jpg 450w\" data-sizes=\"(max-width: 1000px) 100vw, 1000px\" src=\"data:image\/svg+xml;base64,PHN2ZyB3aWR0aD0iMSIgaGVpZ2h0PSIxIiB4bWxucz0iaHR0cDovL3d3dy53My5vcmcvMjAwMC9zdmciPjwvc3ZnPg==\" style=\"--smush-placeholder-width: 1000px; --smush-placeholder-aspect-ratio: 1000\/667;\" \/><figcaption class=\"wp-element-caption\"><br><\/figcaption><\/figure>\n<figcaption class=\"blocks-gallery-caption wp-element-caption\"><a href=\"http:\/\/kamilahavlikova.blogspot.com\/2019\/11\/sudetske-otisky.html\">V\u00edce tak\u00e9 na Otisky sudet<\/a><\/figcaption><\/figure>\n\n\n\n<p><\/p>\n\n\n\n<p><strong>B\u00f6hmischer PL\u00c9N\u00c9R 2020<\/strong>&nbsp;er tritt weiterhin in die Fu\u00dfstapfen von Malern \u2026<\/p>\n\n\n\n<p><br><strong>Fr\u00fchling 2020 (17-20.Mai)<\/strong>. Maler nur einzeln eingeladen. Sie kam an&nbsp;<strong>Zde\u0148ka Mor\u00e1vkov\u00e1<\/strong>&nbsp;aus dem Rychlebsk\u00e9 Gebirge.<\/p>\n\n\n\n<figure class=\"wp-block-gallery has-nested-images columns-default is-cropped wp-block-gallery-4 is-layout-flex wp-block-gallery-is-layout-flex\">\n<figure class=\"wp-block-image size-large\"><img decoding=\"async\" width=\"640\" height=\"480\" data-id=\"7311\" data-src=\"https:\/\/www.cottage.cz\/wp-content\/uploads\/2020\/05\/100508668_696315921171582_919337668104421376_n.jpg\" alt=\"\" class=\"wp-image-7311 lazyload\" data-srcset=\"https:\/\/cottage.cz\/wp-content\/uploads\/2020\/05\/100508668_696315921171582_919337668104421376_n.jpg 640w, https:\/\/cottage.cz\/wp-content\/uploads\/2020\/05\/100508668_696315921171582_919337668104421376_n-300x225.jpg 300w\" data-sizes=\"(max-width: 640px) 100vw, 640px\" src=\"data:image\/svg+xml;base64,PHN2ZyB3aWR0aD0iMSIgaGVpZ2h0PSIxIiB4bWxucz0iaHR0cDovL3d3dy53My5vcmcvMjAwMC9zdmciPjwvc3ZnPg==\" style=\"--smush-placeholder-width: 640px; --smush-placeholder-aspect-ratio: 640\/480;\" \/><\/figure>\n\n\n\n<figure class=\"wp-block-image size-large\"><img decoding=\"async\" width=\"640\" height=\"481\" data-id=\"7312\" data-src=\"https:\/\/www.cottage.cz\/wp-content\/uploads\/2020\/05\/98985538_913240039142066_4120434780166684672_n.jpg\" alt=\"\" class=\"wp-image-7312 lazyload\" data-srcset=\"https:\/\/cottage.cz\/wp-content\/uploads\/2020\/05\/98985538_913240039142066_4120434780166684672_n.jpg 640w, https:\/\/cottage.cz\/wp-content\/uploads\/2020\/05\/98985538_913240039142066_4120434780166684672_n-300x225.jpg 300w\" data-sizes=\"(max-width: 640px) 100vw, 640px\" src=\"data:image\/svg+xml;base64,PHN2ZyB3aWR0aD0iMSIgaGVpZ2h0PSIxIiB4bWxucz0iaHR0cDovL3d3dy53My5vcmcvMjAwMC9zdmciPjwvc3ZnPg==\" style=\"--smush-placeholder-width: 640px; --smush-placeholder-aspect-ratio: 640\/481;\" \/><\/figure>\n\n\n\n<figure class=\"wp-block-image size-large\"><img decoding=\"async\" width=\"640\" height=\"443\" data-id=\"7313\" data-src=\"https:\/\/www.cottage.cz\/wp-content\/uploads\/2020\/05\/100831656_266882554633868_5241247027664257024_n.jpg\" alt=\"\" class=\"wp-image-7313 lazyload\" data-srcset=\"https:\/\/cottage.cz\/wp-content\/uploads\/2020\/05\/100831656_266882554633868_5241247027664257024_n.jpg 640w, https:\/\/cottage.cz\/wp-content\/uploads\/2020\/05\/100831656_266882554633868_5241247027664257024_n-300x208.jpg 300w\" data-sizes=\"(max-width: 640px) 100vw, 640px\" src=\"data:image\/svg+xml;base64,PHN2ZyB3aWR0aD0iMSIgaGVpZ2h0PSIxIiB4bWxucz0iaHR0cDovL3d3dy53My5vcmcvMjAwMC9zdmciPjwvc3ZnPg==\" style=\"--smush-placeholder-width: 640px; --smush-placeholder-aspect-ratio: 640\/443;\" \/><\/figure>\n<\/figure>\n\n\n\n<p><strong>Podzim 2020  Martin Neumaier<\/strong> <\/p>\n\n\n\n<figure class=\"wp-block-gallery has-nested-images columns-default is-cropped wp-block-gallery-5 is-layout-flex wp-block-gallery-is-layout-flex\">\n<figure class=\"wp-block-image size-large\"><img decoding=\"async\" width=\"768\" height=\"1024\" data-id=\"7810\" data-src=\"https:\/\/www.cottage.cz\/wp-content\/uploads\/2020\/11\/20201012_173015-768x1024.jpg\" alt=\"\" class=\"wp-image-7810 lazyload\" data-srcset=\"https:\/\/cottage.cz\/wp-content\/uploads\/2020\/11\/20201012_173015-768x1024.jpg 768w, https:\/\/cottage.cz\/wp-content\/uploads\/2020\/11\/20201012_173015-225x300.jpg 225w, https:\/\/cottage.cz\/wp-content\/uploads\/2020\/11\/20201012_173015-1152x1536.jpg 1152w, https:\/\/cottage.cz\/wp-content\/uploads\/2020\/11\/20201012_173015-1536x2048.jpg 1536w, https:\/\/cottage.cz\/wp-content\/uploads\/2020\/11\/20201012_173015-300x400.jpg 300w, https:\/\/cottage.cz\/wp-content\/uploads\/2020\/11\/20201012_173015-450x600.jpg 450w, https:\/\/cottage.cz\/wp-content\/uploads\/2020\/11\/20201012_173015-scaled.jpg 1920w\" data-sizes=\"(max-width: 768px) 100vw, 768px\" src=\"data:image\/svg+xml;base64,PHN2ZyB3aWR0aD0iMSIgaGVpZ2h0PSIxIiB4bWxucz0iaHR0cDovL3d3dy53My5vcmcvMjAwMC9zdmciPjwvc3ZnPg==\" style=\"--smush-placeholder-width: 768px; --smush-placeholder-aspect-ratio: 768\/1024;\" \/><\/figure>\n\n\n\n<figure class=\"wp-block-image size-large\"><img decoding=\"async\" width=\"1024\" height=\"768\" data-id=\"7811\" data-src=\"https:\/\/www.cottage.cz\/wp-content\/uploads\/2020\/11\/121490395_10157742708883339_3958176939579923631_o-1024x768.jpg\" alt=\"\" class=\"wp-image-7811 lazyload\" data-srcset=\"https:\/\/cottage.cz\/wp-content\/uploads\/2020\/11\/121490395_10157742708883339_3958176939579923631_o-1024x768.jpg 1024w, https:\/\/cottage.cz\/wp-content\/uploads\/2020\/11\/121490395_10157742708883339_3958176939579923631_o-300x225.jpg 300w, https:\/\/cottage.cz\/wp-content\/uploads\/2020\/11\/121490395_10157742708883339_3958176939579923631_o-768x576.jpg 768w, https:\/\/cottage.cz\/wp-content\/uploads\/2020\/11\/121490395_10157742708883339_3958176939579923631_o-450x338.jpg 450w, https:\/\/cottage.cz\/wp-content\/uploads\/2020\/11\/121490395_10157742708883339_3958176939579923631_o.jpg 1440w\" data-sizes=\"(max-width: 1024px) 100vw, 1024px\" src=\"data:image\/svg+xml;base64,PHN2ZyB3aWR0aD0iMSIgaGVpZ2h0PSIxIiB4bWxucz0iaHR0cDovL3d3dy53My5vcmcvMjAwMC9zdmciPjwvc3ZnPg==\" style=\"--smush-placeholder-width: 1024px; --smush-placeholder-aspect-ratio: 1024\/768;\" \/><\/figure>\n\n\n\n<figure class=\"wp-block-image size-large\"><img decoding=\"async\" width=\"960\" height=\"720\" data-id=\"7812\" data-src=\"https:\/\/www.cottage.cz\/wp-content\/uploads\/2020\/11\/122054794_1840964832710511_5472467566407220366_n.jpg\" alt=\"\" class=\"wp-image-7812 lazyload\" data-srcset=\"https:\/\/cottage.cz\/wp-content\/uploads\/2020\/11\/122054794_1840964832710511_5472467566407220366_n.jpg 960w, https:\/\/cottage.cz\/wp-content\/uploads\/2020\/11\/122054794_1840964832710511_5472467566407220366_n-300x225.jpg 300w, https:\/\/cottage.cz\/wp-content\/uploads\/2020\/11\/122054794_1840964832710511_5472467566407220366_n-768x576.jpg 768w, https:\/\/cottage.cz\/wp-content\/uploads\/2020\/11\/122054794_1840964832710511_5472467566407220366_n-450x338.jpg 450w\" data-sizes=\"(max-width: 960px) 100vw, 960px\" src=\"data:image\/svg+xml;base64,PHN2ZyB3aWR0aD0iMSIgaGVpZ2h0PSIxIiB4bWxucz0iaHR0cDovL3d3dy53My5vcmcvMjAwMC9zdmciPjwvc3ZnPg==\" style=\"--smush-placeholder-width: 960px; --smush-placeholder-aspect-ratio: 960\/720;\" \/><\/figure>\n<\/figure>\n\n\n\n<p>\u2026. Wir bereiten uns darauf vor, andere Maler individuell einzuladen<\/p>\n\n\n\n<p>Maler: Michal Mach, Jitka Pet\u0159ekov\u00e1, Doreen Marie Sch\u00f6ngart, Filip Kudrn\u00e1\u010d, Ivana \u0160ev\u010d\u00edkov\u00e1, Magdalena Moravcov\u00e1, @ jirka.lode, @ linkedj.kecina, Milena Z\u00e1le\u017e\u00e1kov\u00e1, @ mareketa.adamkova, Sandra, Libor Jell\u00fa\u0161, , Ad\u00e9la R\u00fa\u010dkov\u00e1, Zde\u0148ka Mor\u00e1vkov\u00e1, @ lubos.zach.90, Lubo\u0161 Zach, @ michal.p.stribrny, Tereza Balcarov\u00e1<\/p>\n\n\n\n<p>Andrea Ehret, David Kolovratn\u00edk, Lucie Svobodov\u00e1, @TomasHonz @pavel_samlik , Hana Mi\u010dkov\u00e1, David Kr\u0148ansky, https:\/\/www.facebook.com\/gallerykrupickova<\/p>\n\n\n\n<p>Sie sind nicht auf der Liste? Du bist ein Maler? Du m\u00f6chtest kommen? Schreiben Sie uns info@cottage.cz.<\/p>\n\n\n\n<p>Ausflugstipps f\u00fcr Maler:<\/p>\n\n\n\n<p><a href=\"https:\/\/www.cottage.cz\/de\/vylet-mezi-galeriemi\/\">Eine Reise zwischen Galerien<\/a><\/p>\n\n\n\n<figure class=\"wp-block-gallery has-nested-images columns-default is-cropped wp-block-gallery-6 is-layout-flex wp-block-gallery-is-layout-flex\">\n<figure class=\"wp-block-image size-large\"><img decoding=\"async\" width=\"1024\" height=\"683\" data-id=\"8509\" data-src=\"https:\/\/www.cottage.cz\/wp-content\/uploads\/2021\/11\/muzi-79-1-1024x683.jpg\" alt=\"\" class=\"wp-image-8509 lazyload\" data-srcset=\"https:\/\/cottage.cz\/wp-content\/uploads\/2021\/11\/muzi-79-1-1024x683.jpg 1024w, https:\/\/cottage.cz\/wp-content\/uploads\/2021\/11\/muzi-79-1-300x200.jpg 300w, https:\/\/cottage.cz\/wp-content\/uploads\/2021\/11\/muzi-79-1-768x512.jpg 768w, https:\/\/cottage.cz\/wp-content\/uploads\/2021\/11\/muzi-79-1-1536x1024.jpg 1536w, https:\/\/cottage.cz\/wp-content\/uploads\/2021\/11\/muzi-79-1-2048x1365.jpg 2048w\" data-sizes=\"(max-width: 1024px) 100vw, 1024px\" src=\"data:image\/svg+xml;base64,PHN2ZyB3aWR0aD0iMSIgaGVpZ2h0PSIxIiB4bWxucz0iaHR0cDovL3d3dy53My5vcmcvMjAwMC9zdmciPjwvc3ZnPg==\" style=\"--smush-placeholder-width: 1024px; --smush-placeholder-aspect-ratio: 1024\/683;\" \/><figcaption class=\"wp-element-caption\">N\u00e1rodn\u00ed galerie Nov\u00e1 Perla<\/figcaption><\/figure>\n\n\n\n<figure class=\"wp-block-image size-large\"><img decoding=\"async\" width=\"1024\" height=\"683\" data-id=\"8503\" data-src=\"https:\/\/www.cottage.cz\/wp-content\/uploads\/2021\/11\/muzi-80-1024x683.jpg\" alt=\"\" class=\"wp-image-8503 lazyload\" data-srcset=\"https:\/\/cottage.cz\/wp-content\/uploads\/2021\/11\/muzi-80-1024x683.jpg 1024w, https:\/\/cottage.cz\/wp-content\/uploads\/2021\/11\/muzi-80-300x200.jpg 300w, https:\/\/cottage.cz\/wp-content\/uploads\/2021\/11\/muzi-80-768x512.jpg 768w, https:\/\/cottage.cz\/wp-content\/uploads\/2021\/11\/muzi-80-1536x1024.jpg 1536w, https:\/\/cottage.cz\/wp-content\/uploads\/2021\/11\/muzi-80-2048x1365.jpg 2048w\" data-sizes=\"(max-width: 1024px) 100vw, 1024px\" src=\"data:image\/svg+xml;base64,PHN2ZyB3aWR0aD0iMSIgaGVpZ2h0PSIxIiB4bWxucz0iaHR0cDovL3d3dy53My5vcmcvMjAwMC9zdmciPjwvc3ZnPg==\" style=\"--smush-placeholder-width: 1024px; --smush-placeholder-aspect-ratio: 1024\/683;\" \/><figcaption class=\"wp-element-caption\">Nov\u00e1 Perla<\/figcaption><\/figure>\n\n\n\n<figure class=\"wp-block-image size-large\"><img decoding=\"async\" width=\"960\" height=\"720\" data-id=\"8101\" data-src=\"https:\/\/www.cottage.cz\/wp-content\/uploads\/2021\/06\/galerie-cifra-2.jpg\" alt=\"\" class=\"wp-image-8101 lazyload\" data-srcset=\"https:\/\/cottage.cz\/wp-content\/uploads\/2021\/06\/galerie-cifra-2.jpg 960w, https:\/\/cottage.cz\/wp-content\/uploads\/2021\/06\/galerie-cifra-2-300x225.jpg 300w, https:\/\/cottage.cz\/wp-content\/uploads\/2021\/06\/galerie-cifra-2-768x576.jpg 768w\" data-sizes=\"(max-width: 960px) 100vw, 960px\" src=\"data:image\/svg+xml;base64,PHN2ZyB3aWR0aD0iMSIgaGVpZ2h0PSIxIiB4bWxucz0iaHR0cDovL3d3dy53My5vcmcvMjAwMC9zdmciPjwvc3ZnPg==\" style=\"--smush-placeholder-width: 960px; --smush-placeholder-aspect-ratio: 960\/720;\" \/><figcaption class=\"wp-element-caption\">Galerie Cifra &#8211; Doubice<\/figcaption><\/figure>\n\n\n\n<figure class=\"wp-block-image size-large\"><img decoding=\"async\" width=\"960\" height=\"720\" data-id=\"8102\" data-src=\"https:\/\/www.cottage.cz\/wp-content\/uploads\/2021\/06\/galerie-cifra-1.jpg\" alt=\"\" class=\"wp-image-8102 lazyload\" data-srcset=\"https:\/\/cottage.cz\/wp-content\/uploads\/2021\/06\/galerie-cifra-1.jpg 960w, https:\/\/cottage.cz\/wp-content\/uploads\/2021\/06\/galerie-cifra-1-300x225.jpg 300w, https:\/\/cottage.cz\/wp-content\/uploads\/2021\/06\/galerie-cifra-1-768x576.jpg 768w\" data-sizes=\"(max-width: 960px) 100vw, 960px\" src=\"data:image\/svg+xml;base64,PHN2ZyB3aWR0aD0iMSIgaGVpZ2h0PSIxIiB4bWxucz0iaHR0cDovL3d3dy53My5vcmcvMjAwMC9zdmciPjwvc3ZnPg==\" style=\"--smush-placeholder-width: 960px; --smush-placeholder-aspect-ratio: 960\/720;\" \/><figcaption class=\"wp-element-caption\">Galerie Cifra<\/figcaption><\/figure>\n\n\n\n<figure class=\"wp-block-image size-large\"><img decoding=\"async\" width=\"680\" height=\"383\" data-id=\"8081\" data-src=\"https:\/\/www.cottage.cz\/wp-content\/uploads\/2021\/06\/galerie-perla.jpg\" alt=\"\" class=\"wp-image-8081 lazyload\" data-srcset=\"https:\/\/cottage.cz\/wp-content\/uploads\/2021\/06\/galerie-perla.jpg 680w, https:\/\/cottage.cz\/wp-content\/uploads\/2021\/06\/galerie-perla-300x169.jpg 300w\" data-sizes=\"(max-width: 680px) 100vw, 680px\" src=\"data:image\/svg+xml;base64,PHN2ZyB3aWR0aD0iMSIgaGVpZ2h0PSIxIiB4bWxucz0iaHR0cDovL3d3dy53My5vcmcvMjAwMC9zdmciPjwvc3ZnPg==\" style=\"--smush-placeholder-width: 680px; --smush-placeholder-aspect-ratio: 680\/383;\" \/><figcaption class=\"wp-element-caption\">pl\u00e1ny Nov\u00e1 Perla<\/figcaption><\/figure>\n\n\n\n<figure class=\"wp-block-image size-large\"><img decoding=\"async\" width=\"720\" height=\"540\" data-id=\"8076\" data-src=\"https:\/\/www.cottage.cz\/wp-content\/uploads\/2021\/06\/FB_IMG_1620581460003.jpg\" alt=\"\" class=\"wp-image-8076 lazyload\" data-srcset=\"https:\/\/cottage.cz\/wp-content\/uploads\/2021\/06\/FB_IMG_1620581460003.jpg 720w, https:\/\/cottage.cz\/wp-content\/uploads\/2021\/06\/FB_IMG_1620581460003-300x225.jpg 300w\" data-sizes=\"(max-width: 720px) 100vw, 720px\" src=\"data:image\/svg+xml;base64,PHN2ZyB3aWR0aD0iMSIgaGVpZ2h0PSIxIiB4bWxucz0iaHR0cDovL3d3dy53My5vcmcvMjAwMC9zdmciPjwvc3ZnPg==\" style=\"--smush-placeholder-width: 720px; --smush-placeholder-aspect-ratio: 720\/540;\" \/><figcaption class=\"wp-element-caption\">interi\u00e9r galerie Nov\u00e1 Perla<\/figcaption><\/figure>\n<\/figure>\n\n\n\n<p><\/p>\n\n\n\n<p><\/p>\n\n\n\n\n\n<p> <br><br><\/p>\n","protected":false},"excerpt":{"rendered":"<p>Ziel B\u00f6hmischer PLANERRomantismus, Natur und Architektur verbinden, Individualit\u00e4t, cit, F\u00f6rderung der K\u00fcnste und des gemeinn\u00fctzigen Sektors.Wir m\u00f6chten einige Werke der Sch\u00f6pfer ausstellen, vielleicht haben sie das Geld versteigert und an eine gemeinn\u00fctzige Organisation gespendet&nbsp;Agentur Montag, die sich der Sozialarbeit in unserer Region widmet. Wandernde Maler in der S\u00e4chsischen Schweiz hat ihre eigene Geschichte. Wir entschieden [&hellip;]<\/p>\n","protected":false},"author":4,"featured_media":14983,"parent":0,"menu_order":0,"comment_status":"closed","ping_status":"closed","template":"","meta":{"_monsterinsights_skip_tracking":false,"_monsterinsights_sitenote_active":false,"_monsterinsights_sitenote_note":"","_monsterinsights_sitenote_category":0,"ngg_post_thumbnail":0,"footnotes":""},"class_list":["post-19770","page","type-page","status-publish","has-post-thumbnail","hentry"],"aioseo_notices":[],"_links":{"self":[{"href":"https:\/\/cottage.cz\/de\/wp-json\/wp\/v2\/pages\/19770","targetHints":{"allow":["GET"]}}],"collection":[{"href":"https:\/\/cottage.cz\/de\/wp-json\/wp\/v2\/pages"}],"about":[{"href":"https:\/\/cottage.cz\/de\/wp-json\/wp\/v2\/types\/page"}],"author":[{"embeddable":true,"href":"https:\/\/cottage.cz\/de\/wp-json\/wp\/v2\/users\/4"}],"replies":[{"embeddable":true,"href":"https:\/\/cottage.cz\/de\/wp-json\/wp\/v2\/comments?post=19770"}],"version-history":[{"count":1,"href":"https:\/\/cottage.cz\/de\/wp-json\/wp\/v2\/pages\/19770\/revisions"}],"predecessor-version":[{"id":19771,"href":"https:\/\/cottage.cz\/de\/wp-json\/wp\/v2\/pages\/19770\/revisions\/19771"}],"wp:featuredmedia":[{"embeddable":true,"href":"https:\/\/cottage.cz\/de\/wp-json\/wp\/v2\/media\/14983"}],"wp:attachment":[{"href":"https:\/\/cottage.cz\/de\/wp-json\/wp\/v2\/media?parent=19770"}],"curies":[{"name":"wp","href":"https:\/\/api.w.org\/{rel}","templated":true}]}}