{"id":19764,"date":"2023-12-03T23:45:34","date_gmt":"2023-12-03T22:45:34","guid":{"rendered":"https:\/\/cottage.napokusy.cz\/?page_id=19764"},"modified":"2023-12-03T23:45:37","modified_gmt":"2023-12-03T22:45:37","slug":"boehmisches-les","status":"publish","type":"page","link":"https:\/\/cottage.cz\/de\/boehmisches-les\/","title":{"rendered":"B\u00f6hmisches LES"},"content":{"rendered":"\n<p>Wir bereiten einen Waldweg vor \u2026<\/p>\n\n\n\n<p>Im Fr\u00fchjahr<\/p>\n\n\n\n<figure class=\"wp-block-gallery has-nested-images columns-default is-cropped wp-block-gallery-1 is-layout-flex wp-block-gallery-is-layout-flex\">\n<figure class=\"wp-block-image size-large\"><img decoding=\"async\" width=\"576\" height=\"1024\" data-id=\"10377\" data-src=\"https:\/\/www.cottage.cz\/wp-content\/uploads\/2023\/04\/20230321_094636-576x1024.jpg\" alt=\"\" class=\"wp-image-10377 lazyload\" data-srcset=\"https:\/\/cottage.cz\/wp-content\/uploads\/2023\/04\/20230321_094636-576x1024.jpg 576w, https:\/\/cottage.cz\/wp-content\/uploads\/2023\/04\/20230321_094636-169x300.jpg 169w, https:\/\/cottage.cz\/wp-content\/uploads\/2023\/04\/20230321_094636-768x1365.jpg 768w, https:\/\/cottage.cz\/wp-content\/uploads\/2023\/04\/20230321_094636-864x1536.jpg 864w, https:\/\/cottage.cz\/wp-content\/uploads\/2023\/04\/20230321_094636-1152x2048.jpg 1152w, https:\/\/cottage.cz\/wp-content\/uploads\/2023\/04\/20230321_094636-1320x2347.jpg 1320w, https:\/\/cottage.cz\/wp-content\/uploads\/2023\/04\/20230321_094636-scaled.jpg 1440w\" data-sizes=\"(max-width: 576px) 100vw, 576px\" src=\"data:image\/svg+xml;base64,PHN2ZyB3aWR0aD0iMSIgaGVpZ2h0PSIxIiB4bWxucz0iaHR0cDovL3d3dy53My5vcmcvMjAwMC9zdmciPjwvc3ZnPg==\" style=\"--smush-placeholder-width: 576px; --smush-placeholder-aspect-ratio: 576\/1024;\" \/><figcaption class=\"wp-element-caption\">Bledule<\/figcaption><\/figure>\n\n\n\n<figure class=\"wp-block-image size-large\"><img decoding=\"async\" width=\"576\" height=\"1024\" data-id=\"10374\" data-src=\"https:\/\/www.cottage.cz\/wp-content\/uploads\/2023\/04\/20230331_111923-576x1024.jpg\" alt=\"\" class=\"wp-image-10374 lazyload\" data-srcset=\"https:\/\/cottage.cz\/wp-content\/uploads\/2023\/04\/20230331_111923-576x1024.jpg 576w, https:\/\/cottage.cz\/wp-content\/uploads\/2023\/04\/20230331_111923-169x300.jpg 169w, https:\/\/cottage.cz\/wp-content\/uploads\/2023\/04\/20230331_111923-768x1365.jpg 768w, https:\/\/cottage.cz\/wp-content\/uploads\/2023\/04\/20230331_111923-864x1536.jpg 864w, https:\/\/cottage.cz\/wp-content\/uploads\/2023\/04\/20230331_111923-1152x2048.jpg 1152w, https:\/\/cottage.cz\/wp-content\/uploads\/2023\/04\/20230331_111923-1320x2347.jpg 1320w, https:\/\/cottage.cz\/wp-content\/uploads\/2023\/04\/20230331_111923-scaled.jpg 1440w\" data-sizes=\"(max-width: 576px) 100vw, 576px\" src=\"data:image\/svg+xml;base64,PHN2ZyB3aWR0aD0iMSIgaGVpZ2h0PSIxIiB4bWxucz0iaHR0cDovL3d3dy53My5vcmcvMjAwMC9zdmciPjwvc3ZnPg==\" style=\"--smush-placeholder-width: 576px; --smush-placeholder-aspect-ratio: 576\/1024;\" \/><figcaption class=\"wp-element-caption\">Jatern\u00edk podl\u00e9\u0161ka<\/figcaption><\/figure>\n\n\n\n<figure class=\"wp-block-image size-large\"><img decoding=\"async\" width=\"576\" height=\"1024\" data-id=\"10376\" data-src=\"https:\/\/www.cottage.cz\/wp-content\/uploads\/2023\/04\/20230331_111948-576x1024.jpg\" alt=\"\" class=\"wp-image-10376 lazyload\" data-srcset=\"https:\/\/cottage.cz\/wp-content\/uploads\/2023\/04\/20230331_111948-576x1024.jpg 576w, https:\/\/cottage.cz\/wp-content\/uploads\/2023\/04\/20230331_111948-169x300.jpg 169w, https:\/\/cottage.cz\/wp-content\/uploads\/2023\/04\/20230331_111948-768x1365.jpg 768w, https:\/\/cottage.cz\/wp-content\/uploads\/2023\/04\/20230331_111948-864x1536.jpg 864w, https:\/\/cottage.cz\/wp-content\/uploads\/2023\/04\/20230331_111948-1152x2048.jpg 1152w, https:\/\/cottage.cz\/wp-content\/uploads\/2023\/04\/20230331_111948-1320x2347.jpg 1320w, https:\/\/cottage.cz\/wp-content\/uploads\/2023\/04\/20230331_111948-scaled.jpg 1440w\" data-sizes=\"(max-width: 576px) 100vw, 576px\" src=\"data:image\/svg+xml;base64,PHN2ZyB3aWR0aD0iMSIgaGVpZ2h0PSIxIiB4bWxucz0iaHR0cDovL3d3dy53My5vcmcvMjAwMC9zdmciPjwvc3ZnPg==\" style=\"--smush-placeholder-width: 576px; --smush-placeholder-aspect-ratio: 576\/1024;\" \/><figcaption class=\"wp-element-caption\">Plicn\u00edk tmav\u00fd<\/figcaption><\/figure>\n\n\n\n<figure class=\"wp-block-image size-large\"><img decoding=\"async\" width=\"576\" height=\"1024\" data-id=\"10372\" data-src=\"https:\/\/www.cottage.cz\/wp-content\/uploads\/2023\/04\/20230331_112005-576x1024.jpg\" alt=\"\" class=\"wp-image-10372 lazyload\" data-srcset=\"https:\/\/cottage.cz\/wp-content\/uploads\/2023\/04\/20230331_112005-576x1024.jpg 576w, https:\/\/cottage.cz\/wp-content\/uploads\/2023\/04\/20230331_112005-169x300.jpg 169w, https:\/\/cottage.cz\/wp-content\/uploads\/2023\/04\/20230331_112005-768x1365.jpg 768w, https:\/\/cottage.cz\/wp-content\/uploads\/2023\/04\/20230331_112005-864x1536.jpg 864w, https:\/\/cottage.cz\/wp-content\/uploads\/2023\/04\/20230331_112005-1152x2048.jpg 1152w, https:\/\/cottage.cz\/wp-content\/uploads\/2023\/04\/20230331_112005-1320x2347.jpg 1320w, https:\/\/cottage.cz\/wp-content\/uploads\/2023\/04\/20230331_112005-scaled.jpg 1440w\" data-sizes=\"(max-width: 576px) 100vw, 576px\" src=\"data:image\/svg+xml;base64,PHN2ZyB3aWR0aD0iMSIgaGVpZ2h0PSIxIiB4bWxucz0iaHR0cDovL3d3dy53My5vcmcvMjAwMC9zdmciPjwvc3ZnPg==\" style=\"--smush-placeholder-width: 576px; --smush-placeholder-aspect-ratio: 576\/1024;\" \/><figcaption class=\"wp-element-caption\">Sasanka<\/figcaption><\/figure>\n\n\n\n<figure class=\"wp-block-image size-large\"><img decoding=\"async\" width=\"576\" height=\"1024\" data-id=\"10373\" data-src=\"https:\/\/www.cottage.cz\/wp-content\/uploads\/2023\/04\/20230331_112104-576x1024.jpg\" alt=\"\" class=\"wp-image-10373 lazyload\" data-srcset=\"https:\/\/cottage.cz\/wp-content\/uploads\/2023\/04\/20230331_112104-576x1024.jpg 576w, https:\/\/cottage.cz\/wp-content\/uploads\/2023\/04\/20230331_112104-169x300.jpg 169w, https:\/\/cottage.cz\/wp-content\/uploads\/2023\/04\/20230331_112104-768x1365.jpg 768w, https:\/\/cottage.cz\/wp-content\/uploads\/2023\/04\/20230331_112104-864x1536.jpg 864w, https:\/\/cottage.cz\/wp-content\/uploads\/2023\/04\/20230331_112104-1152x2048.jpg 1152w, https:\/\/cottage.cz\/wp-content\/uploads\/2023\/04\/20230331_112104-1320x2347.jpg 1320w, https:\/\/cottage.cz\/wp-content\/uploads\/2023\/04\/20230331_112104-scaled.jpg 1440w\" data-sizes=\"(max-width: 576px) 100vw, 576px\" src=\"data:image\/svg+xml;base64,PHN2ZyB3aWR0aD0iMSIgaGVpZ2h0PSIxIiB4bWxucz0iaHR0cDovL3d3dy53My5vcmcvMjAwMC9zdmciPjwvc3ZnPg==\" style=\"--smush-placeholder-width: 576px; --smush-placeholder-aspect-ratio: 576\/1024;\" \/><figcaption class=\"wp-element-caption\">Dev\u011btsil<\/figcaption><\/figure>\n\n\n\n<figure class=\"wp-block-image size-large\"><img decoding=\"async\" width=\"576\" height=\"1024\" data-id=\"10375\" data-src=\"https:\/\/www.cottage.cz\/wp-content\/uploads\/2023\/04\/20230331_112158-576x1024.jpg\" alt=\"\" class=\"wp-image-10375 lazyload\" data-srcset=\"https:\/\/cottage.cz\/wp-content\/uploads\/2023\/04\/20230331_112158-576x1024.jpg 576w, https:\/\/cottage.cz\/wp-content\/uploads\/2023\/04\/20230331_112158-169x300.jpg 169w, https:\/\/cottage.cz\/wp-content\/uploads\/2023\/04\/20230331_112158-768x1365.jpg 768w, https:\/\/cottage.cz\/wp-content\/uploads\/2023\/04\/20230331_112158-864x1536.jpg 864w, https:\/\/cottage.cz\/wp-content\/uploads\/2023\/04\/20230331_112158-1152x2048.jpg 1152w, https:\/\/cottage.cz\/wp-content\/uploads\/2023\/04\/20230331_112158-1320x2347.jpg 1320w, https:\/\/cottage.cz\/wp-content\/uploads\/2023\/04\/20230331_112158-scaled.jpg 1440w\" data-sizes=\"(max-width: 576px) 100vw, 576px\" src=\"data:image\/svg+xml;base64,PHN2ZyB3aWR0aD0iMSIgaGVpZ2h0PSIxIiB4bWxucz0iaHR0cDovL3d3dy53My5vcmcvMjAwMC9zdmciPjwvc3ZnPg==\" style=\"--smush-placeholder-width: 576px; --smush-placeholder-aspect-ratio: 576\/1024;\" \/><\/figure>\n<\/figure>\n","protected":false},"excerpt":{"rendered":"<p>Wir bereiten einen Waldweg vor \u2026 Im Fr\u00fchjahr<\/p>\n","protected":false},"author":4,"featured_media":0,"parent":0,"menu_order":0,"comment_status":"closed","ping_status":"closed","template":"","meta":{"_monsterinsights_skip_tracking":false,"_monsterinsights_sitenote_active":false,"_monsterinsights_sitenote_note":"","_monsterinsights_sitenote_category":0,"ngg_post_thumbnail":0,"footnotes":""},"class_list":["post-19764","page","type-page","status-publish","hentry"],"aioseo_notices":[],"_links":{"self":[{"href":"https:\/\/cottage.cz\/de\/wp-json\/wp\/v2\/pages\/19764","targetHints":{"allow":["GET"]}}],"collection":[{"href":"https:\/\/cottage.cz\/de\/wp-json\/wp\/v2\/pages"}],"about":[{"href":"https:\/\/cottage.cz\/de\/wp-json\/wp\/v2\/types\/page"}],"author":[{"embeddable":true,"href":"https:\/\/cottage.cz\/de\/wp-json\/wp\/v2\/users\/4"}],"replies":[{"embeddable":true,"href":"https:\/\/cottage.cz\/de\/wp-json\/wp\/v2\/comments?post=19764"}],"version-history":[{"count":1,"href":"https:\/\/cottage.cz\/de\/wp-json\/wp\/v2\/pages\/19764\/revisions"}],"predecessor-version":[{"id":19765,"href":"https:\/\/cottage.cz\/de\/wp-json\/wp\/v2\/pages\/19764\/revisions\/19765"}],"wp:attachment":[{"href":"https:\/\/cottage.cz\/de\/wp-json\/wp\/v2\/media?parent=19764"}],"curies":[{"name":"wp","href":"https:\/\/api.w.org\/{rel}","templated":true}]}}