{"id":27194,"date":"2025-06-12T09:41:17","date_gmt":"2025-06-12T07:41:17","guid":{"rendered":"https:\/\/cottage.cz\/?page_id=27194"},"modified":"2025-06-12T09:41:19","modified_gmt":"2025-06-12T07:41:19","slug":"parkering","status":"publish","type":"page","link":"https:\/\/cottage.cz\/da\/parkering\/","title":{"rendered":"Parkering"},"content":{"rendered":"\n<p>Privat parkering kun for vores g\u00e6ster venter p\u00e5 jer lige ved siden af \u200b\u200bg\u00e6stehuset. Hvis I er en gruppe, og der ankommer mere end 6 biler, bedes I parkere i to r\u00e6kker. Der er 1 plads ved g\u00e6stehuset til r\u00e5dighed til elbiler.<\/p>\n\n\n\n<p><\/p>\n","protected":false},"excerpt":{"rendered":"<p>Privat parkering kun for vores g\u00e6ster venter p\u00e5 jer lige ved siden af \u200b\u200bg\u00e6stehuset. Hvis I er en gruppe, og der ankommer mere end 6 biler, bedes I parkere i to r\u00e6kker. Der er 1 plads ved g\u00e6stehuset til r\u00e5dighed til elbiler.<\/p>\n","protected":false},"author":2,"featured_media":27138,"parent":0,"menu_order":0,"comment_status":"closed","ping_status":"closed","template":"","meta":{"_monsterinsights_skip_tracking":false,"_monsterinsights_sitenote_active":false,"_monsterinsights_sitenote_note":"","_monsterinsights_sitenote_category":0,"ngg_post_thumbnail":0,"footnotes":""},"class_list":["post-27194","page","type-page","status-publish","has-post-thumbnail","hentry"],"aioseo_notices":[],"_links":{"self":[{"href":"https:\/\/cottage.cz\/da\/wp-json\/wp\/v2\/pages\/27194","targetHints":{"allow":["GET"]}}],"collection":[{"href":"https:\/\/cottage.cz\/da\/wp-json\/wp\/v2\/pages"}],"about":[{"href":"https:\/\/cottage.cz\/da\/wp-json\/wp\/v2\/types\/page"}],"author":[{"embeddable":true,"href":"https:\/\/cottage.cz\/da\/wp-json\/wp\/v2\/users\/2"}],"replies":[{"embeddable":true,"href":"https:\/\/cottage.cz\/da\/wp-json\/wp\/v2\/comments?post=27194"}],"version-history":[{"count":1,"href":"https:\/\/cottage.cz\/da\/wp-json\/wp\/v2\/pages\/27194\/revisions"}],"predecessor-version":[{"id":27195,"href":"https:\/\/cottage.cz\/da\/wp-json\/wp\/v2\/pages\/27194\/revisions\/27195"}],"wp:featuredmedia":[{"embeddable":true,"href":"https:\/\/cottage.cz\/da\/wp-json\/wp\/v2\/media\/27138"}],"wp:attachment":[{"href":"https:\/\/cottage.cz\/da\/wp-json\/wp\/v2\/media?parent=27194"}],"curies":[{"name":"wp","href":"https:\/\/api.w.org\/{rel}","templated":true}]}}