{"id":26815,"date":"2025-06-03T11:53:47","date_gmt":"2025-06-03T09:53:47","guid":{"rendered":"https:\/\/cottage.cz\/?page_id=26815"},"modified":"2025-06-03T11:53:48","modified_gmt":"2025-06-03T09:53:48","slug":"udlejning-i-boehmisk-schweiz","status":"publish","type":"page","link":"https:\/\/cottage.cz\/da\/udlejning-i-boehmisk-schweiz\/","title":{"rendered":"Udlejning i B\u00f8hmisk Schweiz"},"content":{"rendered":"\n<p>Har du lyst til en cykel, men har du ikke medbragt din egen? Vil du pr\u00f8ve en elcykel, snesko, sk\u00f8jter? Vi udlejer: cykler, elcykler, rullesk\u00f8jter, langrendsski, snesko, l\u00f8behjul, cykels\u00e6der og andet udstyr.<\/p>\n\n\n\n<p>\u00c5bningstider: efter aftale. Ring venligst i forvejen kl. 8.00-20.00.<\/p>\n\n\n\n<p>Kontakt: Ale\u0161 Kubica, whatsups +420 736 224 222, info@cottage.cz<\/p>\n\n\n\n<p><strong>Afhentning ved: Kamenn\u00e1 Horka 110, Kr\u00e1sn\u00e1 L\u00edpa<\/strong> (r\u00f8dt hus med et stort kort)<\/p>\n\n\n\n<p>Hvis du er interesseret, leverer vi dit udstyr til din indkvartering i B\u00f8hmisk Schweiz, Lausitzerbjergene og \u0160luknov-forbjerget mod et gebyr.<\/p>\n\n\n<div class=\"pt-cv-wrapper\"><div class=\"pt-cv-view pt-cv-grid pt-cv-colsys pt-cv-pgregular pt-cv-sharp-buttons\" id=\"pt-cv-view-d56bbc35r0\"><div data-id=\"pt-cv-page-1\" class=\"pt-cv-page\" data-cvc=\"3\"><div class=\"col-md-4 col-sm-6 col-xs-12 pt-cv-content-item pt-cv-1-col\"  data-pid=\"26735\"><div class='pt-cv-ifield'><a href=\"https:\/\/cottage.cz\/da\/cykeludlejning\/\" class=\"_self pt-cv-href-thumbnail pt-cv-thumb-default cvplbd cvp-responsive-image img-none\" target=\"_self\" data-iw=\"300\" data-ih=\"300\"><img decoding=\"async\" width=\"300\" height=\"169\" data-src=\"https:\/\/cottage.cz\/wp-content\/uploads\/2018\/03\/20240329_092847-300x169.jpg\" class=\"pt-cv-thumbnail img-none lazyload\" alt=\"Cykeludlejning\" data-srcset=\"https:\/\/cottage.cz\/wp-content\/uploads\/2018\/03\/20240329_092847-300x169.jpg 300w, https:\/\/cottage.cz\/wp-content\/uploads\/2018\/03\/20240329_092847-1024x577.jpg 1024w, https:\/\/cottage.cz\/wp-content\/uploads\/2018\/03\/20240329_092847-768x432.jpg 768w, https:\/\/cottage.cz\/wp-content\/uploads\/2018\/03\/20240329_092847-1536x865.jpg 1536w, https:\/\/cottage.cz\/wp-content\/uploads\/2018\/03\/20240329_092847-2048x1153.jpg 2048w\" data-sizes=\"(max-width: 300px) 100vw, 300px\" src=\"data:image\/svg+xml;base64,PHN2ZyB3aWR0aD0iMSIgaGVpZ2h0PSIxIiB4bWxucz0iaHR0cDovL3d3dy53My5vcmcvMjAwMC9zdmciPjwvc3ZnPg==\" style=\"--smush-placeholder-width: 300px; --smush-placeholder-aspect-ratio: 300\/169;\" \/><\/a>\n<h4 class=\"pt-cv-title\"><a href=\"https:\/\/cottage.cz\/da\/cykeludlejning\/\" class=\"_self cvplbd\" target=\"_self\" data-iw=\"300\" data-ih=\"300\">Cykeludlejning<\/a><\/h4>\n<div class=\"pt-cv-content\">Har du lyst til en cykel, men har du ikke medbragt din egen? Vil du pr\u00f8ve en elcykel, snesko, sk\u00f8jter? ...<\/div><\/div><\/div>\n<div class=\"col-md-4 col-sm-6 col-xs-12 pt-cv-content-item pt-cv-1-col\"  data-pid=\"26747\"><div class='pt-cv-ifield'><a href=\"https:\/\/cottage.cz\/da\/elcykeludlejning-i-boehmisk-schweiz-og-lausitzerbjergene\/\" class=\"_self pt-cv-href-thumbnail pt-cv-thumb-default cvplbd cvp-responsive-image img-none\" target=\"_self\" data-iw=\"300\" data-ih=\"300\"><img decoding=\"async\" width=\"300\" height=\"225\" data-src=\"https:\/\/cottage.cz\/wp-content\/uploads\/2025\/03\/elektrokolo-300x225.jpg\" class=\"pt-cv-thumbnail img-none lazyload\" alt=\"Elcykeludlejning i B\u00f8hmisk Schweiz og Lausitzerbjergene\" data-srcset=\"https:\/\/cottage.cz\/wp-content\/uploads\/2025\/03\/elektrokolo-300x225.jpg 300w, https:\/\/cottage.cz\/wp-content\/uploads\/2025\/03\/elektrokolo-1024x769.jpg 1024w, https:\/\/cottage.cz\/wp-content\/uploads\/2025\/03\/elektrokolo-768x577.jpg 768w, https:\/\/cottage.cz\/wp-content\/uploads\/2025\/03\/elektrokolo.jpg 1216w\" data-sizes=\"(max-width: 300px) 100vw, 300px\" src=\"data:image\/svg+xml;base64,PHN2ZyB3aWR0aD0iMSIgaGVpZ2h0PSIxIiB4bWxucz0iaHR0cDovL3d3dy53My5vcmcvMjAwMC9zdmciPjwvc3ZnPg==\" style=\"--smush-placeholder-width: 300px; --smush-placeholder-aspect-ratio: 300\/225;\" \/><\/a>\n<h4 class=\"pt-cv-title\"><a href=\"https:\/\/cottage.cz\/da\/elcykeludlejning-i-boehmisk-schweiz-og-lausitzerbjergene\/\" class=\"_self cvplbd\" target=\"_self\" data-iw=\"300\" data-ih=\"300\">Elcykeludlejning i B\u00f8hmisk Schweiz og Lausitzerbjergene<\/a><\/h4>\n<div class=\"pt-cv-content\">Pris: 800-950 CZK \/stk\/dag, (3 eller flere dages rabat), ingen depositumInkluderer hjelm, l\u00e5s. 800 czk Trekking elcykel ESTIMA 10 SH ...<\/div><\/div><\/div>\n<div class=\"col-md-4 col-sm-6 col-xs-12 pt-cv-content-item pt-cv-1-col\"  data-pid=\"24387\"><div class='pt-cv-ifield'><a href=\"https:\/\/cottage.cz\/da\/snesko\/\" class=\"_self pt-cv-href-thumbnail pt-cv-thumb-default cvplbd cvp-responsive-image img-none\" target=\"_self\" data-iw=\"300\" data-ih=\"300\"><img decoding=\"async\" width=\"300\" height=\"246\" data-src=\"https:\/\/cottage.cz\/wp-content\/uploads\/2013\/01\/sneznice-1-300x246.jpeg\" class=\"pt-cv-thumbnail img-none lazyload\" alt=\"Snesko\" data-srcset=\"https:\/\/cottage.cz\/wp-content\/uploads\/2013\/01\/sneznice-1-300x246.jpeg 300w, https:\/\/cottage.cz\/wp-content\/uploads\/2013\/01\/sneznice-1.jpeg 733w\" data-sizes=\"(max-width: 300px) 100vw, 300px\" src=\"data:image\/svg+xml;base64,PHN2ZyB3aWR0aD0iMSIgaGVpZ2h0PSIxIiB4bWxucz0iaHR0cDovL3d3dy53My5vcmcvMjAwMC9zdmciPjwvc3ZnPg==\" style=\"--smush-placeholder-width: 300px; --smush-placeholder-aspect-ratio: 300\/246;\" \/><\/a>\n<h4 class=\"pt-cv-title\"><a href=\"https:\/\/cottage.cz\/da\/snesko\/\" class=\"_self cvplbd\" target=\"_self\" data-iw=\"300\" data-ih=\"300\">Snesko<\/a><\/h4>\n<div class=\"pt-cv-content\">Kan du lide at g\u00e5 i vinterlandskabet? Pr\u00f8v en uforglemmelig klatring til det h\u00f8jeste bjerg i Lusatian Mountains, selv i ...<\/div><\/div><\/div><\/div><\/div><\/div>\t\t\t<style type=\"text\/css\" id=\"pt-cv-inline-style-438a3f392k\">#pt-cv-view-d56bbc35r0.pt-cv-post-border { margin: 0; border-top-width: 1px; border-left-width: 1px }\n#pt-cv-view-d56bbc35r0.pt-cv-post-border { margin: 0; border-top-style: solid; border-left-style: solid }\n#pt-cv-view-d56bbc35r0.pt-cv-post-border .pt-cv-content-item   { border-right-width: 1px; border-bottom-width: 1px; border-right-style: solid; border-bottom-style: solid; }\n#pt-cv-view-d56bbc35r0 .pt-cv-title a, #pt-cv-view-d56bbc35r0  .panel-title { font-weight: 600 !important; }\n#pt-cv-view-d56bbc35r0 .pt-cv-readmore  { color: #ffffff !important; background-color: #ba7f42 !important; }\n#pt-cv-view-d56bbc35r0 .pt-cv-readmore:hover  { color: #ffffff !important; background-color: #ba7f42 !important; }\n#pt-cv-view-d56bbc35r0  + .pt-cv-pagination-wrapper .pt-cv-more , #pt-cv-view-d56bbc35r0  + .pt-cv-pagination-wrapper .pagination .active a { color: #ffffff !important; background-color: #ba7f42 !important; }\n#pt-cv-view-d56bbc35r0 .cvp-responsive-image[style*=\"background-image\"] { width: 300px; height: 300px; }<\/style>\r\n\t\t\t\n\n\n\n<p><\/p>\n","protected":false},"excerpt":{"rendered":"<p>Har du lyst til en cykel, men har du ikke medbragt din egen? Vil du pr\u00f8ve en elcykel, snesko, sk\u00f8jter? Vi udlejer: cykler, elcykler, rullesk\u00f8jter, langrendsski, snesko, l\u00f8behjul, cykels\u00e6der og andet udstyr. \u00c5bningstider: efter aftale. Ring venligst i forvejen kl. 8.00-20.00. Kontakt: Ale\u0161 Kubica, whatsups +420 736 224 222, info@cottage.cz Afhentning ved: Kamenn\u00e1 Horka 110, [&hellip;]<\/p>\n","protected":false},"author":2,"featured_media":26816,"parent":0,"menu_order":0,"comment_status":"closed","ping_status":"closed","template":"","meta":{"_monsterinsights_skip_tracking":false,"_monsterinsights_sitenote_active":false,"_monsterinsights_sitenote_note":"","_monsterinsights_sitenote_category":0,"ngg_post_thumbnail":0,"footnotes":""},"class_list":["post-26815","page","type-page","status-publish","has-post-thumbnail","hentry"],"aioseo_notices":[],"_links":{"self":[{"href":"https:\/\/cottage.cz\/da\/wp-json\/wp\/v2\/pages\/26815","targetHints":{"allow":["GET"]}}],"collection":[{"href":"https:\/\/cottage.cz\/da\/wp-json\/wp\/v2\/pages"}],"about":[{"href":"https:\/\/cottage.cz\/da\/wp-json\/wp\/v2\/types\/page"}],"author":[{"embeddable":true,"href":"https:\/\/cottage.cz\/da\/wp-json\/wp\/v2\/users\/2"}],"replies":[{"embeddable":true,"href":"https:\/\/cottage.cz\/da\/wp-json\/wp\/v2\/comments?post=26815"}],"version-history":[{"count":1,"href":"https:\/\/cottage.cz\/da\/wp-json\/wp\/v2\/pages\/26815\/revisions"}],"predecessor-version":[{"id":26819,"href":"https:\/\/cottage.cz\/da\/wp-json\/wp\/v2\/pages\/26815\/revisions\/26819"}],"wp:featuredmedia":[{"embeddable":true,"href":"https:\/\/cottage.cz\/da\/wp-json\/wp\/v2\/media\/26816"}],"wp:attachment":[{"href":"https:\/\/cottage.cz\/da\/wp-json\/wp\/v2\/media?parent=26815"}],"curies":[{"name":"wp","href":"https:\/\/api.w.org\/{rel}","templated":true}]}}