{"id":26805,"date":"2025-06-03T11:48:20","date_gmt":"2025-06-03T09:48:20","guid":{"rendered":"https:\/\/cottage.cz\/?page_id=26805"},"modified":"2025-06-03T11:48:22","modified_gmt":"2025-06-03T09:48:22","slug":"koekken","status":"publish","type":"page","link":"https:\/\/cottage.cz\/da\/koekken\/","title":{"rendered":"K\u00f8kken"},"content":{"rendered":"\n<p>Vores k\u00f8kken er fuldt udstyret med k\u00f8kken- og serveringsredskaber til op til 17 personer. I sommerm\u00e5nederne kan du ogs\u00e5 bruge terrassen.<br>Der er et stort k\u00f8leskab med fryser, ovn, komfur, opvaskemaskine med tabletter. Du finder alt, hvad et ordentligt k\u00f8kken b\u00f8r have.<br>Der er ogs\u00e5 en<a href=\"https:\/\/cottage.cz\/da\/selvbetjeningsbar\/\" title=\"Selvbetjeningsbar\"> selvbetjeningsbar<\/a> med regionale drikkevarer og en Nespresso-kaffemaskine af h\u00f8j kvalitet.<\/p>\n\n\n\n<p><\/p>\n\n\n\nngg_shortcode_0_placeholder\n\n\n\n<figure class=\"wp-block-video\"><video height=\"848\" style=\"aspect-ratio: 480 \/ 848;\" width=\"480\" controls src=\"https:\/\/www.cottage.cz\/wp-content\/uploads\/2023\/02\/VID-20230217-WA0008.mp4\"><\/video><\/figure>\n","protected":false},"excerpt":{"rendered":"<p>Vores k\u00f8kken er fuldt udstyret med k\u00f8kken- og serveringsredskaber til op til 17 personer. I sommerm\u00e5nederne kan du ogs\u00e5 bruge terrassen.Der er et stort k\u00f8leskab med fryser, ovn, komfur, opvaskemaskine med tabletter. Du finder alt, hvad et ordentligt k\u00f8kken b\u00f8r have.Der er ogs\u00e5 en selvbetjeningsbar med regionale drikkevarer og en Nespresso-kaffemaskine af h\u00f8j kvalitet.<\/p>\n","protected":false},"author":2,"featured_media":22948,"parent":0,"menu_order":0,"comment_status":"closed","ping_status":"closed","template":"","meta":{"_monsterinsights_skip_tracking":false,"_monsterinsights_sitenote_active":false,"_monsterinsights_sitenote_note":"","_monsterinsights_sitenote_category":0,"ngg_post_thumbnail":0,"footnotes":""},"class_list":["post-26805","page","type-page","status-publish","has-post-thumbnail","hentry"],"aioseo_notices":[],"_links":{"self":[{"href":"https:\/\/cottage.cz\/da\/wp-json\/wp\/v2\/pages\/26805","targetHints":{"allow":["GET"]}}],"collection":[{"href":"https:\/\/cottage.cz\/da\/wp-json\/wp\/v2\/pages"}],"about":[{"href":"https:\/\/cottage.cz\/da\/wp-json\/wp\/v2\/types\/page"}],"author":[{"embeddable":true,"href":"https:\/\/cottage.cz\/da\/wp-json\/wp\/v2\/users\/2"}],"replies":[{"embeddable":true,"href":"https:\/\/cottage.cz\/da\/wp-json\/wp\/v2\/comments?post=26805"}],"version-history":[{"count":1,"href":"https:\/\/cottage.cz\/da\/wp-json\/wp\/v2\/pages\/26805\/revisions"}],"predecessor-version":[{"id":26812,"href":"https:\/\/cottage.cz\/da\/wp-json\/wp\/v2\/pages\/26805\/revisions\/26812"}],"wp:featuredmedia":[{"embeddable":true,"href":"https:\/\/cottage.cz\/da\/wp-json\/wp\/v2\/media\/22948"}],"wp:attachment":[{"href":"https:\/\/cottage.cz\/da\/wp-json\/wp\/v2\/media?parent=26805"}],"curies":[{"name":"wp","href":"https:\/\/api.w.org\/{rel}","templated":true}]}}