{"id":26011,"date":"2025-05-19T12:16:13","date_gmt":"2025-05-19T10:16:13","guid":{"rendered":"https:\/\/cottage.cz\/?page_id=26011"},"modified":"2026-01-16T08:21:14","modified_gmt":"2026-01-16T07:21:14","slug":"selvbetjeningsbar","status":"publish","type":"page","link":"https:\/\/cottage.cz\/da\/selvbetjeningsbar\/","title":{"rendered":"Selvbetjeningsbar"},"content":{"rendered":"\n<p>For din komfort tilbyder vi regionale drikkevarer (Kocour-\u00f8l, BBCider, Kocour-limonader, Galli Destilery-lik\u00f8rer, Vratislavsk\u00e1 kyselka, Tesa\u0159\u00edk-vine og varme drikke, Nespresso-kaffe, forskellige teer. Ydermere venter p\u00e5 dig h\u00e5ndlavede sm\u00e5kager, oste fra Hampl-g\u00e5rden, hjemmelavede overraskelser og frugt. <br><em>Kun \u00e5bent for vores g\u00e6ster 24 timer i d\u00f8gnet.<\/em><\/p>\n\n\n\nngg_shortcode_0_placeholder\n","protected":false},"excerpt":{"rendered":"<p>For din komfort tilbyder vi regionale drikkevarer (Kocour-\u00f8l, BBCider, Kocour-limonader, Galli Destilery-lik\u00f8rer, Vratislavsk\u00e1 kyselka, Tesa\u0159\u00edk-vine og varme drikke, Nespresso-kaffe, forskellige teer. Ydermere venter p\u00e5 dig h\u00e5ndlavede sm\u00e5kager, oste fra Hampl-g\u00e5rden, hjemmelavede overraskelser og frugt. Kun \u00e5bent for vores g\u00e6ster 24 timer i d\u00f8gnet.<\/p>\n","protected":false},"author":2,"featured_media":25914,"parent":0,"menu_order":0,"comment_status":"closed","ping_status":"closed","template":"","meta":{"_monsterinsights_skip_tracking":false,"_monsterinsights_sitenote_active":false,"_monsterinsights_sitenote_note":"","_monsterinsights_sitenote_category":0,"ngg_post_thumbnail":0,"footnotes":""},"class_list":["post-26011","page","type-page","status-publish","has-post-thumbnail","hentry"],"aioseo_notices":[],"_links":{"self":[{"href":"https:\/\/cottage.cz\/da\/wp-json\/wp\/v2\/pages\/26011","targetHints":{"allow":["GET"]}}],"collection":[{"href":"https:\/\/cottage.cz\/da\/wp-json\/wp\/v2\/pages"}],"about":[{"href":"https:\/\/cottage.cz\/da\/wp-json\/wp\/v2\/types\/page"}],"author":[{"embeddable":true,"href":"https:\/\/cottage.cz\/da\/wp-json\/wp\/v2\/users\/2"}],"replies":[{"embeddable":true,"href":"https:\/\/cottage.cz\/da\/wp-json\/wp\/v2\/comments?post=26011"}],"version-history":[{"count":2,"href":"https:\/\/cottage.cz\/da\/wp-json\/wp\/v2\/pages\/26011\/revisions"}],"predecessor-version":[{"id":28620,"href":"https:\/\/cottage.cz\/da\/wp-json\/wp\/v2\/pages\/26011\/revisions\/28620"}],"wp:featuredmedia":[{"embeddable":true,"href":"https:\/\/cottage.cz\/da\/wp-json\/wp\/v2\/media\/25914"}],"wp:attachment":[{"href":"https:\/\/cottage.cz\/da\/wp-json\/wp\/v2\/media?parent=26011"}],"curies":[{"name":"wp","href":"https:\/\/api.w.org\/{rel}","templated":true}]}}