{"id":24454,"date":"2024-12-16T19:45:37","date_gmt":"2024-12-16T18:45:37","guid":{"rendered":"https:\/\/cottage.cz\/?page_id=24454"},"modified":"2025-05-23T08:50:47","modified_gmt":"2025-05-23T06:50:47","slug":"morgenmad","status":"publish","type":"page","link":"https:\/\/cottage.cz\/da\/morgenmad\/","title":{"rendered":"Morgenmad"},"content":{"rendered":"<p>Bedstemors morgenmadskurve<\/p>\n<p>Pris: 600 CZK \/ professionel 1-2 personer, 1200 CZK for 3-4 personer<\/p>\n<p>Vores bedstemor vil k\u00e6rligt tilberede en vidunderlig morgenmad til dig. Hver kurv er til en l\u00e6kker overraskelse for 1 hvis 4 personer.R\u00e5varer v\u00e6lger vi om muligt regionale og nationale.<\/p>\n<p>Den resterende del er velegnet til snack under rejsen (vognen skal st\u00e5 hele dagen).<\/p>\n<p>Vi forbereder kun morgenmadskurven til vores g\u00e6ster. Vi kan ogs\u00e5 fremtrylle overraskelser til vegetarer, veganere, allergier&#8230;<\/p>\n<p style=\"text-align: center;\"><strong>Morgenmad ved reservation<\/strong><\/p>\n\n\nngg_shortcode_0_placeholder\n\n\n\n<p>Vi tilbereder en <strong>morgenmadsbrunch<\/strong> inklusive suppe til grupper. 300 czk \/ personer<\/p>\n\n\n\nngg_shortcode_1_placeholder\n","protected":false},"excerpt":{"rendered":"<p>Bedstemors morgenmadskurve Pris: 600 CZK \/ professionel 1-2 personer, 1200 CZK for 3-4 personer Vores bedstemor vil k\u00e6rligt tilberede en vidunderlig morgenmad til dig. Hver kurv er til en l\u00e6kker overraskelse for 1 hvis 4 personer.R\u00e5varer v\u00e6lger vi om muligt regionale og nationale. Den resterende del er velegnet til snack under rejsen (vognen skal st\u00e5 [&hellip;]<\/p>\n","protected":false},"author":2,"featured_media":26247,"parent":0,"menu_order":0,"comment_status":"closed","ping_status":"closed","template":"","meta":{"_monsterinsights_skip_tracking":false,"_monsterinsights_sitenote_active":false,"_monsterinsights_sitenote_note":"","_monsterinsights_sitenote_category":0,"ngg_post_thumbnail":0,"footnotes":""},"class_list":["post-24454","page","type-page","status-publish","has-post-thumbnail","hentry"],"aioseo_notices":[],"_links":{"self":[{"href":"https:\/\/cottage.cz\/da\/wp-json\/wp\/v2\/pages\/24454","targetHints":{"allow":["GET"]}}],"collection":[{"href":"https:\/\/cottage.cz\/da\/wp-json\/wp\/v2\/pages"}],"about":[{"href":"https:\/\/cottage.cz\/da\/wp-json\/wp\/v2\/types\/page"}],"author":[{"embeddable":true,"href":"https:\/\/cottage.cz\/da\/wp-json\/wp\/v2\/users\/2"}],"replies":[{"embeddable":true,"href":"https:\/\/cottage.cz\/da\/wp-json\/wp\/v2\/comments?post=24454"}],"version-history":[{"count":3,"href":"https:\/\/cottage.cz\/da\/wp-json\/wp\/v2\/pages\/24454\/revisions"}],"predecessor-version":[{"id":26310,"href":"https:\/\/cottage.cz\/da\/wp-json\/wp\/v2\/pages\/24454\/revisions\/26310"}],"wp:featuredmedia":[{"embeddable":true,"href":"https:\/\/cottage.cz\/da\/wp-json\/wp\/v2\/media\/26247"}],"wp:attachment":[{"href":"https:\/\/cottage.cz\/da\/wp-json\/wp\/v2\/media?parent=24454"}],"curies":[{"name":"wp","href":"https:\/\/api.w.org\/{rel}","templated":true}]}}