{"id":24221,"date":"2024-11-28T08:55:15","date_gmt":"2024-11-28T07:55:15","guid":{"rendered":"https:\/\/cottage.cz\/?page_id=24221"},"modified":"2024-11-28T08:56:26","modified_gmt":"2024-11-28T07:56:26","slug":"otuzovarna-haerdning-og-saunahus","status":"publish","type":"page","link":"https:\/\/cottage.cz\/da\/otuzovarna-haerdning-og-saunahus\/","title":{"rendered":"Otuzovarna &#8211; h\u00e6rdning og saunahus"},"content":{"rendered":"\n<p>Otu\u017eov\u00e1rna private klub tilbyder fred for dit helbred og afslapning. Elsker du at sk\u00e6rpe op? Du er lige her. Bliv F\u00d8RST medlem af klubben og s\u00e5 kan du deltage. Tilmelding og klubvedt\u00e6gt her.<\/p>\n\n\n\n<div class=\"wp-block-group\"><div class=\"wp-block-group__inner-container is-layout-constrained wp-block-group-is-layout-constrained\">\n<figure class=\"wp-block-gallery has-nested-images columns-default is-cropped wp-block-gallery-1 is-layout-flex wp-block-gallery-is-layout-flex\">\n<figure class=\"wp-block-image size-large\"><img decoding=\"async\" width=\"1024\" height=\"683\" data-id=\"23664\" data-src=\"https:\/\/cottage.cz\/wp-content\/uploads\/2024\/10\/BC24-7-1024x683.jpg\" alt=\"\" class=\"wp-image-23664 lazyload\" data-srcset=\"https:\/\/cottage.cz\/wp-content\/uploads\/2024\/10\/BC24-7-1024x683.jpg 1024w, https:\/\/cottage.cz\/wp-content\/uploads\/2024\/10\/BC24-7-300x200.jpg 300w, https:\/\/cottage.cz\/wp-content\/uploads\/2024\/10\/BC24-7-768x512.jpg 768w, https:\/\/cottage.cz\/wp-content\/uploads\/2024\/10\/BC24-7-1536x1024.jpg 1536w, https:\/\/cottage.cz\/wp-content\/uploads\/2024\/10\/BC24-7-2048x1365.jpg 2048w\" data-sizes=\"(max-width: 1024px) 100vw, 1024px\" src=\"data:image\/svg+xml;base64,PHN2ZyB3aWR0aD0iMSIgaGVpZ2h0PSIxIiB4bWxucz0iaHR0cDovL3d3dy53My5vcmcvMjAwMC9zdmciPjwvc3ZnPg==\" style=\"--smush-placeholder-width: 1024px; --smush-placeholder-aspect-ratio: 1024\/683;\" \/><\/figure>\n\n\n\n<figure class=\"wp-block-image size-large\"><img decoding=\"async\" width=\"1024\" height=\"683\" data-id=\"23650\" data-src=\"https:\/\/cottage.cz\/wp-content\/uploads\/2024\/09\/BC24-8-1024x683.jpg\" alt=\"\" class=\"wp-image-23650 lazyload\" data-srcset=\"https:\/\/cottage.cz\/wp-content\/uploads\/2024\/09\/BC24-8-1024x683.jpg 1024w, https:\/\/cottage.cz\/wp-content\/uploads\/2024\/09\/BC24-8-300x200.jpg 300w, https:\/\/cottage.cz\/wp-content\/uploads\/2024\/09\/BC24-8-768x512.jpg 768w, https:\/\/cottage.cz\/wp-content\/uploads\/2024\/09\/BC24-8-1536x1024.jpg 1536w, https:\/\/cottage.cz\/wp-content\/uploads\/2024\/09\/BC24-8-2048x1365.jpg 2048w\" data-sizes=\"(max-width: 1024px) 100vw, 1024px\" src=\"data:image\/svg+xml;base64,PHN2ZyB3aWR0aD0iMSIgaGVpZ2h0PSIxIiB4bWxucz0iaHR0cDovL3d3dy53My5vcmcvMjAwMC9zdmciPjwvc3ZnPg==\" style=\"--smush-placeholder-width: 1024px; --smush-placeholder-aspect-ratio: 1024\/683;\" \/><\/figure>\n\n\n\n<figure class=\"wp-block-image size-large\"><img decoding=\"async\" width=\"1024\" height=\"768\" data-id=\"23645\" data-src=\"https:\/\/cottage.cz\/wp-content\/uploads\/2024\/09\/Resize-of-BC24-4-1024x768.jpg\" alt=\"\" class=\"wp-image-23645 lazyload\" data-srcset=\"https:\/\/cottage.cz\/wp-content\/uploads\/2024\/09\/Resize-of-BC24-4-1024x768.jpg 1024w, https:\/\/cottage.cz\/wp-content\/uploads\/2024\/09\/Resize-of-BC24-4-300x225.jpg 300w, https:\/\/cottage.cz\/wp-content\/uploads\/2024\/09\/Resize-of-BC24-4-768x576.jpg 768w, https:\/\/cottage.cz\/wp-content\/uploads\/2024\/09\/Resize-of-BC24-4-1536x1152.jpg 1536w, https:\/\/cottage.cz\/wp-content\/uploads\/2024\/09\/Resize-of-BC24-4.jpg 1600w\" data-sizes=\"(max-width: 1024px) 100vw, 1024px\" src=\"data:image\/svg+xml;base64,PHN2ZyB3aWR0aD0iMSIgaGVpZ2h0PSIxIiB4bWxucz0iaHR0cDovL3d3dy53My5vcmcvMjAwMC9zdmciPjwvc3ZnPg==\" style=\"--smush-placeholder-width: 1024px; --smush-placeholder-aspect-ratio: 1024\/768;\" \/><\/figure>\n\n\n\n<figure class=\"wp-block-image size-large\"><img decoding=\"async\" width=\"1024\" height=\"768\" data-id=\"23831\" data-src=\"https:\/\/cottage.cz\/wp-content\/uploads\/2024\/10\/20241024_143605-1-1024x768.jpg\" alt=\"\" class=\"wp-image-23831 lazyload\" data-srcset=\"https:\/\/cottage.cz\/wp-content\/uploads\/2024\/10\/20241024_143605-1-1024x768.jpg 1024w, https:\/\/cottage.cz\/wp-content\/uploads\/2024\/10\/20241024_143605-1-300x225.jpg 300w, https:\/\/cottage.cz\/wp-content\/uploads\/2024\/10\/20241024_143605-1-768x576.jpg 768w, https:\/\/cottage.cz\/wp-content\/uploads\/2024\/10\/20241024_143605-1-1536x1152.jpg 1536w, https:\/\/cottage.cz\/wp-content\/uploads\/2024\/10\/20241024_143605-1-2048x1536.jpg 2048w\" data-sizes=\"(max-width: 1024px) 100vw, 1024px\" src=\"data:image\/svg+xml;base64,PHN2ZyB3aWR0aD0iMSIgaGVpZ2h0PSIxIiB4bWxucz0iaHR0cDovL3d3dy53My5vcmcvMjAwMC9zdmciPjwvc3ZnPg==\" style=\"--smush-placeholder-width: 1024px; --smush-placeholder-aspect-ratio: 1024\/768;\" \/><\/figure>\n\n\n\n<figure class=\"wp-block-image size-large\"><img decoding=\"async\" width=\"768\" height=\"1024\" data-id=\"23826\" data-src=\"https:\/\/cottage.cz\/wp-content\/uploads\/2024\/10\/20241023_160803-768x1024.jpg\" alt=\"\" class=\"wp-image-23826 lazyload\" data-srcset=\"https:\/\/cottage.cz\/wp-content\/uploads\/2024\/10\/20241023_160803-768x1024.jpg 768w, https:\/\/cottage.cz\/wp-content\/uploads\/2024\/10\/20241023_160803-225x300.jpg 225w, https:\/\/cottage.cz\/wp-content\/uploads\/2024\/10\/20241023_160803-1152x1536.jpg 1152w, https:\/\/cottage.cz\/wp-content\/uploads\/2024\/10\/20241023_160803-1536x2048.jpg 1536w, https:\/\/cottage.cz\/wp-content\/uploads\/2024\/10\/20241023_160803-scaled.jpg 1920w\" data-sizes=\"(max-width: 768px) 100vw, 768px\" src=\"data:image\/svg+xml;base64,PHN2ZyB3aWR0aD0iMSIgaGVpZ2h0PSIxIiB4bWxucz0iaHR0cDovL3d3dy53My5vcmcvMjAwMC9zdmciPjwvc3ZnPg==\" style=\"--smush-placeholder-width: 768px; --smush-placeholder-aspect-ratio: 768\/1024;\" \/><\/figure>\n\n\n\n<figure class=\"wp-block-image size-large\"><img decoding=\"async\" width=\"768\" height=\"1024\" data-id=\"24228\" data-src=\"https:\/\/cottage.cz\/wp-content\/uploads\/2024\/11\/20241101_162437-768x1024.jpg\" alt=\"\" class=\"wp-image-24228 lazyload\" data-srcset=\"https:\/\/cottage.cz\/wp-content\/uploads\/2024\/11\/20241101_162437-768x1024.jpg 768w, https:\/\/cottage.cz\/wp-content\/uploads\/2024\/11\/20241101_162437-225x300.jpg 225w, https:\/\/cottage.cz\/wp-content\/uploads\/2024\/11\/20241101_162437-1152x1536.jpg 1152w, https:\/\/cottage.cz\/wp-content\/uploads\/2024\/11\/20241101_162437-1536x2048.jpg 1536w, https:\/\/cottage.cz\/wp-content\/uploads\/2024\/11\/20241101_162437-scaled.jpg 1920w\" data-sizes=\"(max-width: 768px) 100vw, 768px\" src=\"data:image\/svg+xml;base64,PHN2ZyB3aWR0aD0iMSIgaGVpZ2h0PSIxIiB4bWxucz0iaHR0cDovL3d3dy53My5vcmcvMjAwMC9zdmciPjwvc3ZnPg==\" style=\"--smush-placeholder-width: 768px; --smush-placeholder-aspect-ratio: 768\/1024;\" \/><\/figure>\n<\/figure>\n<\/div><\/div>\n\n\n\n<p>Hytte i Otu\u017eov\u00e1rna klubben. Den bruges til at skifte t\u00f8j, s\u00e6tte sig ned og lave en varm drik.<br>Adgang kun for klubmedlemmer.<\/p>\n\n\n\n<figure class=\"wp-block-gallery has-nested-images columns-default is-cropped wp-block-gallery-2 is-layout-flex wp-block-gallery-is-layout-flex\">\n<figure class=\"wp-block-image size-large\"><img decoding=\"async\" width=\"577\" height=\"1024\" data-id=\"22590\" data-src=\"https:\/\/cottage.cz\/wp-content\/uploads\/2024\/04\/20240329_104113-577x1024.jpg\" alt=\"\" class=\"wp-image-22590 lazyload\" data-srcset=\"https:\/\/cottage.cz\/wp-content\/uploads\/2024\/04\/20240329_104113-577x1024.jpg 577w, https:\/\/cottage.cz\/wp-content\/uploads\/2024\/04\/20240329_104113-169x300.jpg 169w, https:\/\/cottage.cz\/wp-content\/uploads\/2024\/04\/20240329_104113-768x1364.jpg 768w, https:\/\/cottage.cz\/wp-content\/uploads\/2024\/04\/20240329_104113-865x1536.jpg 865w, https:\/\/cottage.cz\/wp-content\/uploads\/2024\/04\/20240329_104113-1153x2048.jpg 1153w, https:\/\/cottage.cz\/wp-content\/uploads\/2024\/04\/20240329_104113-scaled.jpg 1441w\" data-sizes=\"(max-width: 577px) 100vw, 577px\" src=\"data:image\/svg+xml;base64,PHN2ZyB3aWR0aD0iMSIgaGVpZ2h0PSIxIiB4bWxucz0iaHR0cDovL3d3dy53My5vcmcvMjAwMC9zdmciPjwvc3ZnPg==\" style=\"--smush-placeholder-width: 577px; --smush-placeholder-aspect-ratio: 577\/1024;\" \/><\/figure>\n\n\n\n<figure class=\"wp-block-image size-large\"><img decoding=\"async\" width=\"577\" height=\"1024\" data-id=\"22585\" data-src=\"https:\/\/cottage.cz\/wp-content\/uploads\/2024\/04\/20231031_165529-1-577x1024.jpg\" alt=\"\" class=\"wp-image-22585 lazyload\" data-srcset=\"https:\/\/cottage.cz\/wp-content\/uploads\/2024\/04\/20231031_165529-1-577x1024.jpg 577w, https:\/\/cottage.cz\/wp-content\/uploads\/2024\/04\/20231031_165529-1-169x300.jpg 169w, https:\/\/cottage.cz\/wp-content\/uploads\/2024\/04\/20231031_165529-1-768x1364.jpg 768w, https:\/\/cottage.cz\/wp-content\/uploads\/2024\/04\/20231031_165529-1-865x1536.jpg 865w, https:\/\/cottage.cz\/wp-content\/uploads\/2024\/04\/20231031_165529-1-1153x2048.jpg 1153w, https:\/\/cottage.cz\/wp-content\/uploads\/2024\/04\/20231031_165529-1-scaled.jpg 1441w\" data-sizes=\"(max-width: 577px) 100vw, 577px\" src=\"data:image\/svg+xml;base64,PHN2ZyB3aWR0aD0iMSIgaGVpZ2h0PSIxIiB4bWxucz0iaHR0cDovL3d3dy53My5vcmcvMjAwMC9zdmciPjwvc3ZnPg==\" style=\"--smush-placeholder-width: 577px; --smush-placeholder-aspect-ratio: 577\/1024;\" \/><\/figure>\n\n\n\n<figure class=\"wp-block-image size-large\"><img decoding=\"async\" width=\"768\" height=\"1024\" data-id=\"10798\" data-src=\"https:\/\/cottage.cz\/wp-content\/uploads\/2023\/11\/157659df-f3df-4c67-8741-1dcf068ae923-768x1024.jpg\" alt=\"\" class=\"wp-image-10798 lazyload\" data-srcset=\"https:\/\/cottage.cz\/wp-content\/uploads\/2023\/11\/157659df-f3df-4c67-8741-1dcf068ae923-768x1024.jpg 768w, https:\/\/cottage.cz\/wp-content\/uploads\/2023\/11\/157659df-f3df-4c67-8741-1dcf068ae923-225x300.jpg 225w, https:\/\/cottage.cz\/wp-content\/uploads\/2023\/11\/157659df-f3df-4c67-8741-1dcf068ae923-1152x1536.jpg 1152w, https:\/\/cottage.cz\/wp-content\/uploads\/2023\/11\/157659df-f3df-4c67-8741-1dcf068ae923.jpg 1200w\" data-sizes=\"(max-width: 768px) 100vw, 768px\" src=\"data:image\/svg+xml;base64,PHN2ZyB3aWR0aD0iMSIgaGVpZ2h0PSIxIiB4bWxucz0iaHR0cDovL3d3dy53My5vcmcvMjAwMC9zdmciPjwvc3ZnPg==\" style=\"--smush-placeholder-width: 768px; --smush-placeholder-aspect-ratio: 768\/1024;\" \/><\/figure>\n<\/figure>\n\n\n\n<p>Behagelige beskedne siddepladser, madlavning (gaskomfur, drikkevand, grundl\u00e6ggende k\u00f8kkenredskaber). El-batteri 2kw med 220v udgang og mobil opladning. Muligt at sove p\u00e5 gulvet. Udend\u00f8rs t\u00f8rtoilet (camping) og badekar med vand.<\/p>\n\n\n\n<p>Saunaen i swimmingpoolen tjener til at varme krop og sj\u00e6l. Du kan straks afs\u00e6tte din sved direkte i Milano-s\u00f8en.<br>Adgang kun for klubmedlemmer.<\/p>\n\n\n\n<p>Vejledning og adgangskode her. (kun for klubmedlemmer)<\/p>\n\n\n\n<p><\/p>\n\n\n\n<p><\/p>\n\n\n\n<p><\/p>\n\n\n\n<p><\/p>\n","protected":false},"excerpt":{"rendered":"<p>Otu\u017eov\u00e1rna private klub tilbyder fred for dit helbred og afslapning. Elsker du at sk\u00e6rpe op? Du er lige her. Bliv F\u00d8RST medlem af klubben og s\u00e5 kan du deltage. Tilmelding og klubvedt\u00e6gt her. Hytte i Otu\u017eov\u00e1rna klubben. Den bruges til at skifte t\u00f8j, s\u00e6tte sig ned og lave en varm drik.Adgang kun for klubmedlemmer. Behagelige [&hellip;]<\/p>\n","protected":false},"author":2,"featured_media":23816,"parent":0,"menu_order":0,"comment_status":"closed","ping_status":"closed","template":"","meta":{"_monsterinsights_skip_tracking":false,"_monsterinsights_sitenote_active":false,"_monsterinsights_sitenote_note":"","_monsterinsights_sitenote_category":0,"ngg_post_thumbnail":0,"footnotes":""},"class_list":["post-24221","page","type-page","status-publish","has-post-thumbnail","hentry"],"aioseo_notices":[],"_links":{"self":[{"href":"https:\/\/cottage.cz\/da\/wp-json\/wp\/v2\/pages\/24221","targetHints":{"allow":["GET"]}}],"collection":[{"href":"https:\/\/cottage.cz\/da\/wp-json\/wp\/v2\/pages"}],"about":[{"href":"https:\/\/cottage.cz\/da\/wp-json\/wp\/v2\/types\/page"}],"author":[{"embeddable":true,"href":"https:\/\/cottage.cz\/da\/wp-json\/wp\/v2\/users\/2"}],"replies":[{"embeddable":true,"href":"https:\/\/cottage.cz\/da\/wp-json\/wp\/v2\/comments?post=24221"}],"version-history":[{"count":2,"href":"https:\/\/cottage.cz\/da\/wp-json\/wp\/v2\/pages\/24221\/revisions"}],"predecessor-version":[{"id":24233,"href":"https:\/\/cottage.cz\/da\/wp-json\/wp\/v2\/pages\/24221\/revisions\/24233"}],"wp:featuredmedia":[{"embeddable":true,"href":"https:\/\/cottage.cz\/da\/wp-json\/wp\/v2\/media\/23816"}],"wp:attachment":[{"href":"https:\/\/cottage.cz\/da\/wp-json\/wp\/v2\/media?parent=24221"}],"curies":[{"name":"wp","href":"https:\/\/api.w.org\/{rel}","templated":true}]}}