{"id":24201,"date":"2024-11-28T08:43:49","date_gmt":"2024-11-28T07:43:49","guid":{"rendered":"https:\/\/cottage.cz\/?page_id=24201"},"modified":"2024-11-28T08:43:50","modified_gmt":"2024-11-28T07:43:50","slug":"om-os-fra-tjekkisk-schweiz","status":"publish","type":"page","link":"https:\/\/cottage.cz\/da\/om-os-fra-tjekkisk-schweiz\/","title":{"rendered":"Om os fra Tjekkisk Schweiz"},"content":{"rendered":"<p style=\"text-align: center;\"><strong>Bohemian COTTAGE vision<\/strong><br \/>\nVi skaber et sted, der med sin unikke atmosf\u00e6re er en mulighed for at hvile, forny din styrke, skabe gode ideer og nye visioner. Et sted flettet sammen med det omkringliggende smukke landskab, som b\u00f8lger og forvandler sig ligesom vores indre verden. Dette er vores egen oplevelse og oplevelsen af \u200b\u200bdet sted, vi inviterer dig til. Vi tror p\u00e5, at naturen p\u00e5virker os og vores indre rammer gennem lys, landskab og et uendeligt antal farver og dufte&#8230;<\/p>\n<div class=\"embed-responsive embed-responsive-16by9\"><iframe class=\"embed-responsive-item lazyload\" data-src=\"https:\/\/www.youtube.com\/embed\/k-yAtkct39Q\" allowfullscreen=\"allowfullscreen\" src=\"data:image\/svg+xml;base64,PHN2ZyB3aWR0aD0iMSIgaGVpZ2h0PSIxIiB4bWxucz0iaHR0cDovL3d3dy53My5vcmcvMjAwMC9zdmciPjwvc3ZnPg==\" data-load-mode=\"1\"><\/iframe><\/div>\n<p style=\"text-align: center;\"><strong>Irena gennem sin mands \u00f8jne:<\/strong><br \/>\nHun er en ekstraordin\u00e6r kvinde, der kan alt! Hun har et smukt smil, et \u00e5bent hjerte, hun dufter af behagelig energi, hun forst\u00e5r at forsone sig, hun er venlig, modtagelig og st\u00f8ttende&#8230; men pas p\u00e5! N\u00e5r han ikke er enig med mig i noget, svigter han mig ikke! Min kone ser p\u00e5 verden med perspektiv, kan se det smukke, har sans for \u00e6stetik, skriver digte og dyrker yoga, hvis principper hun overs\u00e6tter til nutidens menneskers behov. Hun er musen, energien og inspirationen i Bohemian Cottage.<\/p>\n<p style=\"text-align: center;\"><strong>Ales gennem sin kones \u00f8jne:<\/strong><br \/>\nHan er en fremragende guide til den tjekkiske schweiziske nationalpark. Med sit unikke vid og sans for detaljer kan den fremtrylle en fantastisk turoplevelse i al slags vejr. Han er stavgangsinstrukt\u00f8r, en fremragende skater og skil\u00f8ber. Han holder af natur, rejser, sport, sauna, \u00f8l og kaffe p\u00e5 den lokale cafe Atelier. I stedet for et fitnesscenter hugger han ved og ser op til folk, der holder ord og er \u00e5bne for dialog. Han er meget \u00e6rlig efter sin mening, nogle gange for meget :-), hvilket har mere end bare fordele! Jeg respekterer Ale\u0161 som en mand, han er en fantastisk far for vores b\u00f8rn og byggestenen i Bohemian Cottage.<\/p>\n<p><img decoding=\"async\" class=\"aligncenter wp-image-10338 size-full lazyload\" data-src=\"https:\/\/www.cottage.cz\/wp-content\/uploads\/2023\/03\/Resize-of-28.jpg\" alt=\"\" width=\"1200\" height=\"800\" data-srcset=\"https:\/\/cottage.cz\/wp-content\/uploads\/2023\/03\/Resize-of-28.jpg 1200w, https:\/\/cottage.cz\/wp-content\/uploads\/2023\/03\/Resize-of-28-300x200.jpg 300w, https:\/\/cottage.cz\/wp-content\/uploads\/2023\/03\/Resize-of-28-1024x683.jpg 1024w, https:\/\/cottage.cz\/wp-content\/uploads\/2023\/03\/Resize-of-28-768x512.jpg 768w\" data-sizes=\"(max-width: 1200px) 100vw, 1200px\" src=\"data:image\/svg+xml;base64,PHN2ZyB3aWR0aD0iMSIgaGVpZ2h0PSIxIiB4bWxucz0iaHR0cDovL3d3dy53My5vcmcvMjAwMC9zdmciPjwvc3ZnPg==\" style=\"--smush-placeholder-width: 1200px; --smush-placeholder-aspect-ratio: 1200\/800;\" \/><\/p>\n<p>Adresse:<\/p>\n<p>Ale\u0161 Kubica og Irena Kubicov\u00e1<br \/>\nBohemisk HYTTE<br \/>\nKamenn\u00e1 Horka 15<br \/>\nKr\u00e1sn\u00e1 L\u00edpa 40746<br \/>\nMT: +420 736 224 222<br \/>\ne-mail: info@cottage.cz<br \/>\n\u00c5bningstider: Man-s\u00f8n 8-20<\/p>\n<p>Hvordan n\u00e5r du os?<br \/>\nFra Prag inden for 2 timer i bil. Praktisk via motorvej R35 Liberec og derefter i retning af D\u011b\u010d\u00edn p\u00e5 vej 13 efter Cvikov p\u00e5 vej 9 i retning af Rumburk, Kr\u00e1sn\u00e1 L\u00edpa<br \/>\nEn kortere (med hensyn til kilometer) men mere snoede rute tager D8-motorvejen med et sving til M\u011bln\u00edk og gennem \u010cesk\u00e1 L\u00edpa, eller med et sving til Roudnice n\/L og retning \u010cesk\u00e1 Kamenice, Kr\u00e1sn\u00e1 L\u00edpa.<\/p>\n<p>Fra Kr\u00e1sn\u00e1 L\u00edpa, K\u0159inick\u00e9 n\u00e1m\u011bst\u00ed, f\u00f8rer et gult turistskilt til os (1,5 km i retning mod Kamenn\u00e1 Horka). I bil f\u00f8lger du retningen mod landsbyen Doubice, og f\u00f8r du forlader Kr\u00e1sn\u00e1 L\u00edpa, skal du dreje til h\u00f8jre fra hovedvejen til Kamenna Horka. F\u00f8lg vores informationsskilte og forts\u00e6t ligeud ad Wolkerova Street.<\/p>\n<div><\/div>\n<p><iframe style=\"border: 0;\" data-src=\"https:\/\/www.google.com\/maps\/embed?pb=!1m18!1m12!1m3!1d10062.591005243657!2d14.48141225822315!3d50.911733576401495!2m3!1f0!2f0!3f0!3m2!1i1024!2i768!4f13.1!3m3!1m2!1s0x0%3A0xec13c5effa1710d4!2sBohemian+COTTAGE!5e0!3m2!1scs!2scz!4v1518546659736\" width=\"100%\" height=\"450\" frameborder=\"0\" allowfullscreen=\"allowfullscreen\" src=\"data:image\/svg+xml;base64,PHN2ZyB3aWR0aD0iMSIgaGVpZ2h0PSIxIiB4bWxucz0iaHR0cDovL3d3dy53My5vcmcvMjAwMC9zdmciPjwvc3ZnPg==\" class=\"lazyload\" data-load-mode=\"1\"><\/iframe><\/p>\n<div>\n<div class=\"gallery-1 gallery-wrapper columns-wrapper\"><div class=\"gallery-column\"><a class=\"gallery-item photoswipe-item\" data-caption=\"\" data-width=\"1920\" data-height=\"1080\" href=\"https:\/\/cottage.cz\/wp-content\/uploads\/2018\/02\/IMG_20170507_162902.jpg\" rel=\"lightbox[24201]\"><img decoding=\"async\" class=\"gallery-img-desktop lazyload\" data-src=\"https:\/\/cottage.cz\/wp-content\/uploads\/2018\/02\/IMG_20170507_162902-550x309.jpg\" alt=\"\" src=\"data:image\/svg+xml;base64,PHN2ZyB3aWR0aD0iMSIgaGVpZ2h0PSIxIiB4bWxucz0iaHR0cDovL3d3dy53My5vcmcvMjAwMC9zdmciPjwvc3ZnPg==\" style=\"--smush-placeholder-width: 550px; --smush-placeholder-aspect-ratio: 550\/309;\" \/><img decoding=\"async\" class=\"gallery-img-mobile lazyload\" data-src=\"https:\/\/cottage.cz\/wp-content\/uploads\/2018\/02\/IMG_20170507_162902-500x500.jpg\" alt=\"\" src=\"data:image\/svg+xml;base64,PHN2ZyB3aWR0aD0iMSIgaGVpZ2h0PSIxIiB4bWxucz0iaHR0cDovL3d3dy53My5vcmcvMjAwMC9zdmciPjwvc3ZnPg==\" style=\"--smush-placeholder-width: 500px; --smush-placeholder-aspect-ratio: 500\/500;\" \/><div class=\"gallery-enlarge\"><\/div><\/a><\/div><div class=\"gallery-column\"><a class=\"gallery-item photoswipe-item\" data-caption=\"\" data-width=\"800\" data-height=\"534\" href=\"https:\/\/cottage.cz\/wp-content\/uploads\/2012\/09\/11883061_1114966708526349_1287703639_o.jpg\" rel=\"lightbox[24201]\"><img decoding=\"async\" class=\"gallery-img-desktop lazyload\" data-src=\"https:\/\/cottage.cz\/wp-content\/uploads\/2012\/09\/11883061_1114966708526349_1287703639_o-550x309.jpg\" alt=\"\" src=\"data:image\/svg+xml;base64,PHN2ZyB3aWR0aD0iMSIgaGVpZ2h0PSIxIiB4bWxucz0iaHR0cDovL3d3dy53My5vcmcvMjAwMC9zdmciPjwvc3ZnPg==\" style=\"--smush-placeholder-width: 550px; --smush-placeholder-aspect-ratio: 550\/309;\" \/><img decoding=\"async\" class=\"gallery-img-mobile lazyload\" data-src=\"https:\/\/cottage.cz\/wp-content\/uploads\/2012\/09\/11883061_1114966708526349_1287703639_o-500x500.jpg\" alt=\"\" src=\"data:image\/svg+xml;base64,PHN2ZyB3aWR0aD0iMSIgaGVpZ2h0PSIxIiB4bWxucz0iaHR0cDovL3d3dy53My5vcmcvMjAwMC9zdmciPjwvc3ZnPg==\" style=\"--smush-placeholder-width: 500px; --smush-placeholder-aspect-ratio: 500\/500;\" \/><div class=\"gallery-enlarge\"><\/div><\/a><\/div><div class=\"gallery-column\"><a class=\"gallery-item photoswipe-item\" data-caption=\"\" data-width=\"800\" data-height=\"800\" href=\"https:\/\/cottage.cz\/wp-content\/uploads\/2012\/09\/nordic-walking-ales-kubica.jpg\" rel=\"lightbox[24201]\"><img decoding=\"async\" class=\"gallery-img-desktop lazyload\" data-src=\"https:\/\/cottage.cz\/wp-content\/uploads\/2012\/09\/nordic-walking-ales-kubica-550x309.jpg\" alt=\"\" src=\"data:image\/svg+xml;base64,PHN2ZyB3aWR0aD0iMSIgaGVpZ2h0PSIxIiB4bWxucz0iaHR0cDovL3d3dy53My5vcmcvMjAwMC9zdmciPjwvc3ZnPg==\" style=\"--smush-placeholder-width: 550px; --smush-placeholder-aspect-ratio: 550\/309;\" \/><img decoding=\"async\" class=\"gallery-img-mobile lazyload\" data-src=\"https:\/\/cottage.cz\/wp-content\/uploads\/2012\/09\/nordic-walking-ales-kubica-500x500.jpg\" alt=\"\" src=\"data:image\/svg+xml;base64,PHN2ZyB3aWR0aD0iMSIgaGVpZ2h0PSIxIiB4bWxucz0iaHR0cDovL3d3dy53My5vcmcvMjAwMC9zdmciPjwvc3ZnPg==\" style=\"--smush-placeholder-width: 500px; --smush-placeholder-aspect-ratio: 500\/500;\" \/><div class=\"gallery-enlarge\"><\/div><\/a><\/div><div class=\"gallery-column\"><a class=\"gallery-item photoswipe-item\" data-caption=\"\" data-width=\"800\" data-height=\"450\" href=\"https:\/\/cottage.cz\/wp-content\/uploads\/2012\/09\/IMG_20161229_111000.jpg\" rel=\"lightbox[24201]\"><img decoding=\"async\" class=\"gallery-img-desktop lazyload\" data-src=\"https:\/\/cottage.cz\/wp-content\/uploads\/2012\/09\/IMG_20161229_111000-550x309.jpg\" alt=\"\" src=\"data:image\/svg+xml;base64,PHN2ZyB3aWR0aD0iMSIgaGVpZ2h0PSIxIiB4bWxucz0iaHR0cDovL3d3dy53My5vcmcvMjAwMC9zdmciPjwvc3ZnPg==\" style=\"--smush-placeholder-width: 550px; --smush-placeholder-aspect-ratio: 550\/309;\" \/><img decoding=\"async\" class=\"gallery-img-mobile lazyload\" data-src=\"https:\/\/cottage.cz\/wp-content\/uploads\/2012\/09\/IMG_20161229_111000-500x500.jpg\" alt=\"\" src=\"data:image\/svg+xml;base64,PHN2ZyB3aWR0aD0iMSIgaGVpZ2h0PSIxIiB4bWxucz0iaHR0cDovL3d3dy53My5vcmcvMjAwMC9zdmciPjwvc3ZnPg==\" style=\"--smush-placeholder-width: 500px; --smush-placeholder-aspect-ratio: 500\/500;\" \/><div class=\"gallery-enlarge\"><\/div><\/a><\/div><div class=\"gallery-column\"><a class=\"gallery-item photoswipe-item\" data-caption=\"\" data-width=\"800\" data-height=\"450\" href=\"https:\/\/cottage.cz\/wp-content\/uploads\/2012\/09\/Papststein_2.jpg\" rel=\"lightbox[24201]\"><img decoding=\"async\" class=\"gallery-img-desktop lazyload\" data-src=\"https:\/\/cottage.cz\/wp-content\/uploads\/2012\/09\/Papststein_2-550x309.jpg\" alt=\"\" src=\"data:image\/svg+xml;base64,PHN2ZyB3aWR0aD0iMSIgaGVpZ2h0PSIxIiB4bWxucz0iaHR0cDovL3d3dy53My5vcmcvMjAwMC9zdmciPjwvc3ZnPg==\" style=\"--smush-placeholder-width: 550px; --smush-placeholder-aspect-ratio: 550\/309;\" \/><img decoding=\"async\" class=\"gallery-img-mobile lazyload\" data-src=\"https:\/\/cottage.cz\/wp-content\/uploads\/2012\/09\/Papststein_2-500x500.jpg\" alt=\"\" src=\"data:image\/svg+xml;base64,PHN2ZyB3aWR0aD0iMSIgaGVpZ2h0PSIxIiB4bWxucz0iaHR0cDovL3d3dy53My5vcmcvMjAwMC9zdmciPjwvc3ZnPg==\" style=\"--smush-placeholder-width: 500px; --smush-placeholder-aspect-ratio: 500\/500;\" \/><div class=\"gallery-enlarge\"><\/div><\/a><\/div><div class=\"gallery-column\"><a class=\"gallery-item photoswipe-item\" data-caption=\"\" data-width=\"600\" data-height=\"600\" href=\"https:\/\/cottage.cz\/wp-content\/uploads\/2012\/09\/2016-10-26-4.jpg\" rel=\"lightbox[24201]\"><img decoding=\"async\" class=\"gallery-img-desktop lazyload\" data-src=\"https:\/\/cottage.cz\/wp-content\/uploads\/2012\/09\/2016-10-26-4-550x309.jpg\" alt=\"\" src=\"data:image\/svg+xml;base64,PHN2ZyB3aWR0aD0iMSIgaGVpZ2h0PSIxIiB4bWxucz0iaHR0cDovL3d3dy53My5vcmcvMjAwMC9zdmciPjwvc3ZnPg==\" style=\"--smush-placeholder-width: 550px; --smush-placeholder-aspect-ratio: 550\/309;\" \/><img decoding=\"async\" class=\"gallery-img-mobile lazyload\" data-src=\"https:\/\/cottage.cz\/wp-content\/uploads\/2012\/09\/2016-10-26-4-500x500.jpg\" alt=\"\" src=\"data:image\/svg+xml;base64,PHN2ZyB3aWR0aD0iMSIgaGVpZ2h0PSIxIiB4bWxucz0iaHR0cDovL3d3dy53My5vcmcvMjAwMC9zdmciPjwvc3ZnPg==\" style=\"--smush-placeholder-width: 500px; --smush-placeholder-aspect-ratio: 500\/500;\" \/><div class=\"gallery-enlarge\"><\/div><\/a><\/div><div class=\"gallery-column\"><a class=\"gallery-item photoswipe-item\" data-caption=\"\" data-width=\"1953\" data-height=\"1375\" href=\"https:\/\/cottage.cz\/wp-content\/uploads\/2018\/02\/28060855_10215224261178649_6452511012752709962_o.jpg\" rel=\"lightbox[24201]\"><img decoding=\"async\" class=\"gallery-img-desktop lazyload\" data-src=\"https:\/\/cottage.cz\/wp-content\/uploads\/2018\/02\/28060855_10215224261178649_6452511012752709962_o-550x309.jpg\" alt=\"\" src=\"data:image\/svg+xml;base64,PHN2ZyB3aWR0aD0iMSIgaGVpZ2h0PSIxIiB4bWxucz0iaHR0cDovL3d3dy53My5vcmcvMjAwMC9zdmciPjwvc3ZnPg==\" style=\"--smush-placeholder-width: 550px; --smush-placeholder-aspect-ratio: 550\/309;\" \/><img decoding=\"async\" class=\"gallery-img-mobile lazyload\" data-src=\"https:\/\/cottage.cz\/wp-content\/uploads\/2018\/02\/28060855_10215224261178649_6452511012752709962_o-500x500.jpg\" alt=\"\" src=\"data:image\/svg+xml;base64,PHN2ZyB3aWR0aD0iMSIgaGVpZ2h0PSIxIiB4bWxucz0iaHR0cDovL3d3dy53My5vcmcvMjAwMC9zdmciPjwvc3ZnPg==\" style=\"--smush-placeholder-width: 500px; --smush-placeholder-aspect-ratio: 500\/500;\" \/><div class=\"gallery-enlarge\"><\/div><\/a><\/div><div class=\"gallery-column\"><a class=\"gallery-item photoswipe-item\" data-caption=\"\" data-width=\"1050\" data-height=\"700\" href=\"https:\/\/cottage.cz\/wp-content\/uploads\/2018\/02\/FB_IMG_1501669199903.jpg\" rel=\"lightbox[24201]\"><img decoding=\"async\" class=\"gallery-img-desktop lazyload\" data-src=\"https:\/\/cottage.cz\/wp-content\/uploads\/2018\/02\/FB_IMG_1501669199903-550x309.jpg\" alt=\"\" src=\"data:image\/svg+xml;base64,PHN2ZyB3aWR0aD0iMSIgaGVpZ2h0PSIxIiB4bWxucz0iaHR0cDovL3d3dy53My5vcmcvMjAwMC9zdmciPjwvc3ZnPg==\" style=\"--smush-placeholder-width: 550px; --smush-placeholder-aspect-ratio: 550\/309;\" \/><img decoding=\"async\" class=\"gallery-img-mobile lazyload\" data-src=\"https:\/\/cottage.cz\/wp-content\/uploads\/2018\/02\/FB_IMG_1501669199903-500x500.jpg\" alt=\"\" src=\"data:image\/svg+xml;base64,PHN2ZyB3aWR0aD0iMSIgaGVpZ2h0PSIxIiB4bWxucz0iaHR0cDovL3d3dy53My5vcmcvMjAwMC9zdmciPjwvc3ZnPg==\" style=\"--smush-placeholder-width: 500px; --smush-placeholder-aspect-ratio: 500\/500;\" \/><div class=\"gallery-enlarge\"><\/div><\/a><\/div><div class=\"gallery-column\"><a class=\"gallery-item photoswipe-item\" data-caption=\"\" data-width=\"960\" data-height=\"720\" href=\"https:\/\/cottage.cz\/wp-content\/uploads\/2018\/02\/IMG_20170806_151925.jpg\" rel=\"lightbox[24201]\"><img decoding=\"async\" class=\"gallery-img-desktop lazyload\" data-src=\"https:\/\/cottage.cz\/wp-content\/uploads\/2018\/02\/IMG_20170806_151925-550x309.jpg\" alt=\"\" src=\"data:image\/svg+xml;base64,PHN2ZyB3aWR0aD0iMSIgaGVpZ2h0PSIxIiB4bWxucz0iaHR0cDovL3d3dy53My5vcmcvMjAwMC9zdmciPjwvc3ZnPg==\" style=\"--smush-placeholder-width: 550px; --smush-placeholder-aspect-ratio: 550\/309;\" \/><img decoding=\"async\" class=\"gallery-img-mobile lazyload\" data-src=\"https:\/\/cottage.cz\/wp-content\/uploads\/2018\/02\/IMG_20170806_151925-500x500.jpg\" alt=\"\" src=\"data:image\/svg+xml;base64,PHN2ZyB3aWR0aD0iMSIgaGVpZ2h0PSIxIiB4bWxucz0iaHR0cDovL3d3dy53My5vcmcvMjAwMC9zdmciPjwvc3ZnPg==\" style=\"--smush-placeholder-width: 500px; --smush-placeholder-aspect-ratio: 500\/500;\" \/><div class=\"gallery-enlarge\"><\/div><\/a><\/div><div class=\"gallery-column\"><a class=\"gallery-item photoswipe-item\" data-caption=\"\" data-width=\"3984\" data-height=\"2988\" href=\"https:\/\/cottage.cz\/wp-content\/uploads\/2018\/02\/IMG_20170808_194026.jpg\" rel=\"lightbox[24201]\"><img decoding=\"async\" class=\"gallery-img-desktop lazyload\" data-src=\"https:\/\/cottage.cz\/wp-content\/uploads\/2018\/02\/IMG_20170808_194026-550x309.jpg\" alt=\"\" src=\"data:image\/svg+xml;base64,PHN2ZyB3aWR0aD0iMSIgaGVpZ2h0PSIxIiB4bWxucz0iaHR0cDovL3d3dy53My5vcmcvMjAwMC9zdmciPjwvc3ZnPg==\" style=\"--smush-placeholder-width: 550px; --smush-placeholder-aspect-ratio: 550\/309;\" \/><img decoding=\"async\" class=\"gallery-img-mobile lazyload\" data-src=\"https:\/\/cottage.cz\/wp-content\/uploads\/2018\/02\/IMG_20170808_194026-500x500.jpg\" alt=\"\" src=\"data:image\/svg+xml;base64,PHN2ZyB3aWR0aD0iMSIgaGVpZ2h0PSIxIiB4bWxucz0iaHR0cDovL3d3dy53My5vcmcvMjAwMC9zdmciPjwvc3ZnPg==\" style=\"--smush-placeholder-width: 500px; --smush-placeholder-aspect-ratio: 500\/500;\" \/><div class=\"gallery-enlarge\"><\/div><\/a><\/div><div class=\"gallery-column\"><a class=\"gallery-item photoswipe-item\" data-caption=\"\" data-width=\"1920\" data-height=\"1080\" href=\"https:\/\/cottage.cz\/wp-content\/uploads\/2018\/02\/IMG_20170624_170444.jpg\" rel=\"lightbox[24201]\"><img decoding=\"async\" class=\"gallery-img-desktop lazyload\" data-src=\"https:\/\/cottage.cz\/wp-content\/uploads\/2018\/02\/IMG_20170624_170444-550x309.jpg\" alt=\"\" src=\"data:image\/svg+xml;base64,PHN2ZyB3aWR0aD0iMSIgaGVpZ2h0PSIxIiB4bWxucz0iaHR0cDovL3d3dy53My5vcmcvMjAwMC9zdmciPjwvc3ZnPg==\" style=\"--smush-placeholder-width: 550px; --smush-placeholder-aspect-ratio: 550\/309;\" \/><img decoding=\"async\" class=\"gallery-img-mobile lazyload\" data-src=\"https:\/\/cottage.cz\/wp-content\/uploads\/2018\/02\/IMG_20170624_170444-500x500.jpg\" alt=\"\" src=\"data:image\/svg+xml;base64,PHN2ZyB3aWR0aD0iMSIgaGVpZ2h0PSIxIiB4bWxucz0iaHR0cDovL3d3dy53My5vcmcvMjAwMC9zdmciPjwvc3ZnPg==\" style=\"--smush-placeholder-width: 500px; --smush-placeholder-aspect-ratio: 500\/500;\" \/><div class=\"gallery-enlarge\"><\/div><\/a><\/div><div class=\"gallery-column\"><a class=\"gallery-item photoswipe-item\" data-caption=\"\" data-width=\"3264\" data-height=\"2448\" href=\"https:\/\/cottage.cz\/wp-content\/uploads\/2018\/10\/IMG_20181013_114801.jpg\" rel=\"lightbox[24201]\"><img decoding=\"async\" class=\"gallery-img-desktop lazyload\" data-src=\"https:\/\/cottage.cz\/wp-content\/uploads\/2018\/10\/IMG_20181013_114801-550x309.jpg\" alt=\"\" src=\"data:image\/svg+xml;base64,PHN2ZyB3aWR0aD0iMSIgaGVpZ2h0PSIxIiB4bWxucz0iaHR0cDovL3d3dy53My5vcmcvMjAwMC9zdmciPjwvc3ZnPg==\" style=\"--smush-placeholder-width: 550px; --smush-placeholder-aspect-ratio: 550\/309;\" \/><img decoding=\"async\" class=\"gallery-img-mobile lazyload\" data-src=\"https:\/\/cottage.cz\/wp-content\/uploads\/2018\/10\/IMG_20181013_114801-500x500.jpg\" alt=\"\" src=\"data:image\/svg+xml;base64,PHN2ZyB3aWR0aD0iMSIgaGVpZ2h0PSIxIiB4bWxucz0iaHR0cDovL3d3dy53My5vcmcvMjAwMC9zdmciPjwvc3ZnPg==\" style=\"--smush-placeholder-width: 500px; --smush-placeholder-aspect-ratio: 500\/500;\" \/><div class=\"gallery-enlarge\"><\/div><\/a><\/div><style type=\"text\/css\">.gallery-1 .gallery-column { width: 33.33%; padding-bottom: 18.75%; }.gallery-1 { margin-left: -0px; margin-right: -0px; }.gallery-1 .gallery-item {bottom: 0px;left: 0px;right: 0px;top: 0px;}<\/style><\/div>\n<\/div>\n","protected":false},"excerpt":{"rendered":"<p>Bohemian COTTAGE vision Vi skaber et sted, der med sin unikke atmosf\u00e6re er en mulighed for at hvile, forny din styrke, skabe gode ideer og nye visioner. Et sted flettet sammen med det omkringliggende smukke landskab, som b\u00f8lger og forvandler sig ligesom vores indre verden. Dette er vores egen oplevelse og oplevelsen af \u200b\u200bdet sted, [&hellip;]<\/p>\n","protected":false},"author":2,"featured_media":24219,"parent":0,"menu_order":0,"comment_status":"closed","ping_status":"closed","template":"","meta":{"_monsterinsights_skip_tracking":false,"_monsterinsights_sitenote_active":false,"_monsterinsights_sitenote_note":"","_monsterinsights_sitenote_category":0,"ngg_post_thumbnail":0,"footnotes":""},"class_list":["post-24201","page","type-page","status-publish","has-post-thumbnail","hentry"],"aioseo_notices":[],"_links":{"self":[{"href":"https:\/\/cottage.cz\/da\/wp-json\/wp\/v2\/pages\/24201","targetHints":{"allow":["GET"]}}],"collection":[{"href":"https:\/\/cottage.cz\/da\/wp-json\/wp\/v2\/pages"}],"about":[{"href":"https:\/\/cottage.cz\/da\/wp-json\/wp\/v2\/types\/page"}],"author":[{"embeddable":true,"href":"https:\/\/cottage.cz\/da\/wp-json\/wp\/v2\/users\/2"}],"replies":[{"embeddable":true,"href":"https:\/\/cottage.cz\/da\/wp-json\/wp\/v2\/comments?post=24201"}],"version-history":[{"count":1,"href":"https:\/\/cottage.cz\/da\/wp-json\/wp\/v2\/pages\/24201\/revisions"}],"predecessor-version":[{"id":24202,"href":"https:\/\/cottage.cz\/da\/wp-json\/wp\/v2\/pages\/24201\/revisions\/24202"}],"wp:featuredmedia":[{"embeddable":true,"href":"https:\/\/cottage.cz\/da\/wp-json\/wp\/v2\/media\/24219"}],"wp:attachment":[{"href":"https:\/\/cottage.cz\/da\/wp-json\/wp\/v2\/media?parent=24201"}],"curies":[{"name":"wp","href":"https:\/\/api.w.org\/{rel}","templated":true}]}}