{"id":23472,"date":"2024-05-31T09:10:09","date_gmt":"2024-05-31T07:10:09","guid":{"rendered":"https:\/\/cottage.cz\/?page_id=23472"},"modified":"2025-06-02T10:48:25","modified_gmt":"2025-06-02T08:48:25","slug":"mad","status":"publish","type":"page","link":"https:\/\/cottage.cz\/da\/mad\/","title":{"rendered":"Mad"},"content":{"rendered":"<p>Vores tilbud inkluderer bedstemors morgenkurve, som vores rigtige mormor k\u00e6rligt vil forberede til dig.<br \/>\nVi tilbyder vegetarisk catering til <a href=\"https:\/\/cottage.cz\/da\/fest\/\">gruppearrangementer<\/a>.<\/p>\n<p>Bedstemors morgenmadskurve<\/p>\n<p>Pris: 600-1200 CZK\/kurv<\/p>\n<p>Vores bedstemor vil k\u00e6rligt tilberede en vidunderlig morgenmad til dig. Du finder en morgenmadskurv hver morgen uden for d\u00f8ren til din lejlighed, s\u00e5 du kan spise morgenmad til enhver tid. Varme varianter er i termiske beholdere. Alt er friskt, vi udv\u00e6lger r\u00e5varer i henhold til regionale og g\u00e5rdkapaciteter. Hver kurv (mindre-st\u00f8rre) er en l\u00e6kker morgenmad til 2-4 personer.<\/p>\n<p>Sammens\u00e6tningen af \u200b\u200bkurven er en overraskelse. Vegetarisk version mulig. Du kan finde alle slags delikatesser der: hjemmelavet dessert (rundstykker eller kage, kage, honningkager&#8230;), friskbagt varer fra et lokalt bageri<br \/>\nost, skinke, hjemmelavede \u00e6g p\u00e5 forskellige m\u00e5der, g\u00e5rdsm\u00f8r, marmelade, hjemmelavet sm\u00f8rep\u00e5l\u00e6g,<br \/>\net glas m\u00fcsli (havregryn eller andre flager, hytteost, frugt), havregryn, \u00e5rstidens frugt, en sk\u00e5l n\u00f8dder og fr\u00f8<\/p>\n<p><strong>Morgenmad bestilles ved reservation.<\/strong><\/p>\nngg_shortcode_0_placeholder\n","protected":false},"excerpt":{"rendered":"<p>Vores tilbud inkluderer bedstemors morgenkurve, som vores rigtige mormor k\u00e6rligt vil forberede til dig. Vi tilbyder vegetarisk catering til gruppearrangementer. Bedstemors morgenmadskurve Pris: 600-1200 CZK\/kurv Vores bedstemor vil k\u00e6rligt tilberede en vidunderlig morgenmad til dig. Du finder en morgenmadskurv hver morgen uden for d\u00f8ren til din lejlighed, s\u00e5 du kan spise morgenmad til enhver tid. [&hellip;]<\/p>\n","protected":false},"author":2,"featured_media":26283,"parent":0,"menu_order":0,"comment_status":"closed","ping_status":"closed","template":"","meta":{"_monsterinsights_skip_tracking":false,"_monsterinsights_sitenote_active":false,"_monsterinsights_sitenote_note":"","_monsterinsights_sitenote_category":0,"ngg_post_thumbnail":0,"footnotes":""},"class_list":["post-23472","page","type-page","status-publish","has-post-thumbnail","hentry"],"aioseo_notices":[],"_links":{"self":[{"href":"https:\/\/cottage.cz\/da\/wp-json\/wp\/v2\/pages\/23472","targetHints":{"allow":["GET"]}}],"collection":[{"href":"https:\/\/cottage.cz\/da\/wp-json\/wp\/v2\/pages"}],"about":[{"href":"https:\/\/cottage.cz\/da\/wp-json\/wp\/v2\/types\/page"}],"author":[{"embeddable":true,"href":"https:\/\/cottage.cz\/da\/wp-json\/wp\/v2\/users\/2"}],"replies":[{"embeddable":true,"href":"https:\/\/cottage.cz\/da\/wp-json\/wp\/v2\/comments?post=23472"}],"version-history":[{"count":3,"href":"https:\/\/cottage.cz\/da\/wp-json\/wp\/v2\/pages\/23472\/revisions"}],"predecessor-version":[{"id":26729,"href":"https:\/\/cottage.cz\/da\/wp-json\/wp\/v2\/pages\/23472\/revisions\/26729"}],"wp:featuredmedia":[{"embeddable":true,"href":"https:\/\/cottage.cz\/da\/wp-json\/wp\/v2\/media\/26283"}],"wp:attachment":[{"href":"https:\/\/cottage.cz\/da\/wp-json\/wp\/v2\/media?parent=23472"}],"curies":[{"name":"wp","href":"https:\/\/api.w.org\/{rel}","templated":true}]}}