{"id":22818,"date":"2024-04-18T16:06:25","date_gmt":"2024-04-18T14:06:25","guid":{"rendered":"https:\/\/cottage.cz\/?page_id=22818"},"modified":"2025-08-29T08:51:49","modified_gmt":"2025-08-29T06:51:49","slug":"charging-station","status":"publish","type":"page","link":"https:\/\/cottage.cz\/da\/charging-station\/","title":{"rendered":"Charging station"},"content":{"rendered":"\n<p>Til vores g\u00e6ster har vi et trefaset ladekabel til r\u00e5dighed designet til opladning af elbiler med en maksimal str\u00f8m p\u00e5 32 og en ydelse p\u00e5 22 kW. EV-kabel er en slags fleksibelt kabel til elbilforbindelse med Type 2-stik \/ It&#8217;s heavenly.<\/p>\n\n\n\n<p>Opladningsgebyr: 300 CZK<\/p>\n\n\n\n<figure class=\"wp-block-gallery has-nested-images columns-default is-cropped wp-block-gallery-1 is-layout-flex wp-block-gallery-is-layout-flex\">\n<figure class=\"wp-block-image size-large\"><img decoding=\"async\" width=\"768\" height=\"1024\" data-id=\"10681\" data-src=\"https:\/\/www.cottage.cz\/wp-content\/uploads\/2023\/09\/20230911_102649-768x1024.jpg\" alt=\"\" class=\"wp-image-10681 lazyload\" data-srcset=\"https:\/\/cottage.cz\/wp-content\/uploads\/2023\/09\/20230911_102649-768x1024.jpg 768w, https:\/\/cottage.cz\/wp-content\/uploads\/2023\/09\/20230911_102649-225x300.jpg 225w, https:\/\/cottage.cz\/wp-content\/uploads\/2023\/09\/20230911_102649-1152x1536.jpg 1152w, https:\/\/cottage.cz\/wp-content\/uploads\/2023\/09\/20230911_102649-1536x2048.jpg 1536w, https:\/\/cottage.cz\/wp-content\/uploads\/2023\/09\/20230911_102649-1320x1760.jpg 1320w, https:\/\/cottage.cz\/wp-content\/uploads\/2023\/09\/20230911_102649-scaled.jpg 1920w\" data-sizes=\"(max-width: 768px) 100vw, 768px\" src=\"data:image\/svg+xml;base64,PHN2ZyB3aWR0aD0iMSIgaGVpZ2h0PSIxIiB4bWxucz0iaHR0cDovL3d3dy53My5vcmcvMjAwMC9zdmciPjwvc3ZnPg==\" style=\"--smush-placeholder-width: 768px; --smush-placeholder-aspect-ratio: 768\/1024;\" \/><figcaption class=\"wp-element-caption\">recharge<\/figcaption><\/figure>\n\n\n\n<figure class=\"wp-block-image size-large\"><img decoding=\"async\" width=\"768\" height=\"1024\" data-id=\"10507\" data-src=\"https:\/\/www.cottage.cz\/wp-content\/uploads\/2023\/07\/IMG_9124-768x1024.jpg\" alt=\"\" class=\"wp-image-10507 lazyload\" data-srcset=\"https:\/\/cottage.cz\/wp-content\/uploads\/2023\/07\/IMG_9124-768x1024.jpg 768w, https:\/\/cottage.cz\/wp-content\/uploads\/2023\/07\/IMG_9124-225x300.jpg 225w, https:\/\/cottage.cz\/wp-content\/uploads\/2023\/07\/IMG_9124-1152x1536.jpg 1152w, https:\/\/cottage.cz\/wp-content\/uploads\/2023\/07\/IMG_9124-1536x2048.jpg 1536w, https:\/\/cottage.cz\/wp-content\/uploads\/2023\/07\/IMG_9124-1320x1760.jpg 1320w, https:\/\/cottage.cz\/wp-content\/uploads\/2023\/07\/IMG_9124-scaled.jpg 1920w\" data-sizes=\"(max-width: 768px) 100vw, 768px\" src=\"data:image\/svg+xml;base64,PHN2ZyB3aWR0aD0iMSIgaGVpZ2h0PSIxIiB4bWxucz0iaHR0cDovL3d3dy53My5vcmcvMjAwMC9zdmciPjwvc3ZnPg==\" style=\"--smush-placeholder-width: 768px; --smush-placeholder-aspect-ratio: 768\/1024;\" \/><\/figure>\n<\/figure>\n","protected":false},"excerpt":{"rendered":"<p>Til vores g\u00e6ster har vi et trefaset ladekabel til r\u00e5dighed designet til opladning af elbiler med en maksimal str\u00f8m p\u00e5 32 og en ydelse p\u00e5 22 kW. EV-kabel er en slags fleksibelt kabel til elbilforbindelse med Type 2-stik \/ It&#8217;s heavenly. Opladningsgebyr: 300 CZK<\/p>\n","protected":false},"author":2,"featured_media":22820,"parent":0,"menu_order":0,"comment_status":"closed","ping_status":"closed","template":"","meta":{"_monsterinsights_skip_tracking":false,"_monsterinsights_sitenote_active":false,"_monsterinsights_sitenote_note":"","_monsterinsights_sitenote_category":0,"ngg_post_thumbnail":0,"footnotes":""},"class_list":["post-22818","page","type-page","status-publish","has-post-thumbnail","hentry"],"aioseo_notices":[],"_links":{"self":[{"href":"https:\/\/cottage.cz\/da\/wp-json\/wp\/v2\/pages\/22818","targetHints":{"allow":["GET"]}}],"collection":[{"href":"https:\/\/cottage.cz\/da\/wp-json\/wp\/v2\/pages"}],"about":[{"href":"https:\/\/cottage.cz\/da\/wp-json\/wp\/v2\/types\/page"}],"author":[{"embeddable":true,"href":"https:\/\/cottage.cz\/da\/wp-json\/wp\/v2\/users\/2"}],"replies":[{"embeddable":true,"href":"https:\/\/cottage.cz\/da\/wp-json\/wp\/v2\/comments?post=22818"}],"version-history":[{"count":2,"href":"https:\/\/cottage.cz\/da\/wp-json\/wp\/v2\/pages\/22818\/revisions"}],"predecessor-version":[{"id":27498,"href":"https:\/\/cottage.cz\/da\/wp-json\/wp\/v2\/pages\/22818\/revisions\/27498"}],"wp:featuredmedia":[{"embeddable":true,"href":"https:\/\/cottage.cz\/da\/wp-json\/wp\/v2\/media\/22820"}],"wp:attachment":[{"href":"https:\/\/cottage.cz\/da\/wp-json\/wp\/v2\/media?parent=22818"}],"curies":[{"name":"wp","href":"https:\/\/api.w.org\/{rel}","templated":true}]}}